{"id":47216,"date":"2025-04-10T12:06:56","date_gmt":"2025-04-10T10:06:56","guid":{"rendered":"https:\/\/myspainfood.com\/producto\/gulas-arlequinitos\/"},"modified":"2025-08-20T15:02:21","modified_gmt":"2025-08-20T13:02:21","slug":"gulas-arlequinitos","status":"publish","type":"product","link":"https:\/\/myspainfood.com\/da\/producto\/gulas-arlequinitos\/","title":{"rendered":"Arlequinitos Arlequin 230 gram"},"content":{"rendered":"<p>Arlequinitos de <a href=\"https:\/\/conservasarlequin.com\/arlequin\/\" target=\"_blank\" rel=\"noopener noreferrer nofollow\">Arlequ\u00edn<\/a> er et h\u00e5ndlavet konserveret produkt.<\/p>\n<p><strong>Netto\/ekstruderet v\u00e6gt: <\/strong>230g\/110g<\/p>\n<p><strong>Holdbarhed:<\/strong> 5 \u00e5r<\/p>\n<p><strong>Bevaring:<\/strong> Milj\u00f8<\/p>\n<p>Conservas <a href=\"https:\/\/latiendadesami.com\/marca\/arlequin\/\" target=\"_blank\" rel=\"noopener noreferrer nofollow\">Arlequ\u00edns<\/a> mission er at tilbyde et godt produkt, den bedste service og et bredt udvalg af fiskekonserves til den bedste pris.<\/p>\n<p>De har ogs\u00e5 specialiseret sig i ansjoser, ansjoser, ansjoser, bonito, gulfinnet tun, muslinger, makrel, gulas arlequinitos og sardinillas.<\/p>\n<p>For eksempel sagde Comidista i avisen El Pa\u00eds om ventrescaen: &#8220;Den er s\u00e5 bl\u00f8d, n\u00e6sten cremet, at man f\u00e5r lyst til at gifte sig med den og leve lykkeligt, indtil Herren tager dig&#8221;.<\/p>\n<h4>De vigtigste fordele ved d\u00e5semad<\/h4>\n<ol>\n<li>De bevarer alle de ern\u00e6ringsm\u00e6ssige egenskaber i selve maden. Maden bevarer sin friskhed. <\/li>\n<li>De anvendte f\u00f8devarer er sunde og derfor velegnede til en optimal kost p\u00e5 grund af deres h\u00f8je vitamin- og proteinindhold.<\/li>\n<li>Disse produkter har en l\u00e6ngere levetid (2-5 \u00e5r er typisk).<\/li>\n<li>Konserverne er meget nemme at opbevare, da deres emballage er nem at anvende.<\/li>\n<\/ol>\n<p>Hvis du vil k\u00f8be tun eller andre former for <a href=\"https:\/\/latiendadesami.com\/categoria-producto\/conservas\/\" rel=\"noopener noreferrer nofollow\" target=\"_blank\">d\u00e5semad<\/a>, s\u00e5 t\u00f8v ikke med at tage et kig p\u00e5 vores onlinekatalog for at se det store udvalg af <a href=\"https:\/\/latiendadesami.com\/categoria-producto\/conservas\/atun-y-bonito\/\" target=\"_blank\" rel=\"noopener noreferrer nofollow\">tun<\/a>, vi har.<\/p>\n<p>Skriv til os for mere information.<\/p>\n","protected":false},"excerpt":{"rendered":"<p>Arlequinitos de Arlequ\u00edn er et h\u00e5ndlavet konserveret produkt. Netto\/ekstruderet v\u00e6gt: 230g\/110g Holdbarhed: 5 \u00e5r Bevaring: Milj\u00f8 Conservas Arlequ\u00edns mission er at tilbyde et godt produkt, den bedste service og et bredt udvalg af fiskekonserves til den bedste pris. De har ogs\u00e5 specialiseret sig i ansjoser, ansjoser, ansjoser, bonito, gulfinnet tun, muslinger, makrel, gulas arlequinitos og [&hellip;]<\/p>\n","protected":false},"featured_media":47222,"template":"","meta":{"_et_pb_use_builder":"","_et_pb_old_content":"","_et_gb_content_width":""},"product_brand":[1162],"product_cat":[1648],"product_tag":[],"class_list":{"0":"post-47216","1":"product","2":"type-product","3":"status-publish","4":"has-post-thumbnail","6":"product_brand-arlequin","7":"product_cat-konserves","9":"first","10":"outofstock","11":"taxable","12":"shipping-taxable","13":"purchasable","14":"product-type-variable"},"_links":{"self":[{"href":"https:\/\/myspainfood.com\/da\/wp-json\/wp\/v2\/product\/47216","targetHints":{"allow":["GET"]}}],"collection":[{"href":"https:\/\/myspainfood.com\/da\/wp-json\/wp\/v2\/product"}],"about":[{"href":"https:\/\/myspainfood.com\/da\/wp-json\/wp\/v2\/types\/product"}],"wp:featuredmedia":[{"embeddable":true,"href":"https:\/\/myspainfood.com\/da\/wp-json\/wp\/v2\/media\/47222"}],"wp:attachment":[{"href":"https:\/\/myspainfood.com\/da\/wp-json\/wp\/v2\/media?parent=47216"}],"wp:term":[{"taxonomy":"product_brand","embeddable":true,"href":"https:\/\/myspainfood.com\/da\/wp-json\/wp\/v2\/product_brand?post=47216"},{"taxonomy":"product_cat","embeddable":true,"href":"https:\/\/myspainfood.com\/da\/wp-json\/wp\/v2\/product_cat?post=47216"},{"taxonomy":"product_tag","embeddable":true,"href":"https:\/\/myspainfood.com\/da\/wp-json\/wp\/v2\/product_tag?post=47216"}],"curies":[{"name":"wp","href":"https:\/\/api.w.org\/{rel}","templated":true}]}}