{"id":47373,"date":"2025-04-10T12:06:58","date_gmt":"2025-04-10T10:06:58","guid":{"rendered":"https:\/\/myspainfood.com\/producto\/mini-baby-boenner\/"},"modified":"2025-08-30T08:34:17","modified_gmt":"2025-08-30T06:34:17","slug":"mini-baby-boenner","status":"publish","type":"product","link":"https:\/\/myspainfood.com\/da\/producto\/mini-baby-boenner\/","title":{"rendered":"Mini baby-b\u00f8nner"},"content":{"rendered":"<p>De mini-babyb\u00f8nner, der produceres af <a href=\"https:\/\/www.alsurvegetales.com\/producto\/id\/12\/habas-frita-mini-baby\" target=\"_blank\" rel=\"noopener noreferrer nofollow\">Alsur<\/a>, h\u00f8stes i h\u00e5nden for at garantere maksimal kvalitet.<\/p>\n<p>Produktet udv\u00e6lges p\u00e5 grund af sin st\u00f8rrelse og p\u00e5 det ideelle modningstidspunkt, s\u00e5 man opn\u00e5r den h\u00f8jeste kvalitet af smag og finhed i skindet.<\/p>\n<p>Derfor bruges kun 8 % af den h\u00f8stede afgr\u00f8de til den endelige emballering, hvor olivenolien fungerer som konserveringsmiddel.<\/p>\n<p>Opbevares p\u00e5 et k\u00f8ligt, t\u00f8rt sted. N\u00e5r den er \u00e5bnet, skal den nedk\u00f8les og forbruges inden for 7 dage. <\/p>\n<p>Ingredienser: Ekstrafine b\u00f8nner, jomfruolivenolie (31%), salt og citronsyre som syrningsmiddel.<\/p>\n<p>Alsur er en familievirksomhed, hvor essensen af mad er hovedpersonen.<\/p>\n<h4>De vigtigste fordele ved d\u00e5semad<\/h4>\n<ol>\n<li>De bevarer alle de ern\u00e6ringsm\u00e6ssige egenskaber i selve maden. Maden bevarer sin friskhed. <\/li>\n<li>De anvendte f\u00f8devarer er sunde og derfor velegnede til en optimal kost p\u00e5 grund af deres h\u00f8je vitamin- og proteinindhold.<\/li>\n<li>Disse produkter har en l\u00e6ngere levetid (2-5 \u00e5r er typisk).<\/li>\n<li>Konserverne er meget nemme at opbevare, da deres emballage er nem at anvende.<\/li>\n<\/ol>\n<p>Hvis du vil k\u00f8be babyb\u00f8nner med tun eller en anden type <a href=\"https:\/\/latiendadesami.com\/categoria-producto\/conservas\/\" rel=\"noopener noreferrer nofollow\" target=\"_blank\">d\u00e5semad<\/a>, s\u00e5 t\u00f8v ikke med at kigge i vores onlinekatalog for at se det store udvalg af <a href=\"https:\/\/latiendadesami.com\/categoria-producto\/conservas\/atun-y-bonito\/\" target=\"_blank\" rel=\"noopener noreferrer nofollow\">tun<\/a>, vi har.<\/p>\n<p>Skriv til os for mere information.<\/p>\n","protected":false},"excerpt":{"rendered":"<p>Sm\u00e5 hesteb\u00f8nner<\/p>\n","protected":false},"featured_media":47379,"template":"","meta":{"_et_pb_use_builder":"","_et_pb_old_content":"","_et_gb_content_width":""},"product_brand":[1196],"product_cat":[3729,1648],"product_tag":[],"class_list":{"0":"post-47373","1":"product","2":"type-product","3":"status-publish","4":"has-post-thumbnail","6":"product_brand-alsur","7":"product_cat-grontsager","8":"product_cat-konserves","10":"first","11":"instock","12":"taxable","13":"shipping-taxable","14":"product-type-variable"},"_links":{"self":[{"href":"https:\/\/myspainfood.com\/da\/wp-json\/wp\/v2\/product\/47373","targetHints":{"allow":["GET"]}}],"collection":[{"href":"https:\/\/myspainfood.com\/da\/wp-json\/wp\/v2\/product"}],"about":[{"href":"https:\/\/myspainfood.com\/da\/wp-json\/wp\/v2\/types\/product"}],"wp:featuredmedia":[{"embeddable":true,"href":"https:\/\/myspainfood.com\/da\/wp-json\/wp\/v2\/media\/47379"}],"wp:attachment":[{"href":"https:\/\/myspainfood.com\/da\/wp-json\/wp\/v2\/media?parent=47373"}],"wp:term":[{"taxonomy":"product_brand","embeddable":true,"href":"https:\/\/myspainfood.com\/da\/wp-json\/wp\/v2\/product_brand?post=47373"},{"taxonomy":"product_cat","embeddable":true,"href":"https:\/\/myspainfood.com\/da\/wp-json\/wp\/v2\/product_cat?post=47373"},{"taxonomy":"product_tag","embeddable":true,"href":"https:\/\/myspainfood.com\/da\/wp-json\/wp\/v2\/product_tag?post=47373"}],"curies":[{"name":"wp","href":"https:\/\/api.w.org\/{rel}","templated":true}]}}