{"id":48673,"date":"2025-04-10T12:07:47","date_gmt":"2025-04-10T10:07:47","guid":{"rendered":"https:\/\/myspainfood.com\/producto\/manzanilla-4-kg-242-aperitif\/"},"modified":"2025-04-10T12:07:47","modified_gmt":"2025-04-10T10:07:47","slug":"manzanilla-4-kg-242-aperitif","status":"publish","type":"product","link":"https:\/\/myspainfood.com\/da\/producto\/manzanilla-4-kg-242-aperitif\/","title":{"rendered":"Manzanilla 4 kg 242 aperitif"},"content":{"rendered":"<p>Navnet &#8216;manzanilla&#8217; er givet til forskellige sorter af oliventr\u00e6er (Olea europaea). Dette navn gives ogs\u00e5 til den frugt eller oliven, de producerer. De vigtigste sorter er manzanilla sevillana, manzanilla cacere\u00f1a og manzanilla alore\u00f1a.    <\/p>\n","protected":false},"excerpt":{"rendered":"<p>Navnet &#8216;manzanilla&#8217; er givet til forskellige sorter af oliventr\u00e6er (Olea europaea). Dette navn gives ogs\u00e5 til den frugt eller oliven, de producerer. De vigtigste sorter er manzanilla sevillana, manzanilla cacere\u00f1a og manzanilla alore\u00f1a.<\/p>\n","protected":false},"featured_media":48675,"template":"","meta":{"_et_pb_use_builder":"","_et_pb_old_content":"","_et_gb_content_width":""},"product_brand":[1069],"product_cat":[1654,1647],"product_tag":[2039],"class_list":{"0":"post-48673","1":"product","2":"type-product","3":"status-publish","4":"has-post-thumbnail","6":"product_brand-sangar","7":"product_cat-oliven-da","8":"product_cat-pickles-da","9":"product_tag-kamille","11":"first","12":"outofstock","13":"taxable","14":"shipping-taxable","15":"purchasable","16":"product-type-simple"},"_links":{"self":[{"href":"https:\/\/myspainfood.com\/da\/wp-json\/wp\/v2\/product\/48673","targetHints":{"allow":["GET"]}}],"collection":[{"href":"https:\/\/myspainfood.com\/da\/wp-json\/wp\/v2\/product"}],"about":[{"href":"https:\/\/myspainfood.com\/da\/wp-json\/wp\/v2\/types\/product"}],"wp:featuredmedia":[{"embeddable":true,"href":"https:\/\/myspainfood.com\/da\/wp-json\/wp\/v2\/media\/48675"}],"wp:attachment":[{"href":"https:\/\/myspainfood.com\/da\/wp-json\/wp\/v2\/media?parent=48673"}],"wp:term":[{"taxonomy":"product_brand","embeddable":true,"href":"https:\/\/myspainfood.com\/da\/wp-json\/wp\/v2\/product_brand?post=48673"},{"taxonomy":"product_cat","embeddable":true,"href":"https:\/\/myspainfood.com\/da\/wp-json\/wp\/v2\/product_cat?post=48673"},{"taxonomy":"product_tag","embeddable":true,"href":"https:\/\/myspainfood.com\/da\/wp-json\/wp\/v2\/product_tag?post=48673"}],"curies":[{"name":"wp","href":"https:\/\/api.w.org\/{rel}","templated":true}]}}