{"id":48883,"date":"2025-04-10T12:08:43","date_gmt":"2025-04-10T10:08:43","guid":{"rendered":"https:\/\/myspainfood.com\/producto\/mavefileter-900gr-oti\/"},"modified":"2025-04-10T12:08:43","modified_gmt":"2025-04-10T10:08:43","slug":"mavefileter-900gr-oti","status":"publish","type":"product","link":"https:\/\/myspainfood.com\/da\/producto\/mavefileter-900gr-oti\/","title":{"rendered":"Mavefileter 900gr OTI"},"content":{"rendered":"<p>Ventresca-fileter 900 g er et naturprodukt, der er fremstillet p\u00e5 <a href=\"http:\/\/www.conservasoti.es\/paginas\/historia.html\" target=\"_blank\" rel=\"noopener noreferrer nofollow\">traditionel<\/a> vis.<\/p>\n<p>Opbevares p\u00e5 et k\u00f8ligt, t\u00f8rt sted.<\/p>\n<p>N\u00e5r den er \u00e5bnet, overf\u00f8res den til en passende beholder og opbevares i k\u00f8leskabet d\u00e6kket af emballagev\u00e6sken i h\u00f8jst 48 timer.<\/p>\n<p>Conservas Oti er en virksomhed med en familietradition, hvis gode arbejde er g\u00e5et i arv fra generation til generation.<\/p>\n<p>Familiens h\u00e5rde arbejde og indsats har i h\u00f8j grad gjort det muligt for <span class=\"negrita\">Conservas Oti<\/span> at vokse og udvide.<\/p>\n<p>De vigtigste forretningsomr\u00e5der er From the Sea, From the Land og From the Farm.<\/p>\n<p>Fra havet: Muslinger, Ventresca, Sardinillas, Melva&#8230; Stykker af Ventresca 900gr <\/p>\n<p>Lokale produkter omfatter: m\u00e6lkekik\u00e6rter, hvide kidneyb\u00f8nner, pintob\u00f8nner, pardinalinser&#8230;<\/p>\n<p>Fra g\u00e5rden: Ren f\u00e5reost, ib\u00e9rico skinke fra agern, ib\u00e9rico salchich\u00f3n fra agern, ib\u00e9rico chorizo fra agern,&#8230;<\/p>\n<h4>De vigtigste fordele ved d\u00e5semad<\/h4>\n<ol>\n<li>De bevarer alle de ern\u00e6ringsm\u00e6ssige egenskaber i selve maden. Maden bevarer sin friskhed. <\/li>\n<li>De anvendte f\u00f8devarer er sunde og derfor velegnede til en optimal kost p\u00e5 grund af deres h\u00f8je vitamin- og proteinindhold.<\/li>\n<li>Disse produkter har en l\u00e6ngere levetid (2-5 \u00e5r er typisk).<\/li>\n<li>Konserverne er meget nemme at opbevare, da deres emballage er nem at anvende.<\/li>\n<\/ol>\n<p>Hvis du vil k\u00f8be Ventresca-fileter 900 g eller en anden type <a href=\"https:\/\/latiendadesami.com\/categoria-producto\/conservas\/\" rel=\"noopener noreferrer nofollow\" target=\"_blank\">d\u00e5semad<\/a>, skal du ikke t\u00f8ve med at kigge i vores onlinekatalog for at se det store udvalg af <a href=\"https:\/\/latiendadesami.com\/categoria-producto\/conservas\/atun-y-bonito\/\" target=\"_blank\" rel=\"noopener noreferrer nofollow\">tun<\/a>, vi har.<\/p>\n<p>Skriv til os for mere information.<\/p>\n","protected":false},"excerpt":{"rendered":"<p>Ventresca-fileter 900 g er et naturprodukt, der er fremstillet p\u00e5 traditionel vis. Opbevares p\u00e5 et k\u00f8ligt, t\u00f8rt sted. N\u00e5r den er \u00e5bnet, overf\u00f8res den til en passende beholder og opbevares i k\u00f8leskabet d\u00e6kket af emballagev\u00e6sken i h\u00f8jst 48 timer. Conservas Oti er en virksomhed med en familietradition, hvis gode arbejde er g\u00e5et i arv fra [&hellip;]<\/p>\n","protected":false},"featured_media":48888,"template":"","meta":{"_et_pb_use_builder":"","_et_pb_old_content":"","_et_gb_content_width":""},"product_brand":[1075],"product_cat":[1648,4298,3475],"product_tag":[],"class_list":{"0":"post-48883","1":"product","2":"type-product","3":"status-publish","4":"has-post-thumbnail","6":"product_brand-oti","7":"product_cat-konserves","8":"product_cat-tun-og-bonito","9":"product_cat-ventresca-da","11":"first","12":"instock","13":"taxable","14":"shipping-taxable","15":"purchasable","16":"product-type-variable"},"_links":{"self":[{"href":"https:\/\/myspainfood.com\/da\/wp-json\/wp\/v2\/product\/48883","targetHints":{"allow":["GET"]}}],"collection":[{"href":"https:\/\/myspainfood.com\/da\/wp-json\/wp\/v2\/product"}],"about":[{"href":"https:\/\/myspainfood.com\/da\/wp-json\/wp\/v2\/types\/product"}],"wp:featuredmedia":[{"embeddable":true,"href":"https:\/\/myspainfood.com\/da\/wp-json\/wp\/v2\/media\/48888"}],"wp:attachment":[{"href":"https:\/\/myspainfood.com\/da\/wp-json\/wp\/v2\/media?parent=48883"}],"wp:term":[{"taxonomy":"product_brand","embeddable":true,"href":"https:\/\/myspainfood.com\/da\/wp-json\/wp\/v2\/product_brand?post=48883"},{"taxonomy":"product_cat","embeddable":true,"href":"https:\/\/myspainfood.com\/da\/wp-json\/wp\/v2\/product_cat?post=48883"},{"taxonomy":"product_tag","embeddable":true,"href":"https:\/\/myspainfood.com\/da\/wp-json\/wp\/v2\/product_tag?post=48883"}],"curies":[{"name":"wp","href":"https:\/\/api.w.org\/{rel}","templated":true}]}}