{"id":49049,"date":"2025-04-10T12:09:49","date_gmt":"2025-04-10T10:09:49","guid":{"rendered":"https:\/\/myspainfood.com\/producto\/120-und-artiskokhjerter-naturlige-10-14-ekstra-frugter\/"},"modified":"2025-04-10T12:09:49","modified_gmt":"2025-04-10T10:09:49","slug":"120-und-artiskokhjerter-naturlige-10-14-ekstra-frugter","status":"publish","type":"product","link":"https:\/\/myspainfood.com\/da\/producto\/120-und-artiskokhjerter-naturlige-10-14-ekstra-frugter\/","title":{"rendered":"120 und Artiskokhjerter, naturlige 10\/14 ekstra frugter"},"content":{"rendered":"<p>Artichoke Hearts natural 10\/14 extra fruits er et naturligt produkt, der er fremstillet p\u00e5 en <a href=\"http:\/\/www.conservasoti.es\/paginas\/historia.html\" target=\"_blank\" rel=\"noopener noreferrer nofollow\">h\u00e5ndv\u00e6rksm\u00e6ssig<\/a> m\u00e5de.<\/p>\n<p>Ingredienser: Artiskokker, vand, salt, syrningsmiddel: citronsyre og antioxidant: ascorbinsyre.<\/p>\n<p>Conservas Oti er en virksomhed med en familietradition, hvis gode arbejde er g\u00e5et i arv fra generation til generation.<\/p>\n<p>Familiens h\u00e5rde arbejde og indsats har i h\u00f8j grad gjort det muligt for <span class=\"negrita\">Conservas Oti<\/span> at vokse og udvide.<\/p>\n<p>De vigtigste forretningsomr\u00e5der er From the Sea, From the Land og From the Farm.<\/p>\n<p>Fra havet: Muslinger, Ventresca, Sardinillas, Melva&#8230;<\/p>\n<p>Lokale produkter omfatter: m\u00e6lkekik\u00e6rter, hvide kidneyb\u00f8nner, pintob\u00f8nner, pardinalinser&#8230; Artiskokhjerter, naturlige 10\/14 ekstra frugter <\/p>\n<p>Fra g\u00e5rden: Ren f\u00e5reost, ib\u00e9rico skinke fra agern, ib\u00e9rico salchich\u00f3n fra agern, ib\u00e9rico chorizo fra agern,&#8230;<\/p>\n<h4>De vigtigste fordele ved d\u00e5semad<\/h4>\n<ol>\n<li>De bevarer alle de ern\u00e6ringsm\u00e6ssige egenskaber i selve maden. Maden bevarer sin friskhed. <\/li>\n<li>De anvendte f\u00f8devarer er sunde og derfor velegnede til en optimal kost p\u00e5 grund af deres h\u00f8je vitamin- og proteinindhold.<\/li>\n<li>Disse produkter har en l\u00e6ngere levetid (2-5 \u00e5r er typisk).<\/li>\n<li>Konserverne er meget nemme at opbevare, da deres emballage er nem at anvende.<\/li>\n<\/ol>\n<p>Hvis du vil k\u00f8be tun eller andre former for <a href=\"https:\/\/latiendadesami.com\/categoria-producto\/conservas\/\" rel=\"noopener noreferrer nofollow\" target=\"_blank\">d\u00e5semad<\/a>, s\u00e5 t\u00f8v ikke med at tage et kig p\u00e5 vores onlinekatalog for at se det store udvalg af <a href=\"https:\/\/latiendadesami.com\/categoria-producto\/conservas\/atun-y-bonito\/\" target=\"_blank\" rel=\"noopener noreferrer nofollow\">tun<\/a>, vi har.<\/p>\n<p>Skriv til os for mere information.<\/p>\n","protected":false},"excerpt":{"rendered":"<p>Artiskokhjerter, naturlige 10\/14 ekstra frugter<\/p>\n","protected":false},"featured_media":47026,"template":"","meta":{"_et_pb_use_builder":"","_et_pb_old_content":"","_et_gb_content_width":""},"product_brand":[1075],"product_cat":[4772,3052,1648],"product_tag":[4773],"class_list":{"0":"post-49049","1":"product","2":"type-product","3":"status-publish","4":"has-post-thumbnail","6":"product_brand-oti","7":"product_cat-artiskokker","8":"product_cat-engroshandel-da","9":"product_cat-konserves","10":"product_tag-hjerter-da","12":"first","13":"outofstock","14":"taxable","15":"shipping-taxable","16":"purchasable","17":"product-type-simple"},"_links":{"self":[{"href":"https:\/\/myspainfood.com\/da\/wp-json\/wp\/v2\/product\/49049","targetHints":{"allow":["GET"]}}],"collection":[{"href":"https:\/\/myspainfood.com\/da\/wp-json\/wp\/v2\/product"}],"about":[{"href":"https:\/\/myspainfood.com\/da\/wp-json\/wp\/v2\/types\/product"}],"wp:featuredmedia":[{"embeddable":true,"href":"https:\/\/myspainfood.com\/da\/wp-json\/wp\/v2\/media\/47026"}],"wp:attachment":[{"href":"https:\/\/myspainfood.com\/da\/wp-json\/wp\/v2\/media?parent=49049"}],"wp:term":[{"taxonomy":"product_brand","embeddable":true,"href":"https:\/\/myspainfood.com\/da\/wp-json\/wp\/v2\/product_brand?post=49049"},{"taxonomy":"product_cat","embeddable":true,"href":"https:\/\/myspainfood.com\/da\/wp-json\/wp\/v2\/product_cat?post=49049"},{"taxonomy":"product_tag","embeddable":true,"href":"https:\/\/myspainfood.com\/da\/wp-json\/wp\/v2\/product_tag?post=49049"}],"curies":[{"name":"wp","href":"https:\/\/api.w.org\/{rel}","templated":true}]}}