{"id":49085,"date":"2025-04-10T12:09:50","date_gmt":"2025-04-10T10:09:50","guid":{"rendered":"https:\/\/myspainfood.com\/producto\/auberginestykker-la-encajera-almagro-700-gram-120-enheder\/"},"modified":"2025-04-10T12:09:50","modified_gmt":"2025-04-10T10:09:50","slug":"auberginestykker-la-encajera-almagro-700-gram-120-enheder","status":"publish","type":"product","link":"https:\/\/myspainfood.com\/da\/producto\/auberginestykker-la-encajera-almagro-700-gram-120-enheder\/","title":{"rendered":"Auberginestykker la Encajera almagro 700 gram 120 enheder"},"content":{"rendered":"<p>Hakket aubergine er stjerneingrediensen i <a href=\"https:\/\/www.laencajera.es\/berenjenas-de-almagro\" target=\"_blank\" rel=\"noopener noreferrer nofollow\">Almagro-salater<\/a>. M\u00e6rk den traditionelle smag i hver eneste bid. <\/p>\n<p>Den serveres som regel som forret eller i retter med ske. Hakkede auberginer stammer fra Castilla la Mancha i Spanien. <\/p>\n<p>Ingredienser: Aubergine &#8220;De Almagro&#8221;, vand, salt, eddike af alkohol, citronsyre (E-330), calciumklorid (E-509), natriummetabisulfit, spidskommen, paprika, naturlig fennikel, m\u00e6lkesyre (E-270).<\/p>\n<p>Bevaringsbetingelser:<\/p>\n<p>Opbevares p\u00e5 et k\u00f8ligt, t\u00f8rt sted mellem 3\u00baC og 10\u00baC. Beskyt mod sollys og st\u00e6rke lugte. <\/p>\n<p>N\u00e5r den er \u00e5bnet, skal den opbevares p\u00e5 k\u00f8l og forbruges inden for 30 dage.<\/p>\n<p>Hvis du vil k\u00f8be oliven eller andre typer <a href=\"https:\/\/latiendadesami.com\/categoria-producto\/encurtidos\/\" rel=\"noopener noreferrer nofollow\" target=\"_blank\">pickles<\/a>, s\u00e5 t\u00f8v ikke med at kigge i vores onlinekatalog for at se det store udvalg af <a href=\"https:\/\/latiendadesami.com\/categoria-producto\/encurtidos\/berenjenas\/\" target=\"_blank\" rel=\"noopener noreferrer nofollow\">auberginer<\/a>, vi har.<\/p>\n<p>M\u00e6rket er La Encajonera, en familievirksomhed, der blev grundlagt i 1990 og ligger i hjertet af La Mancha, i byen ALMAGRO i provinsen Ciudad Real.<\/p>\n<p>Fremstillingsprocessen for produkterne starter i det samme dyrkningsomr\u00e5de, hvor man udv\u00e6lger det bedste kvalitetsprodukt.<\/p>\n<p>Fabrikken er udstyret med den mest avancerede teknologi, samtidig med at den bevarer h\u00e5ndv\u00e6rkernes tradition og knowhow.<\/p>\n","protected":false},"excerpt":{"rendered":"<p>Stjerneingrediensen i Almagro-salater. M\u00e6rk den traditionelle smag i hver eneste bid. Den serveres normalt som forret eller i kombination med ske-retter.  <\/p>\n","protected":false},"featured_media":23117,"template":"","meta":{"_et_pb_use_builder":"","_et_pb_old_content":"","_et_gb_content_width":""},"product_brand":[1057],"product_cat":[2106,3052,1647],"product_tag":[4162],"class_list":{"0":"post-49085","1":"product","2":"type-product","3":"status-publish","4":"has-post-thumbnail","6":"product_brand-la-encajera","7":"product_cat-auberginer","8":"product_cat-engroshandel-da","9":"product_cat-pickles-da","10":"product_tag-hakket-da","12":"first","13":"outofstock","14":"taxable","15":"shipping-taxable","16":"purchasable","17":"product-type-simple"},"_links":{"self":[{"href":"https:\/\/myspainfood.com\/da\/wp-json\/wp\/v2\/product\/49085","targetHints":{"allow":["GET"]}}],"collection":[{"href":"https:\/\/myspainfood.com\/da\/wp-json\/wp\/v2\/product"}],"about":[{"href":"https:\/\/myspainfood.com\/da\/wp-json\/wp\/v2\/types\/product"}],"wp:featuredmedia":[{"embeddable":true,"href":"https:\/\/myspainfood.com\/da\/wp-json\/wp\/v2\/media\/23117"}],"wp:attachment":[{"href":"https:\/\/myspainfood.com\/da\/wp-json\/wp\/v2\/media?parent=49085"}],"wp:term":[{"taxonomy":"product_brand","embeddable":true,"href":"https:\/\/myspainfood.com\/da\/wp-json\/wp\/v2\/product_brand?post=49085"},{"taxonomy":"product_cat","embeddable":true,"href":"https:\/\/myspainfood.com\/da\/wp-json\/wp\/v2\/product_cat?post=49085"},{"taxonomy":"product_tag","embeddable":true,"href":"https:\/\/myspainfood.com\/da\/wp-json\/wp\/v2\/product_tag?post=49085"}],"curies":[{"name":"wp","href":"https:\/\/api.w.org\/{rel}","templated":true}]}}