{"id":49136,"date":"2025-04-10T12:09:58","date_gmt":"2025-04-10T10:09:58","guid":{"rendered":"https:\/\/myspainfood.com\/producto\/3-karafler-pr-kasse-ekstra-jomfruolivenolie-valdezarza-2\/"},"modified":"2025-07-31T16:47:53","modified_gmt":"2025-07-31T14:47:53","slug":"3-karafler-pr-kasse-ekstra-jomfruolivenolie-valdezarza-2","status":"publish","type":"product","link":"https:\/\/myspainfood.com\/da\/producto\/3-karafler-pr-kasse-ekstra-jomfruolivenolie-valdezarza-2\/","title":{"rendered":"3 karafler pr. kasse Ekstra jomfruolivenolie VALDEZARZA"},"content":{"rendered":"<p>Valdezarza Extra Virgin Olive Oil 5l er en ekstra jomfruolivenolie af h\u00f8j kvalitet, fremstillet direkte af oliven og kun ved hj\u00e6lp af mekaniske procedurer.<\/p>\n<p>Valdezarza ligger i hjertet af Montes de Toledo (Spanien) og har et integreret \u00f8kosystem af olivenlunde og natur.<\/p>\n<p>Den bedste olivensaft er lavet af oliven: <a href=\"https:\/\/aceitesvaldezarza.com\/quienes-somos\/\" target=\"_blank\" rel=\"noopener noreferrer nofollow\">VALDEZARZA<\/a> ekstra jomfruolivenolie.<\/p>\n<p>Valdezarza Estate ligger i kommunen San Mart\u00edn de Montalb\u00e1n, geografisk integreret i Montes de Toledo.<\/p>\n<p>Med et areal p\u00e5 700 hektar betragtes det meste af dette land som beskyttet middelhavsskov og et kontrolleret \u00f8kosystem.<\/p>\n<p>Dette sted er en del af projektet for genindf\u00f8relse af den iberiske los, og du kan nyde spektakul\u00e6re billeder af flere losser, der hviler sig under oliventr\u00e6erne.<\/p>\n<p>Deres emballageanl\u00e6g giver dem st\u00f8rre kontrol over hele kredsl\u00f8bet fra oliventr\u00e6 til emballage.<\/p>\n<p>Derudover har denne virksomhed reelle forsknings-, udviklings- og implementeringsprojekter som Messor-projektet.<\/p>\n<p>Hvis du vil k\u00f8be <a href=\"https:\/\/latiendadesami.com\/categoria-producto\/aceite\/\" rel=\"noopener noreferrer nofollow\" target=\"_blank\">olie<\/a>, s\u00e5 t\u00f8v ikke med at tage et kig p\u00e5 vores onlinekatalog for at se det store udvalg af produkter, vi har, s\u00e5som Valdezarza Extra Virgin Olive Oil 5l.<\/p>\n<p>Skriv til os for at f\u00e5 flere oplysninger om vores f\u00f8devarer.<\/p>\n","protected":false},"excerpt":{"rendered":"<p>Valdezarza Extra Virgin Olive Oil 5l er en ekstra jomfruolivenolie af h\u00f8j kvalitet, fremstillet direkte af oliven og kun ved hj\u00e6lp af mekaniske procedurer. Valdezarza ligger i hjertet af Montes de Toledo (Spanien) og har et integreret \u00f8kosystem af olivenlunde og natur. Den bedste olivensaft er lavet af oliven: VALDEZARZA ekstra jomfruolivenolie. Valdezarza Estate ligger [&hellip;]<\/p>\n","protected":false},"featured_media":27077,"template":"","meta":{"_et_pb_use_builder":"","_et_pb_old_content":"","_et_gb_content_width":""},"product_brand":[1221],"product_cat":[3052,7415],"product_tag":[2607],"class_list":{"0":"post-49136","1":"product","2":"type-product","3":"status-publish","4":"has-post-thumbnail","6":"product_brand-valdezarza","7":"product_cat-engroshandel-da","8":"product_cat-olie-da-2","9":"product_tag-olie-da","11":"first","12":"outofstock","13":"featured","14":"taxable","15":"shipping-taxable","16":"purchasable","17":"product-type-simple"},"_links":{"self":[{"href":"https:\/\/myspainfood.com\/da\/wp-json\/wp\/v2\/product\/49136","targetHints":{"allow":["GET"]}}],"collection":[{"href":"https:\/\/myspainfood.com\/da\/wp-json\/wp\/v2\/product"}],"about":[{"href":"https:\/\/myspainfood.com\/da\/wp-json\/wp\/v2\/types\/product"}],"wp:featuredmedia":[{"embeddable":true,"href":"https:\/\/myspainfood.com\/da\/wp-json\/wp\/v2\/media\/27077"}],"wp:attachment":[{"href":"https:\/\/myspainfood.com\/da\/wp-json\/wp\/v2\/media?parent=49136"}],"wp:term":[{"taxonomy":"product_brand","embeddable":true,"href":"https:\/\/myspainfood.com\/da\/wp-json\/wp\/v2\/product_brand?post=49136"},{"taxonomy":"product_cat","embeddable":true,"href":"https:\/\/myspainfood.com\/da\/wp-json\/wp\/v2\/product_cat?post=49136"},{"taxonomy":"product_tag","embeddable":true,"href":"https:\/\/myspainfood.com\/da\/wp-json\/wp\/v2\/product_tag?post=49136"}],"curies":[{"name":"wp","href":"https:\/\/api.w.org\/{rel}","templated":true}]}}