{"id":49152,"date":"2025-04-10T12:10:00","date_gmt":"2025-04-10T10:10:00","guid":{"rendered":"https:\/\/myspainfood.com\/producto\/alino-de-mi-pueblo-chicon-oliven-900-gram-pakke-6-stk\/"},"modified":"2025-04-10T12:10:00","modified_gmt":"2025-04-10T10:10:00","slug":"alino-de-mi-pueblo-chicon-oliven-900-gram-pakke-6-stk","status":"publish","type":"product","link":"https:\/\/myspainfood.com\/da\/producto\/alino-de-mi-pueblo-chicon-oliven-900-gram-pakke-6-stk\/","title":{"rendered":"Ali\u00f1o de mi pueblo Chic\u00f3n oliven 900 gram pakke 6 stk."},"content":{"rendered":"<p>&#8220;Ali\u00f1o de mi Pueblo&#8221; <strong>manzanilla-oliven<\/strong> er <a href=\"https:\/\/aceitunaschiconlebron.com\/catalogo-productos\/comprar-aceitunas\/deshuesadas\/\" target=\"_blank\" rel=\"noopener noreferrer nofollow\">udstenede<\/a> <strong>oliven<\/strong>, der er krydret med de bedste ingredienser efter en traditionel opskrift.<\/p>\n<p>Brugen af naturlige krydderier og temperaturkontrol er hemmeligheden bag den s\u00e6rlige smag af disse oliven.<\/p>\n<p>Ali\u00f1o de mi pueblo-oliven er bl\u00f8d, og det saftige frugtk\u00f8d giver den en umiskendelig smag.<\/p>\n<p>De hjemmelavede <a href=\"https:\/\/latiendadesami.com\/categoria-producto\/encurtidos\/\" target=\"_blank\" rel=\"noopener noreferrer nofollow\">syltede<\/a> oliven, der er lagt i saltlage og behandlet for at reducere deres surhedsgrad, er et almindeligt syn p\u00e5 mange terrasser og restauranter.<\/p>\n<h3>Fordele ved Ali\u00f1o de mi Pueblo-oliven<\/h3>\n<p>Kendte du til de mange fordele ved disse <strong>oliven<\/strong>? De er meget effektive til at forebygge hjerte- og kredsl\u00f8bssygdomme generelt. <\/p>\n<p>Det skyldes det h\u00f8je indhold af um\u00e6ttede fedtstoffer. Derudover er det en f\u00f8devare, der indeholder meget jern og fibre og er meget m\u00e6ttende, hvilket g\u00f8r det til et perfekt mellemm\u00e5ltid. <\/p>\n<p>Hvis du vil k\u00f8be oliven eller andre former for <a href=\"https:\/\/latiendadesami.com\/categoria-producto\/encurtidos\/\" rel=\"noopener noreferrer nofollow\" target=\"_blank\">syltede f\u00f8devarer<\/a>, s\u00e5 t\u00f8v ikke med at tage et kig p\u00e5 vores onlinekatalog for at se det store udvalg af <a href=\"https:\/\/latiendadesami.com\/categoria-producto\/encurtidos\/aceitunas\/\" target=\"_blank\" rel=\"noopener noreferrer nofollow\">oliven<\/a>, vi har.<\/p>\n","protected":false},"excerpt":{"rendered":"<p>&#8220;Ali\u00f1o de mi Pueblo&#8221; manzanilla-oliven er udstenede oliven, der er krydret med de bedste ingredienser efter en traditionel opskrift. Brugen af naturlige krydderier og temperaturkontrol er hemmeligheden bag den s\u00e6rlige smag af disse oliven. Ali\u00f1o de mi pueblo-oliven er bl\u00f8d, og det saftige frugtk\u00f8d giver den en umiskendelig smag. De hjemmelavede syltede oliven, der er [&hellip;]<\/p>\n","protected":false},"featured_media":49158,"template":"","meta":{"_et_pb_use_builder":"","_et_pb_old_content":"","_et_gb_content_width":""},"product_brand":[1036],"product_cat":[3052,3172],"product_tag":[9930],"class_list":{"0":"post-49152","1":"product","2":"type-product","3":"status-publish","4":"has-post-thumbnail","6":"product_brand-chicon","7":"product_cat-engroshandel-da","8":"product_cat-pickles-da-2","9":"product_tag-landsby-da","11":"first","12":"instock","13":"taxable","14":"shipping-taxable","15":"purchasable","16":"product-type-variable"},"_links":{"self":[{"href":"https:\/\/myspainfood.com\/da\/wp-json\/wp\/v2\/product\/49152","targetHints":{"allow":["GET"]}}],"collection":[{"href":"https:\/\/myspainfood.com\/da\/wp-json\/wp\/v2\/product"}],"about":[{"href":"https:\/\/myspainfood.com\/da\/wp-json\/wp\/v2\/types\/product"}],"wp:featuredmedia":[{"embeddable":true,"href":"https:\/\/myspainfood.com\/da\/wp-json\/wp\/v2\/media\/49158"}],"wp:attachment":[{"href":"https:\/\/myspainfood.com\/da\/wp-json\/wp\/v2\/media?parent=49152"}],"wp:term":[{"taxonomy":"product_brand","embeddable":true,"href":"https:\/\/myspainfood.com\/da\/wp-json\/wp\/v2\/product_brand?post=49152"},{"taxonomy":"product_cat","embeddable":true,"href":"https:\/\/myspainfood.com\/da\/wp-json\/wp\/v2\/product_cat?post=49152"},{"taxonomy":"product_tag","embeddable":true,"href":"https:\/\/myspainfood.com\/da\/wp-json\/wp\/v2\/product_tag?post=49152"}],"curies":[{"name":"wp","href":"https:\/\/api.w.org\/{rel}","templated":true}]}}