{"id":50610,"date":"2025-05-21T08:44:03","date_gmt":"2025-05-21T06:44:03","guid":{"rendered":"https:\/\/myspainfood.com\/producto\/kamille-med-ben-900-gr-chicon\/"},"modified":"2026-01-29T12:58:36","modified_gmt":"2026-01-29T11:58:36","slug":"kamille-med-ben-900-gr-chicon","status":"publish","type":"product","link":"https:\/\/myspainfood.com\/da\/producto\/kamille-med-ben-900-gr-chicon\/","title":{"rendered":"Kamille med ben 900 gr Chic\u00f3n"},"content":{"rendered":"<p>Hele Manzanilla-oliven med sten bevarer deres oprindelige form, s\u00e5 stenen bliver inde i frugten.<\/p>\n<p>Det anbefales at opbevare disse hele oliven p\u00e5 et k\u00f8ligt, t\u00f8rt sted, v\u00e6k fra sollys.<\/p>\n<h3>Fordele ved Manzanilla-oliven med <a href=\"https:\/\/aceitunaschiconlebron.com\/catalogo-productos\/comprar-aceitunas\/deshuesadas\/\" target=\"_blank\" rel=\"noopener noreferrer nofollow\">Chic\u00f3n-kerner<\/a><\/h3>\n<p>Kendte du til de mange fordele ved disse oliven? De er meget effektive til at forebygge hjerte- og kredsl\u00f8bssygdomme generelt. <\/p>\n<p>Det skyldes det h\u00f8je indhold af um\u00e6ttede fedtstoffer. Derudover er det en f\u00f8devare, der indeholder meget jern og fibre og er meget m\u00e6ttende, hvilket g\u00f8r den til et perfekt mellemm\u00e5ltid. <\/p>\n<p>Hvis du vil k\u00f8be oliven eller andre former for <a href=\"https:\/\/latiendadesami.com\/categoria-producto\/encurtidos\/\" rel=\"noopener noreferrer nofollow\" target=\"_blank\">syltede f\u00f8devarer<\/a>, s\u00e5 t\u00f8v ikke med at tage et kig p\u00e5 vores onlinekatalog for at se det store udvalg af <a href=\"https:\/\/latiendadesami.com\/categoria-producto\/encurtidos\/aceitunas\/\" target=\"_blank\" rel=\"noopener noreferrer nofollow\">oliven<\/a>, vi har.<\/p>\n","protected":false},"excerpt":{"rendered":"<p>Hele Manzanilla-oliven med sten bevarer deres oprindelige form, s\u00e5 stenen bliver inde i frugten. Det anbefales at opbevare disse hele oliven p\u00e5 et k\u00f8ligt, t\u00f8rt sted, v\u00e6k fra sollys. Fordele ved Manzanilla-oliven med Chic\u00f3n-kerner Kendte du til de mange fordele ved disse oliven? De er meget effektive til at forebygge hjerte- og kredsl\u00f8bssygdomme generelt. Det [&hellip;]<\/p>\n","protected":false},"featured_media":50332,"template":"","meta":{"_et_pb_use_builder":"","_et_pb_old_content":"","_et_gb_content_width":""},"product_brand":[1036],"product_cat":[1654,1647],"product_tag":[2039,10022],"class_list":{"0":"post-50610","1":"product","2":"type-product","3":"status-publish","4":"has-post-thumbnail","6":"product_brand-chicon","7":"product_cat-oliven-da","8":"product_cat-pickles-da","9":"product_tag-kamille","10":"product_tag-med-knogle","12":"first","13":"instock","14":"taxable","15":"shipping-taxable","16":"purchasable","17":"product-type-variable"},"_links":{"self":[{"href":"https:\/\/myspainfood.com\/da\/wp-json\/wp\/v2\/product\/50610","targetHints":{"allow":["GET"]}}],"collection":[{"href":"https:\/\/myspainfood.com\/da\/wp-json\/wp\/v2\/product"}],"about":[{"href":"https:\/\/myspainfood.com\/da\/wp-json\/wp\/v2\/types\/product"}],"wp:featuredmedia":[{"embeddable":true,"href":"https:\/\/myspainfood.com\/da\/wp-json\/wp\/v2\/media\/50332"}],"wp:attachment":[{"href":"https:\/\/myspainfood.com\/da\/wp-json\/wp\/v2\/media?parent=50610"}],"wp:term":[{"taxonomy":"product_brand","embeddable":true,"href":"https:\/\/myspainfood.com\/da\/wp-json\/wp\/v2\/product_brand?post=50610"},{"taxonomy":"product_cat","embeddable":true,"href":"https:\/\/myspainfood.com\/da\/wp-json\/wp\/v2\/product_cat?post=50610"},{"taxonomy":"product_tag","embeddable":true,"href":"https:\/\/myspainfood.com\/da\/wp-json\/wp\/v2\/product_tag?post=50610"}],"curies":[{"name":"wp","href":"https:\/\/api.w.org\/{rel}","templated":true}]}}