{"id":50965,"date":"2025-05-21T09:40:50","date_gmt":"2025-05-21T07:40:50","guid":{"rendered":"https:\/\/myspainfood.com\/producto\/kimbitos-oliven-og-agurk-900-gr-chicon\/"},"modified":"2026-01-29T13:10:47","modified_gmt":"2026-01-29T12:10:47","slug":"kimbitos-oliven-og-agurk-900-gr-chicon","status":"publish","type":"product","link":"https:\/\/myspainfood.com\/da\/producto\/kimbitos-oliven-og-agurk-900-gr-chicon\/","title":{"rendered":"Kimbitos - oliven og agurk 900 gr Chic\u00f3n"},"content":{"rendered":"<p><a href=\"https:\/\/aceitunaschiconlebron.com\/catalogo\/manzanilla-rellena-de-pepinillo\/\" target=\"_blank\" rel=\"noopener noreferrer nofollow\">Kimbitos oliven og agurk<\/a>, med en mild s\u00f8d og syrlig smag.<\/p>\n<h3>Egenskaber ved Manzanilla- eller Kimbitos-oliven<\/h3>\n<p>Manzanilla-oliven, som oprindeligt kommer fra Spanien, har mange fordele, hvoraf f\u00f8lgende skiller sig ud:<\/p>\n<p>De indeholder store m\u00e6ngder antioxidanter.<\/p>\n<p>De s\u00e6nker blodtrykket og kolesteroltallet.<\/p>\n<p>forebygger nogle typer kr\u00e6ft.<\/p>\n<p>De fungerer som et naturligt probiotikum.<\/p>\n<p>Forbedre hjertesundheden.<\/p>\n<p>De hj\u00e6lper med at bek\u00e6mpe infektioner.<\/p>\n<p>De forebygger knoglesk\u00f8rhed.<\/p>\n<p>Kendte du til de mange fordele ved disse Kimbitos-oliven? De har en stor effekt, n\u00e5r det g\u00e6lder om at forebygge hjerte- og kredsl\u00f8bssygdomme generelt. <\/p>\n<p>Hvis du vil k\u00f8be oliven eller andre former for <a href=\"https:\/\/latiendadesami.com\/categoria-producto\/encurtidos\/\" rel=\"noopener noreferrer nofollow\" target=\"_blank\">syltede f\u00f8devarer<\/a>, s\u00e5 t\u00f8v ikke med at tage et kig p\u00e5 vores onlinekatalog for at se det store udvalg af <a href=\"https:\/\/latiendadesami.com\/categoria-producto\/encurtidos\/aceitunas\/\" target=\"_blank\" rel=\"noopener noreferrer nofollow\">oliven<\/a>, vi har.<\/p>\n","protected":false},"excerpt":{"rendered":"<p>Kimbitos oliven og agurk, med en mild s\u00f8d og syrlig smag. Egenskaber ved Manzanilla- eller Kimbitos-oliven Manzanilla-oliven, som oprindeligt kommer fra Spanien, har mange fordele, hvoraf f\u00f8lgende skiller sig ud: De indeholder store m\u00e6ngder antioxidanter. De s\u00e6nker blodtrykket og kolesteroltallet. forebygger nogle typer kr\u00e6ft. De fungerer som et naturligt probiotikum. Forbedre hjertesundheden. De hj\u00e6lper med [&hellip;]<\/p>\n","protected":false},"featured_media":50974,"template":"","meta":{"_et_pb_use_builder":"","_et_pb_old_content":"","_et_gb_content_width":""},"product_brand":[1036],"product_cat":[1649,1654,1647],"product_tag":[2019,2039,1660],"class_list":{"0":"post-50965","1":"product","2":"type-product","3":"status-publish","4":"has-post-thumbnail","6":"product_brand-chicon","7":"product_cat-agurker","8":"product_cat-oliven-da","9":"product_cat-pickles-da","10":"product_tag-gherkin-da","11":"product_tag-kamille","12":"product_tag-kimbo-da","14":"first","15":"instock","16":"taxable","17":"shipping-taxable","18":"purchasable","19":"product-type-variable"},"_links":{"self":[{"href":"https:\/\/myspainfood.com\/da\/wp-json\/wp\/v2\/product\/50965","targetHints":{"allow":["GET"]}}],"collection":[{"href":"https:\/\/myspainfood.com\/da\/wp-json\/wp\/v2\/product"}],"about":[{"href":"https:\/\/myspainfood.com\/da\/wp-json\/wp\/v2\/types\/product"}],"wp:featuredmedia":[{"embeddable":true,"href":"https:\/\/myspainfood.com\/da\/wp-json\/wp\/v2\/media\/50974"}],"wp:attachment":[{"href":"https:\/\/myspainfood.com\/da\/wp-json\/wp\/v2\/media?parent=50965"}],"wp:term":[{"taxonomy":"product_brand","embeddable":true,"href":"https:\/\/myspainfood.com\/da\/wp-json\/wp\/v2\/product_brand?post=50965"},{"taxonomy":"product_cat","embeddable":true,"href":"https:\/\/myspainfood.com\/da\/wp-json\/wp\/v2\/product_cat?post=50965"},{"taxonomy":"product_tag","embeddable":true,"href":"https:\/\/myspainfood.com\/da\/wp-json\/wp\/v2\/product_tag?post=50965"}],"curies":[{"name":"wp","href":"https:\/\/api.w.org\/{rel}","templated":true}]}}