{"id":51078,"date":"2025-05-21T09:40:50","date_gmt":"2025-05-21T07:40:50","guid":{"rendered":"https:\/\/myspainfood.com\/producto\/roeraeg-ekstra-900-gr-chicon\/"},"modified":"2026-01-29T13:05:36","modified_gmt":"2026-01-29T12:05:36","slug":"roeraeg-ekstra-900-gr-chicon","status":"publish","type":"product","link":"https:\/\/myspainfood.com\/da\/producto\/roeraeg-ekstra-900-gr-chicon\/","title":{"rendered":"R\u00f8r\u00e6g ekstra 900 gr Chic\u00f3n"},"content":{"rendered":"<p>Vores ekstra r\u00f8r\u00e6g med oliven og syltede agurker best\u00e5r af <a href=\"https:\/\/aceitunaschiconlebron.com\/catalogo\/revuelto-extra-aceitunas-encurtidos\/\" target=\"_blank\" rel=\"noopener noreferrer nofollow\">manzanilla-oliven<\/a>, asier, l\u00f8g og gulerod.<\/p>\n<p>Denne kombination af oliven og pickles g\u00f8r det muligt at nyde en uovertruffen smag i dine tapas eller forretter.<\/p>\n<p>Det er et meget sundt supplement til vores traditionelle, n\u00e6ringsrige middelhavskost.<\/p>\n<p>Syltede agurker er g\u00e5et fra at v\u00e6re en \u00e6ldgammel teknik til at konservere mad over hele verden til at v\u00e6re en af de mest popul\u00e6re tapas eller forretter i spansk gastronomi.<\/p>\n<h3><strong>Fordele ved Scrambled Extra<\/strong><\/h3>\n<p>Kendte du til fordelene ved Revuelto Extra og pickles generelt? Her er en liste over de vigtigste: <\/p>\n<ul>\n<li>Rig p\u00e5 probiotika.<\/li>\n<li>De hj\u00e6lper p\u00e5 ford\u00f8jelsen.<\/li>\n<li>De styrker immunforsvaret.<\/li>\n<li>De reducerer sukkertrangen.<\/li>\n<li>Gunstig for galdebl\u00e6ren.<\/li>\n<\/ul>\n<p>Hvis du vil k\u00f8be oliven eller andre former for <a href=\"https:\/\/latiendadesami.com\/categoria-producto\/encurtidos\/\" rel=\"noopener noreferrer nofollow\" target=\"_blank\">syltede f\u00f8devarer<\/a>, s\u00e5 t\u00f8v ikke med at tage et kig p\u00e5 vores onlinekatalog for at se det store udvalg af <a href=\"https:\/\/latiendadesami.com\/categoria-producto\/encurtidos\/aceitunas\/\" target=\"_blank\" rel=\"noopener noreferrer nofollow\">oliven<\/a>, vi har.<\/p>\n","protected":false},"excerpt":{"rendered":"<p>Vores ekstra r\u00f8r\u00e6g med oliven og syltede agurker best\u00e5r af manzanilla-oliven, asier, l\u00f8g og gulerod. Denne kombination af oliven og pickles g\u00f8r det muligt at nyde en uovertruffen smag i dine tapas eller forretter. Det er et meget sundt supplement til vores traditionelle, n\u00e6ringsrige middelhavskost. Syltede agurker er g\u00e5et fra at v\u00e6re en \u00e6ldgammel teknik [&hellip;]<\/p>\n","protected":false},"featured_media":50820,"template":"","meta":{"_et_pb_use_builder":"","_et_pb_old_content":"","_et_gb_content_width":""},"product_brand":[1036],"product_cat":[1654,1647],"product_tag":[8165],"class_list":{"0":"post-51078","1":"product","2":"type-product","3":"status-publish","4":"has-post-thumbnail","6":"product_brand-chicon","7":"product_cat-oliven-da","8":"product_cat-pickles-da","9":"product_tag-roraeg","11":"first","12":"instock","13":"taxable","14":"shipping-taxable","15":"purchasable","16":"product-type-variable"},"_links":{"self":[{"href":"https:\/\/myspainfood.com\/da\/wp-json\/wp\/v2\/product\/51078","targetHints":{"allow":["GET"]}}],"collection":[{"href":"https:\/\/myspainfood.com\/da\/wp-json\/wp\/v2\/product"}],"about":[{"href":"https:\/\/myspainfood.com\/da\/wp-json\/wp\/v2\/types\/product"}],"wp:featuredmedia":[{"embeddable":true,"href":"https:\/\/myspainfood.com\/da\/wp-json\/wp\/v2\/media\/50820"}],"wp:attachment":[{"href":"https:\/\/myspainfood.com\/da\/wp-json\/wp\/v2\/media?parent=51078"}],"wp:term":[{"taxonomy":"product_brand","embeddable":true,"href":"https:\/\/myspainfood.com\/da\/wp-json\/wp\/v2\/product_brand?post=51078"},{"taxonomy":"product_cat","embeddable":true,"href":"https:\/\/myspainfood.com\/da\/wp-json\/wp\/v2\/product_cat?post=51078"},{"taxonomy":"product_tag","embeddable":true,"href":"https:\/\/myspainfood.com\/da\/wp-json\/wp\/v2\/product_tag?post=51078"}],"curies":[{"name":"wp","href":"https:\/\/api.w.org\/{rel}","templated":true}]}}