{"id":51321,"date":"2025-05-21T10:50:34","date_gmt":"2025-05-21T08:50:34","guid":{"rendered":"https:\/\/myspainfood.com\/producto\/bedstemors-hemmelighed\/"},"modified":"2026-01-29T13:14:04","modified_gmt":"2026-01-29T12:14:04","slug":"bedstemors-hemmelighed","status":"publish","type":"product","link":"https:\/\/myspainfood.com\/da\/producto\/bedstemors-hemmelighed\/","title":{"rendered":"Bedstemors hemmelighed"},"content":{"rendered":"<p>Olives Secreto de la Abuela er en kombination af udstenede gordal-oliven, hvide hvidl\u00f8g, kapers og stykker af aubergine.<\/p>\n<p>Krydderierne er <a href=\"https:\/\/aceitunaschiconlebron.com\/\" target=\"_blank\" rel=\"noopener noreferrer nofollow\">Chic\u00f3ns<\/a> egne.<\/p>\n<h3><strong>Fordele ved Secreto de la Abuela-oliven<\/strong><\/h3>\n<p>Kendte du til fordelene ved denne type oliven og pickles generelt? Her er en liste over de vigtigste: <\/p>\n<ul>\n<li>Rig p\u00e5 probiotika.<\/li>\n<li>De hj\u00e6lper p\u00e5 ford\u00f8jelsen.<\/li>\n<li>De styrker immunforsvaret.<\/li>\n<li>De reducerer sukkertrangen.<\/li>\n<li>Gunstig for galdebl\u00e6ren.<\/li>\n<\/ul>\n<p>&nbsp;<\/p>\n<p>Hvis du vil k\u00f8be oliven eller andre former for <a href=\"https:\/\/latiendadesami.com\/categoria-producto\/encurtidos\/\" rel=\"noopener noreferrer nofollow\" target=\"_blank\">syltede f\u00f8devarer<\/a>, s\u00e5 t\u00f8v ikke med at tage et kig p\u00e5 vores onlinekatalog for at se det store udvalg af <a href=\"https:\/\/latiendadesami.com\/categoria-producto\/encurtidos\/aceitunas\/\" target=\"_blank\" rel=\"noopener noreferrer nofollow\">oliven<\/a>, vi har.<\/p>\n","protected":false},"excerpt":{"rendered":"<p>Olives Secreto de la Abuela er en kombination af udstenede gordal-oliven, hvide hvidl\u00f8g, kapers og stykker af aubergine. Krydderierne er Chic\u00f3ns egne. Fordele ved Secreto de la Abuela-oliven Kendte du til fordelene ved denne type oliven og pickles generelt? Her er en liste over de vigtigste: Rig p\u00e5 probiotika. De hj\u00e6lper p\u00e5 ford\u00f8jelsen. De styrker [&hellip;]<\/p>\n","protected":false},"featured_media":51201,"template":"","meta":{"_et_pb_use_builder":"","_et_pb_old_content":"","_et_gb_content_width":""},"product_brand":[1036],"product_cat":[1654,1647],"product_tag":[1770,10114],"class_list":{"0":"post-51321","1":"product","2":"type-product","3":"status-publish","4":"has-post-thumbnail","6":"product_brand-chicon","7":"product_cat-oliven-da","8":"product_cat-pickles-da","9":"product_tag-bedstemor","10":"product_tag-hemmelig","12":"first","13":"outofstock","14":"taxable","15":"shipping-taxable","16":"product-type-variable"},"_links":{"self":[{"href":"https:\/\/myspainfood.com\/da\/wp-json\/wp\/v2\/product\/51321","targetHints":{"allow":["GET"]}}],"collection":[{"href":"https:\/\/myspainfood.com\/da\/wp-json\/wp\/v2\/product"}],"about":[{"href":"https:\/\/myspainfood.com\/da\/wp-json\/wp\/v2\/types\/product"}],"wp:featuredmedia":[{"embeddable":true,"href":"https:\/\/myspainfood.com\/da\/wp-json\/wp\/v2\/media\/51201"}],"wp:attachment":[{"href":"https:\/\/myspainfood.com\/da\/wp-json\/wp\/v2\/media?parent=51321"}],"wp:term":[{"taxonomy":"product_brand","embeddable":true,"href":"https:\/\/myspainfood.com\/da\/wp-json\/wp\/v2\/product_brand?post=51321"},{"taxonomy":"product_cat","embeddable":true,"href":"https:\/\/myspainfood.com\/da\/wp-json\/wp\/v2\/product_cat?post=51321"},{"taxonomy":"product_tag","embeddable":true,"href":"https:\/\/myspainfood.com\/da\/wp-json\/wp\/v2\/product_tag?post=51321"}],"curies":[{"name":"wp","href":"https:\/\/api.w.org\/{rel}","templated":true}]}}