{"id":52437,"date":"2025-05-23T12:58:14","date_gmt":"2025-05-23T10:58:14","guid":{"rendered":"https:\/\/myspainfood.com\/producto\/alyan-dubai-pistacie-chokoladebar-100-gram\/"},"modified":"2026-01-29T13:16:49","modified_gmt":"2026-01-29T12:16:49","slug":"alyan-dubai-pistacie-chokoladebar-100-gram","status":"publish","type":"product","link":"https:\/\/myspainfood.com\/da\/producto\/alyan-dubai-pistacie-chokoladebar-100-gram\/","title":{"rendered":"Alyan Dubai pistacie-chokoladebar 100 gram"},"content":{"rendered":"<p>M\u00e6lkechokolade fyldt med pistacie og kunafa. Ingredienser: <\/p>\n<p>Pistaciepasta 45% [sukker, pistacien\u00f8dder (30%), vegetabilsk olie (fuldt h\u00e6rdet palme-, bomuldsfr\u00f8- og solsikkeolie), skummetm\u00e6lk, emulgator (solsikkelecithin), smagsstoffer (m\u00e6lk, vanillin)],<\/p>\n<p>M\u00e6lkechokolade 45% [sukker, kakaosm\u00f8r, s\u00f8dm\u00e6lkspulver, kakaomasse, skummetm\u00e6lkspulver, vallepulver, emulgator (ammoniumfosfatider, polyglycerolpolyricinoleat, solsikkelecithin), aroma (vanillin)],<\/p>\n<p>Kunafa 10% [hvede (indeholder gluten), vand], konserveringsmidler (kaliumsorbat, calciumpropionat).<\/p>\n<p>Allergener: m\u00e6lk, hvede og pistacien\u00f8dder. Kan indeholde spor af andre n\u00f8dder, jordn\u00f8dder og \u00e6g. <\/p>\n","protected":false},"excerpt":{"rendered":"<p>M\u00e6lkechokolade fyldt med pistacie og kunafa. Ingredienser: Pistaciepasta 45% [sukker, pistacien\u00f8dder (30%), vegetabilsk olie (fuldt h\u00e6rdet palme-, bomuldsfr\u00f8- og solsikkeolie), skummetm\u00e6lk, emulgator (solsikkelecithin), smagsstoffer (m\u00e6lk, vanillin)], M\u00e6lkechokolade 45% [sukker, kakaosm\u00f8r, s\u00f8dm\u00e6lkspulver, kakaomasse, skummetm\u00e6lkspulver, vallepulver, emulgator (ammoniumfosfatider, polyglycerolpolyricinoleat, solsikkelecithin), aroma (vanillin)], Kunafa 10% [hvede (indeholder gluten), vand], konserveringsmidler (kaliumsorbat, calciumpropionat). Allergener: m\u00e6lk, hvede og pistacien\u00f8dder. Kan [&hellip;]<\/p>\n","protected":false},"featured_media":52361,"template":"","meta":{"_et_pb_use_builder":"","_et_pb_old_content":"","_et_gb_content_width":""},"product_brand":[],"product_cat":[1648],"product_tag":[],"class_list":{"0":"post-52437","1":"product","2":"type-product","3":"status-publish","4":"has-post-thumbnail","6":"product_cat-konserves","8":"first","9":"instock","10":"featured","11":"taxable","12":"shipping-taxable","13":"purchasable","14":"product-type-variable"},"_links":{"self":[{"href":"https:\/\/myspainfood.com\/da\/wp-json\/wp\/v2\/product\/52437","targetHints":{"allow":["GET"]}}],"collection":[{"href":"https:\/\/myspainfood.com\/da\/wp-json\/wp\/v2\/product"}],"about":[{"href":"https:\/\/myspainfood.com\/da\/wp-json\/wp\/v2\/types\/product"}],"wp:featuredmedia":[{"embeddable":true,"href":"https:\/\/myspainfood.com\/da\/wp-json\/wp\/v2\/media\/52361"}],"wp:attachment":[{"href":"https:\/\/myspainfood.com\/da\/wp-json\/wp\/v2\/media?parent=52437"}],"wp:term":[{"taxonomy":"product_brand","embeddable":true,"href":"https:\/\/myspainfood.com\/da\/wp-json\/wp\/v2\/product_brand?post=52437"},{"taxonomy":"product_cat","embeddable":true,"href":"https:\/\/myspainfood.com\/da\/wp-json\/wp\/v2\/product_cat?post=52437"},{"taxonomy":"product_tag","embeddable":true,"href":"https:\/\/myspainfood.com\/da\/wp-json\/wp\/v2\/product_tag?post=52437"}],"curies":[{"name":"wp","href":"https:\/\/api.w.org\/{rel}","templated":true}]}}