{"id":62871,"date":"2025-10-10T12:25:50","date_gmt":"2025-10-10T10:25:50","guid":{"rendered":"https:\/\/myspainfood.com\/producto\/sardinillas-i-oekologisk-olivenolie-20-25-stykker-rias-baixas-115-gr\/"},"modified":"2025-10-10T12:25:50","modified_gmt":"2025-10-10T10:25:50","slug":"sardinillas-i-oekologisk-olivenolie-20-25-stykker-rias-baixas-115-gr","status":"publish","type":"product","link":"https:\/\/myspainfood.com\/da\/producto\/sardinillas-i-oekologisk-olivenolie-20-25-stykker-rias-baixas-115-gr\/","title":{"rendered":"Sardinillas i \u00f8kologisk olivenolie 20\/25 stykker Rias Baixas 115 gr"},"content":{"rendered":"<p>Vores sardiner p\u00e5 d\u00e5se er l\u00e6kre; med deres duft, intense smag, s\u00f8lvfarvede udseende og perfekte placering og pr\u00e6sentation i d\u00e5sen. Udgangspunktet er altid udv\u00e6lgelsen af de bedste, friskeste og mindste sardiner fra fiskemarkedet (du finder mellem 12 og 16 sardiner i hver d\u00e5se). <\/p>\n<p>P\u00e5 vores fabrik i Moa\u00f1a (Pontevedra) fjerner produktionsmedarbejdernes kyndige h\u00e6nder hovedet og tager indvoldene ud af hver enkelt fisk. Derefter bliver de dampstegt og pakket med omhu og pr\u00e6cision for at opn\u00e5 det mest attraktive udseende, n\u00e5r du \u00e5bner din d\u00e5se. Prikken over i&#8217;et er tils\u00e6tningen af <strong>\u00f8kologisk ekstra jomfruolivenolie*<\/strong>. Resultatet er spektakul\u00e6rt, og nu kan du selv se det.  <\/p>\n<p>Husk, at modningstiden, som kan vare fra et par m\u00e5neder til flere \u00e5r, er afg\u00f8rende, da sardinernes smag forbedres, efterh\u00e5nden som olien tr\u00e6nger ind i fisken. Regelm\u00e6ssig vending af d\u00e5serne sikrer en uds\u00f8gt og ensartet smag, som vil tilfredsstille selv de mest kr\u00e6vende ganer. <\/p>\n<p>I de senere \u00e5r har sardiner p\u00e5 d\u00e5se vundet stor ber\u00f8mmelse som en f\u00f8devare med h\u00f8j n\u00e6ringsv\u00e6rdi. Man kan sige, at sardiner tager guldmedaljen rent ern\u00e6ringsm\u00e6ssigt. De indeholder en h\u00f8j koncentration af B12-vitamin samt A-, D-, K- og E-vitamin. De er ogs\u00e5 en vigtig kilde til protein, natrium, fosfor, jod og calcium. Og s\u00e5 er de rige p\u00e5 omega 3 og oliesyre - hvad mere kan man forlange?    <\/p>\n","protected":false},"excerpt":{"rendered":"<p>Vores sardiner p\u00e5 d\u00e5se er l\u00e6kre; med deres duft, intense smag, s\u00f8lvfarvede udseende og perfekte placering og pr\u00e6sentation i d\u00e5sen. Udgangspunktet er altid udv\u00e6lgelsen af de bedste, friskeste og mindste sardiner fra fiskemarkedet (du finder mellem 12 og 16 sardiner i hver d\u00e5se). P\u00e5 vores fabrik i Moa\u00f1a (Pontevedra) fjerner produktionsmedarbejdernes kyndige h\u00e6nder hovedet og [&hellip;]<\/p>\n","protected":false},"featured_media":59411,"template":"","meta":{"_et_pb_use_builder":"","_et_pb_old_content":"","_et_gb_content_width":""},"product_brand":[11014],"product_cat":[1648,11062,3794],"product_tag":[],"class_list":{"0":"post-62871","1":"product","2":"type-product","3":"status-publish","4":"has-post-thumbnail","6":"product_brand-rias-baixas","7":"product_cat-konserves","8":"product_cat-ny-da","9":"product_cat-sardinillas-da","11":"first","12":"instock","13":"featured","14":"taxable","15":"shipping-taxable","16":"purchasable","17":"product-type-variable"},"_links":{"self":[{"href":"https:\/\/myspainfood.com\/da\/wp-json\/wp\/v2\/product\/62871","targetHints":{"allow":["GET"]}}],"collection":[{"href":"https:\/\/myspainfood.com\/da\/wp-json\/wp\/v2\/product"}],"about":[{"href":"https:\/\/myspainfood.com\/da\/wp-json\/wp\/v2\/types\/product"}],"wp:featuredmedia":[{"embeddable":true,"href":"https:\/\/myspainfood.com\/da\/wp-json\/wp\/v2\/media\/59411"}],"wp:attachment":[{"href":"https:\/\/myspainfood.com\/da\/wp-json\/wp\/v2\/media?parent=62871"}],"wp:term":[{"taxonomy":"product_brand","embeddable":true,"href":"https:\/\/myspainfood.com\/da\/wp-json\/wp\/v2\/product_brand?post=62871"},{"taxonomy":"product_cat","embeddable":true,"href":"https:\/\/myspainfood.com\/da\/wp-json\/wp\/v2\/product_cat?post=62871"},{"taxonomy":"product_tag","embeddable":true,"href":"https:\/\/myspainfood.com\/da\/wp-json\/wp\/v2\/product_tag?post=62871"}],"curies":[{"name":"wp","href":"https:\/\/api.w.org\/{rel}","templated":true}]}}