{"id":63026,"date":"2025-10-10T12:25:49","date_gmt":"2025-10-10T10:25:49","guid":{"rendered":"https:\/\/myspainfood.com\/producto\/knivmuslinger-fra-finisterre-i-rias-baixas-oekologisk-olivenolie-115-g\/"},"modified":"2025-10-10T12:25:49","modified_gmt":"2025-10-10T10:25:49","slug":"knivmuslinger-fra-finisterre-i-rias-baixas-oekologisk-olivenolie-115-g","status":"publish","type":"product","link":"https:\/\/myspainfood.com\/da\/producto\/knivmuslinger-fra-finisterre-i-rias-baixas-oekologisk-olivenolie-115-g\/","title":{"rendered":"Knivmuslinger fra Finisterre i Rias Baixas \u00f8kologisk olivenolie 115 g"},"content":{"rendered":"<p>Knivmuslinger udvindes mange steder p\u00e5 vores smukke R\u00edas, men af dem alle er der \u00e9t sted, hvor knivmuslinger og longueirones n\u00e5r den h\u00f8jeste kvalitet: Finisterre (Fisterra). Og da det ikke kan v\u00e6re anderledes, k\u00f8ber vi hos CONSERVAS R\u00cdAS BAIXAS 1907 kun knivmuslinger fra disse paradisiske strande, og kun dem, der er fanget en efter en af frie dykkere for at sikre, at det naturlige milj\u00f8 bevares, s\u00e5 fremtidige generationer ogs\u00e5 kan nyde denne delikatesse. <\/p>\n<p>Den friske barberkniv renses i saltvand for at fjerne eventuelle rester af sand og pakkes derefter omhyggeligt p\u00e5 vores anl\u00e6g i Moa\u00f1a.<\/p>\n<p>Og selv om knivmuslingerne fra Finisterre er en delikatesse i sig selv, har vi valgt at pr\u00e6sentere dem i \u00f8kologisk ekstra jomfruolivenolie*. Resultatet er spektakul\u00e6rt, og vi inviterer dig til at pr\u00f8ve det. <\/p>\n<p>Desuden har knivmuslinger et meget lavt indhold af kalorier og fedtstoffer. P\u00e5 den anden side er knivmuslinger rige p\u00e5 flerum\u00e6ttede fedtsyrer OMEGA 3, hvilket er grunden til, at det anbefales at spise dem. <\/p>\n","protected":false},"excerpt":{"rendered":"<p>Knivmuslinger udvindes mange steder p\u00e5 vores smukke R\u00edas, men af dem alle er der \u00e9t sted, hvor knivmuslinger og longueirones n\u00e5r den h\u00f8jeste kvalitet: Finisterre (Fisterra). Og da det ikke kan v\u00e6re anderledes, k\u00f8ber vi hos CONSERVAS R\u00cdAS BAIXAS 1907 kun knivmuslinger fra disse paradisiske strande, og kun dem, der er fanget en efter en [&hellip;]<\/p>\n","protected":false},"featured_media":59289,"template":"","meta":{"_et_pb_use_builder":"","_et_pb_old_content":"","_et_gb_content_width":""},"product_brand":[11014],"product_cat":[7651,1648,11062],"product_tag":[],"class_list":{"0":"post-63026","1":"product","2":"type-product","3":"status-publish","4":"has-post-thumbnail","6":"product_brand-rias-baixas","7":"product_cat-barberblade","8":"product_cat-konserves","9":"product_cat-ny-da","11":"first","12":"instock","13":"taxable","14":"shipping-taxable","15":"purchasable","16":"product-type-variable"},"_links":{"self":[{"href":"https:\/\/myspainfood.com\/da\/wp-json\/wp\/v2\/product\/63026","targetHints":{"allow":["GET"]}}],"collection":[{"href":"https:\/\/myspainfood.com\/da\/wp-json\/wp\/v2\/product"}],"about":[{"href":"https:\/\/myspainfood.com\/da\/wp-json\/wp\/v2\/types\/product"}],"wp:featuredmedia":[{"embeddable":true,"href":"https:\/\/myspainfood.com\/da\/wp-json\/wp\/v2\/media\/59289"}],"wp:attachment":[{"href":"https:\/\/myspainfood.com\/da\/wp-json\/wp\/v2\/media?parent=63026"}],"wp:term":[{"taxonomy":"product_brand","embeddable":true,"href":"https:\/\/myspainfood.com\/da\/wp-json\/wp\/v2\/product_brand?post=63026"},{"taxonomy":"product_cat","embeddable":true,"href":"https:\/\/myspainfood.com\/da\/wp-json\/wp\/v2\/product_cat?post=63026"},{"taxonomy":"product_tag","embeddable":true,"href":"https:\/\/myspainfood.com\/da\/wp-json\/wp\/v2\/product_tag?post=63026"}],"curies":[{"name":"wp","href":"https:\/\/api.w.org\/{rel}","templated":true}]}}