{"id":63232,"date":"2025-10-10T12:25:49","date_gmt":"2025-10-10T10:25:49","guid":{"rendered":"https:\/\/myspainfood.com\/producto\/tun-i-solsikkeolie-arlequin-750-g\/"},"modified":"2026-03-15T21:40:43","modified_gmt":"2026-03-15T20:40:43","slug":"tun-i-solsikkeolie-arlequin-750-g","status":"publish","type":"product","link":"https:\/\/myspainfood.com\/da\/producto\/tun-i-solsikkeolie-arlequin-750-g\/","title":{"rendered":"Tun i solsikkeolie Arlequ\u00edn 750 g"},"content":{"rendered":"<p><a href=\"https:\/\/conservasarlequin.com\/arlequin\/\" target=\"_blank\" rel=\"noopener noreferrer nofollow\">Arlequ\u00edn<\/a> solsikke-tun 750 g er et d\u00e5seprodukt fremstillet p\u00e5 traditionel vis.<\/p>\n<p><strong>Nettov\u00e6gt\/ Escu:<\/strong> 750g \/ 650g<\/p>\n<p><strong>Holdbarhed:<\/strong> 5 \u00e5r<\/p>\n<p><strong>Bevaring:<\/strong> Milj\u00f8<\/p>\n<p>Hos Conservas Arlequ\u00edn er det deres mission at tilbyde et godt produkt, den bedste service og et bredt udvalg af fiskekonserves til den bedste pris. Hos Conservas <a href=\"https:\/\/latiendadesami.com\/marca\/arlequin\/\" target=\"_blank\" rel=\"noopener noreferrer nofollow\">Arlequ\u00edn<\/a> er det deres mission at tilbyde et godt produkt, den bedste service og et bredt udvalg af fiskekonserves til den bedste pris.<\/p>\n<p>De har ogs\u00e5 specialiseret sig i ansjoser, ansjoser, ansjoser, bonito, gulfinnet tun, gulfinnet tun, Log Tuna 900gr, muslinger, makrel og sardiner.<\/p>\n<p>For eksempel sagde Comidista i avisen El Pa\u00eds om ventrescaen: &#8220;Den er s\u00e5 bl\u00f8d, n\u00e6sten cremet, at man f\u00e5r lyst til at gifte sig med den og leve lykkeligt, indtil Herren tager dig&#8221;.<\/p>\n<h4>De vigtigste fordele ved d\u00e5semad<\/h4>\n<ol>\n<li>De bevarer alle de ern\u00e6ringsm\u00e6ssige egenskaber i selve maden. Maden bevarer sin friskhed. <\/li>\n<li>De anvendte f\u00f8devarer er sunde og derfor velegnede til en optimal kost p\u00e5 grund af deres h\u00f8je vitamin- og proteinindhold.<\/li>\n<li>Disse produkter har en l\u00e6ngere levetid (2-5 \u00e5r er typisk).<\/li>\n<li>Konserverne er meget nemme at opbevare, da deres emballage er nem at anvende.<\/li>\n<\/ol>\n<p>Hvis du vil k\u00f8be tun eller andre former for <a href=\"https:\/\/latiendadesami.com\/categoria-producto\/conservas\/\" rel=\"noopener noreferrer nofollow\" target=\"_blank\">d\u00e5semad<\/a>, s\u00e5 t\u00f8v ikke med at tage et kig p\u00e5 vores onlinekatalog for at se det store udvalg af <a href=\"https:\/\/latiendadesami.com\/categoria-producto\/conservas\/atun-y-bonito\/\" target=\"_blank\" rel=\"noopener noreferrer nofollow\">tun<\/a>, vi har.<\/p>\n<p>Skriv til os for mere information.<\/p>\n","protected":false},"excerpt":{"rendered":"<p>Arlequ\u00edn solsikke-tun 750 g er et d\u00e5seprodukt fremstillet p\u00e5 traditionel vis. Nettov\u00e6gt\/ Escu: 750g \/ 650g Holdbarhed: 5 \u00e5r Bevaring: Milj\u00f8 Hos Conservas Arlequ\u00edn er det deres mission at tilbyde et godt produkt, den bedste service og et bredt udvalg af fiskekonserves til den bedste pris. Hos Conservas Arlequ\u00edn er det deres mission at tilbyde [&hellip;]<\/p>\n","protected":false},"featured_media":59044,"template":"","meta":{"_et_pb_use_builder":"","_et_pb_old_content":"","_et_gb_content_width":""},"product_brand":[1162],"product_cat":[1648,11062,4298],"product_tag":[],"class_list":{"0":"post-63232","1":"product","2":"type-product","3":"status-publish","4":"has-post-thumbnail","6":"product_brand-arlequin","7":"product_cat-konserves","8":"product_cat-ny-da","9":"product_cat-tun-og-bonito","11":"first","12":"instock","13":"taxable","14":"shipping-taxable","15":"purchasable","16":"product-type-variable"},"_links":{"self":[{"href":"https:\/\/myspainfood.com\/da\/wp-json\/wp\/v2\/product\/63232","targetHints":{"allow":["GET"]}}],"collection":[{"href":"https:\/\/myspainfood.com\/da\/wp-json\/wp\/v2\/product"}],"about":[{"href":"https:\/\/myspainfood.com\/da\/wp-json\/wp\/v2\/types\/product"}],"wp:featuredmedia":[{"embeddable":true,"href":"https:\/\/myspainfood.com\/da\/wp-json\/wp\/v2\/media\/59044"}],"wp:attachment":[{"href":"https:\/\/myspainfood.com\/da\/wp-json\/wp\/v2\/media?parent=63232"}],"wp:term":[{"taxonomy":"product_brand","embeddable":true,"href":"https:\/\/myspainfood.com\/da\/wp-json\/wp\/v2\/product_brand?post=63232"},{"taxonomy":"product_cat","embeddable":true,"href":"https:\/\/myspainfood.com\/da\/wp-json\/wp\/v2\/product_cat?post=63232"},{"taxonomy":"product_tag","embeddable":true,"href":"https:\/\/myspainfood.com\/da\/wp-json\/wp\/v2\/product_tag?post=63232"}],"curies":[{"name":"wp","href":"https:\/\/api.w.org\/{rel}","templated":true}]}}