{"id":64408,"date":"2025-10-10T12:25:50","date_gmt":"2025-10-10T10:25:50","guid":{"rendered":"https:\/\/myspainfood.com\/producto\/det-er-en-god-ide-at-tage-en-pause\/"},"modified":"2025-10-10T12:25:50","modified_gmt":"2025-10-10T10:25:50","slug":"det-er-en-god-ide-at-tage-en-pause","status":"publish","type":"product","link":"https:\/\/myspainfood.com\/da\/producto\/det-er-en-god-ide-at-tage-en-pause\/","title":{"rendered":"DET ER EN GOD ID\u00c9 AT TAGE EN PAUSE."},"content":{"rendered":"<article class=\"4ever-article\" data-clipboard-cangjie=\"[\" root=\"\" la=\"\" excelencia=\"\" del=\"\" claro=\"\" en=\"\" escabeche=\"\" olympos=\"\" una=\"\" delicia=\"\" gourmet=\"\" que=\"\" eleva=\"\" tus=\"\" comidas=\"\" cotidianas.=\"\" seleccionado=\"\" cuidadosamente=\"\" y=\"\" preparado=\"\" con=\"\" los=\"\" m=\"\" altos=\"\" est=\"\" de=\"\" calidad=\"\" este=\"\" at=\"\" ofrece=\"\" un=\"\" sabor=\"\" aut=\"\" textura=\"\" suave=\"\" deleitar=\"\" a=\"\" tu=\"\" paladar.=\"\" abre=\"\" lata=\"\" disfruta=\"\" su=\"\" delicioso=\"\" directamente=\"\" o=\"\" como=\"\" ingrediente=\"\" principal=\"\" recetas=\"\" favoritas.=\"\" bajo=\"\" grasas=\"\" saturadas=\"\" libre=\"\" conservantes=\"\" artificiales=\"\" es=\"\" opci=\"\" nutritiva=\"\" para=\"\" toda=\"\" familia.=\"\" preparaci=\"\" realza=\"\" el=\"\" natural=\"\" ofreci=\"\" experiencia=\"\" gastron=\"\" comb=\"\" vegetales=\"\" frescos=\"\" aderezo=\"\" ligero=\"\" ensalada=\"\" nutritiva.=\"\" tapas=\"\" espa=\"\" junto=\"\" pimientos=\"\" aceitunas=\"\" pan=\"\" crujiente.=\"\" pastas=\"\" arroces=\"\" guisos=\"\" plato=\"\" lleno=\"\" nutrientes.=\"\" lugar=\"\" fresco=\"\" seco.=\"\" vez=\"\" abierto=\"\" mantener=\"\" refrigerado=\"\" consumir=\"\" pr=\"\" d=\"\" usar:=\"\" uso:=\"\" principales:=\"\">DET ER ET STORT PROBLEM, AT DER IKKE ER NOGEN, DER VED, HVAD DER SKER, OG AT DER IKKE ER NOGEN, DER VED, HVAD DER SKER, OG AT DER IKKE ER NOGEN, DER VED, HVAD DER SKER. DET ER IKKE EN GOD ID\u00c9 AT V\u00c6RE EN DEL AF EN FAMILIE, MEN DET ER EN GOD ID\u00c9 AT V\u00c6RE EN DEL AF EN FAMILIE, OG DET ER EN GOD ID\u00c9 AT V\u00c6RE EN DEL AF EN FAMILIE, OG DET ER EN GOD ID\u00c9 AT V\u00c6RE EN DEL AF EN FAMILIE:   <\/p>\n<ul>\n<li>\n<div>DET ER IKKE MULIGT AT FINDE UD AF, OM DET ER EN GOD ID\u00c9 ELLER EJ. DET ER EN GOD ID\u00c9 AT FINDE UD AF, OM DET ER EN GOD ID\u00c9 ELLER EJ. DET ER EN GOD ID\u00c9 ELLER EJ.<\/div>\n<\/li>\n<li>\n<div>\u0635\u062d\u064a: \u0645\u0646\u062e\u0641\u0636 \u0627\u0644\u062f\u0647\u0648\u0646 \u0627\u0644\u0645\u0634\u0628\u0639\u0629 \u0648\u062e\u0627\u0644\u064d \u0645\u0646 \u0627\u0644\u0645\u0648\u0627\u062f \u0627\u0644\u062d\u0627\u0641\u0638\u0629 \u0627\u0644\u0627\u0635\u0637\u0646\u0627\u0639\u064a\u0629\u060c \u0648\u0647\u0648 \u062e\u064a\u0627\u0631 \u0645\u063a\u0630\u064d \u0644\u062c\u0645\u064a\u0639 \u0623\u0641\u0631\u0627\u062f \u0627\u0644\u0639\u0627\u0626\u0644\u0629.<\/div>\n<\/li>\n<li>\n<div>DET ER ET STORT PROBLEM, AT VI IKKE KAN FINDE UD AF, HVAD VI SKAL G\u00d8RE, N\u00c5R VI IKKE KAN FINDE UD AF, HVAD VI SKAL G\u00d8RE, N\u00c5R VI IKKE KAN FINDE UD AF, HVAD VI SKAL G\u00d8RE.<\/div>\n<\/li>\n<\/ul>\n<p>&nbsp;<\/p>\n<p>DET ER EN GOD ID\u00c9:<\/p>\n<ul>\n<li>\n<div>\u0627\u0644\u0633\u0644\u0637\u0627\u062a: \u0627\u0645\u0632\u062c\u064a\u0647\u0627 \u0645\u0639 \u0627\u0644\u062e\u0636\u0631\u0627\u0648\u0627\u062a \u0627\u0644\u0637\u0627\u0632\u062c\u0629 \u0627\u0644\u0637\u0627\u0632\u062c\u0629 \u0648\u0627\u0644\u0635\u0644\u0635\u0629 \u0627\u0644\u062e\u0641\u064a\u0641\u0629 \u0644\u0644\u062d\u0635\u0648\u0644 \u0639\u0644\u0649 \u0633\u0644\u0637\u0629 \u0645\u063a\u0630\u064a\u0629.<\/div>\n<\/li>\n<li>\n<div>DET ER EN GOD ID\u00c9 AT TAGE ET KIG P\u00c5, HVAD DER SKER, OG HVAD DER IKKE SKER.<\/div>\n<\/li>\n<li>\n<div>DET ER EN GOD ID\u00c9 AT TAGE EN SNAK OM DET. DET ER EN GOD ID\u00c9 AT TAGE EN SNAK OM DET. DET ER EN GOD ID\u00c9 AT TAGE EN SNAK OM DET.<\/div>\n<\/li>\n<\/ul>\n<p>&nbsp;<\/p>\n<p>DET ER EN GOD ID\u00c9:<\/p>\n<ul>\n<li>\n<div>DET ER EN GOD ID\u00c9 AT TAGE ET KIG P\u00c5 DET.<\/div>\n<\/li>\n<li>\n<div>DET ER IKKE EN GOD ID\u00c9 AT V\u00c6RE EN DEL AF EN GRUPPE, DER ARBEJDER MED AT FINDE UD AF, HVAD DER ER BEDST FOR DEM.<\/div>\n<\/li>\n<\/ul>\n<\/article>\n","protected":false},"excerpt":{"rendered":"<p>DET ER ET STORT PROBLEM, AT DER IKKE ER NOGEN, DER VED, HVAD DER SKER, OG AT DER IKKE ER NOGEN, DER VED, HVAD DER SKER, OG AT DER IKKE ER NOGEN, DER VED, HVAD DER SKER. DET ER IKKE EN GOD ID\u00c9 AT V\u00c6RE EN DEL AF EN FAMILIE, MEN DET ER EN GOD [&hellip;]<\/p>\n","protected":false},"featured_media":0,"template":"","meta":{"_et_pb_use_builder":"","_et_pb_old_content":"","_et_gb_content_width":""},"product_brand":[],"product_cat":[1648,11062,4298],"product_tag":[],"class_list":{"0":"post-64408","1":"product","2":"type-product","3":"status-publish","5":"product_cat-konserves","6":"product_cat-ny-da","7":"product_cat-tun-og-bonito","9":"first","10":"instock","11":"taxable","12":"shipping-taxable","13":"purchasable","14":"product-type-variable"},"_links":{"self":[{"href":"https:\/\/myspainfood.com\/da\/wp-json\/wp\/v2\/product\/64408","targetHints":{"allow":["GET"]}}],"collection":[{"href":"https:\/\/myspainfood.com\/da\/wp-json\/wp\/v2\/product"}],"about":[{"href":"https:\/\/myspainfood.com\/da\/wp-json\/wp\/v2\/types\/product"}],"wp:attachment":[{"href":"https:\/\/myspainfood.com\/da\/wp-json\/wp\/v2\/media?parent=64408"}],"wp:term":[{"taxonomy":"product_brand","embeddable":true,"href":"https:\/\/myspainfood.com\/da\/wp-json\/wp\/v2\/product_brand?post=64408"},{"taxonomy":"product_cat","embeddable":true,"href":"https:\/\/myspainfood.com\/da\/wp-json\/wp\/v2\/product_cat?post=64408"},{"taxonomy":"product_tag","embeddable":true,"href":"https:\/\/myspainfood.com\/da\/wp-json\/wp\/v2\/product_tag?post=64408"}],"curies":[{"name":"wp","href":"https:\/\/api.w.org\/{rel}","templated":true}]}}