{"id":16193,"date":"2025-04-08T08:43:07","date_gmt":"2025-04-08T06:43:07","guid":{"rendered":"https:\/\/myspainfood.com\/datenschutzbestimmungen\/"},"modified":"2025-05-05T11:16:55","modified_gmt":"2025-05-05T09:16:55","slug":"datenschutzbestimmungen","status":"publish","type":"page","link":"https:\/\/myspainfood.com\/de\/datenschutzbestimmungen\/","title":{"rendered":"Datenschutzbestimmungen"},"content":{"rendered":"\n<p>Willkommen bei https:\/\/myspainfood.com (die &#8222;Website&#8220;). Wir sind uns bewusst, dass der Online-Datenschutz f\u00fcr die Nutzer unserer Website wichtig ist, insbesondere bei der Abwicklung von Gesch\u00e4ften. Diese Erkl\u00e4rung regelt unsere Datenschutzrichtlinien in Bezug auf die Benutzer der Website (&#8222;Besucher&#8220;), die die Website besuchen, ohne Gesch\u00e4fte abzuschlie\u00dfen, und die Besucher, die sich registrieren, um Gesch\u00e4fte auf der Website abzuschlie\u00dfen und die verschiedenen von SUMINISTROS HOSTELEROS, S. L. angebotenen Dienstleistungen (zusammenfassend &#8222;Dienstleistungen&#8220;) zu nutzen (&#8222;autorisierte Kunden&#8220;).  <\/p>\n\n<p><strong>&#8222;Pers\u00f6nlich identifizierbare Informationen<\/strong><\/p>\n\n<p>bezeichnet alle Informationen, die die Person, auf die sich diese Informationen beziehen, identifizieren oder dazu verwendet werden k\u00f6nnen, sie zu identifizieren, zu kontaktieren oder ausfindig zu machen, einschlie\u00dflich, aber nicht beschr\u00e4nkt auf, Name, Adresse, Telefonnummer, Faxnummer, E-Mail-Adresse, Finanzprofile, Sozialversicherungsnummer und Kreditkarteninformationen. Zu den personenbezogenen Daten geh\u00f6ren keine Informationen, die anonym erhoben werden (d.h. ohne Identifizierung des einzelnen Benutzers) oder demographische Informationen, die nicht mit einer identifizierten Person verkn\u00fcpft sind. <\/p>\n\n<p><strong>Welche pers\u00f6nlichen Daten werden gesammelt?<\/strong><\/p>\n\n<p>Wir k\u00f6nnen grundlegende Benutzerprofilinformationen von allen unseren Besuchern erfassen. Wir erfassen die folgenden zus\u00e4tzlichen Informationen von unseren autorisierten Kunden: die Namen, Adressen, Telefonnummern und E-Mail-Adressen der autorisierten Kunden, die Art und Gr\u00f6\u00dfe des Unternehmens sowie die Art und Gr\u00f6\u00dfe des Werbeinventars, das der autorisierte Kunde zu kaufen oder zu verkaufen beabsichtigt. <\/p>\n\n<p><strong>Welche Organisationen sammeln die Informationen?<\/strong><\/p>\n\n<p>Zus\u00e4tzlich zu unserer direkten Erfassung von Informationen k\u00f6nnen unsere Drittanbieter (wie Kreditkartenunternehmen, Clearingstellen und Banken), die Dienstleistungen wie Kredit-, Versicherungs- und Treuhanddienste anbieten, diese Informationen von unseren Besuchern und autorisierten Kunden erfassen. Wir haben keine Kontrolle dar\u00fcber, wie diese Dritten diese Informationen verwenden, aber wir bitten sie, offenzulegen, wie sie die ihnen von Besuchern und autorisierten Kunden zur Verf\u00fcgung gestellten pers\u00f6nlichen Informationen verwenden. Einige dieser Dritten k\u00f6nnen Vermittler sein, die nur als Glieder in der Vertriebskette fungieren und die ihnen zur Verf\u00fcgung gestellten Informationen nicht speichern, aufbewahren oder verwenden.  <\/p>\n\n<p><strong>Wie verwendet die Website pers\u00f6nlich identifizierbare Informationen?<\/strong><\/p>\n\n<p>Wir verwenden personenbezogene Daten, um die Website zu personalisieren, geeignete Dienstleistungen anzubieten und Kauf- und Verkaufsanfragen auf der Website zu erf\u00fcllen. Wir k\u00f6nnen Besuchern und autorisierten Kunden E-Mails \u00fcber Forschungsm\u00f6glichkeiten oder Kauf- und Verkaufsm\u00f6glichkeiten auf der Website oder Informationen zum Thema der Website senden. Wir k\u00f6nnen personenbezogene Daten auch verwenden, um Besucher und autorisierte Kunden auf spezifische Anfragen hin zu kontaktieren oder um angeforderte Informationen bereitzustellen.  <\/p>\n\n<p><strong>Mit wem k\u00f6nnen die Informationen geteilt werden?<\/strong><\/p>\n\n<p>Pers\u00f6nliche Daten von autorisierten Kunden k\u00f6nnen an andere autorisierte Kunden weitergegeben werden, die potenzielle Transaktionen mit anderen autorisierten Kunden bewerten m\u00f6chten. Wir k\u00f6nnen zusammengefasste Informationen \u00fcber unsere Besucher, einschlie\u00dflich der demografischen Daten unserer Besucher und autorisierten Kunden, an unsere angeschlossenen Agenturen und Drittanbieter weitergeben. Wir bieten Ihnen auch die M\u00f6glichkeit, den Erhalt von Informationen oder die Kontaktaufnahme durch uns oder eine in unserem Namen handelnde Agentur abzulehnen.  <\/p>\n\n<p><strong>Wie werden pers\u00f6nlich identifizierbare Informationen gespeichert?<\/strong><\/p>\n\n<p>Pers\u00f6nlich identifizierbare Daten, die von SUMINISTROS HOSTELEROS, S. L. gesammelt werden, werden sicher aufbewahrt und sind weder f\u00fcr Dritte noch f\u00fcr Mitarbeiter von SUMINISTROS HOSTELEROS, S. L. zug\u00e4nglich, au\u00dfer f\u00fcr die oben angegebene Verwendung.<\/p>\n\n<p><strong>Welche Wahlm\u00f6glichkeiten haben die Besucher in Bezug auf die Sammlung, Verwendung und Verbreitung von Informationen?<\/strong><\/p>\n\n<p>Besucher und autorisierte Kunden k\u00f6nnen den Erhalt von unaufgeforderten Informationen oder die Kontaktaufnahme durch uns und\/oder unsere Lieferanten und angeschlossenen Agenturen ablehnen, indem sie auf E-Mails wie angewiesen antworten oder uns unter folgender Adresse kontaktieren<\/p>\n\n<p><strong>Werden auf der Website Cookies verwendet?<\/strong><\/p>\n\n<p>Cookies werden aus einer Vielzahl von Gr\u00fcnden verwendet. Wir verwenden Cookies, um Informationen \u00fcber die Pr\u00e4ferenzen unserer Besucher und die von ihnen gew\u00e4hlten Dienste zu erhalten. Wir verwenden Cookies auch zu Sicherheitszwecken, um unsere autorisierten Kunden zu sch\u00fctzen. Wenn ein autorisierter Kunde beispielsweise eingeloggt ist und die Website l\u00e4nger als 10 Minuten nicht benutzt, melden wir den autorisierten Kunden automatisch ab.   <\/p>\n\n<p><strong>Wie verwendet SUMINISTROS HOSTELEROS, S. L. die Zugangsdaten?<\/strong><\/p>\n\n<p>SUMINISTROS HOSTELEROS, S. L. verwendet Zugriffsinformationen, einschlie\u00dflich, aber nicht beschr\u00e4nkt auf IP-Adressen, ISPs und Browsertypen, um Trends zu analysieren, die Website zu verwalten, die Bewegungen und die Nutzung eines Benutzers zu verfolgen und breite demografische Informationen zu sammeln.<\/p>\n\n<p><strong>Welche Partner oder Dienstleister haben Zugriff auf die personenbezogenen Daten von Besuchern und\/oder autorisierten Kunden auf der Website?<\/strong><\/p>\n\n<p>SUMINISTROS HOSTELEROS, S. L. hat und wird auch in Zukunft Kooperationsvereinbarungen und andere Verbindungen mit einer Reihe von Anbietern eingehen, die m\u00f6glicherweise Zugang zu bestimmten pers\u00f6nlichen Daten haben, um die Eignung der autorisierten Kunden f\u00fcr den Service zu beurteilen. Unsere Datenschutzrichtlinie erstreckt sich nicht auf die Erhebung oder Verwendung dieser Daten. Offenlegung personenbezogener Daten zur Einhaltung von Gesetzen. Wir werden personenbezogene Daten offenlegen, um einer gerichtlichen Anordnung oder Vorladung oder dem Ersuchen einer Strafverfolgungsbeh\u00f6rde um Offenlegung von Informationen nachzukommen. Wir werden auch pers\u00f6nlich identifizierbare Informationen offenlegen, wenn dies zum Schutz der Sicherheit unserer Besucher und autorisierten Kunden erforderlich ist.    <\/p>\n\n<p><strong>Wie sch\u00fctzt die Website pers\u00f6nliche Daten?<\/strong><\/p>\n\n<p>Alle unsere Mitarbeiter sind mit unseren Sicherheitsrichtlinien und -praktiken vertraut. Die personenbezogenen Daten unserer Besucher und autorisierten Kunden sind nur einer begrenzten Anzahl von qualifizierten Mitarbeitern zug\u00e4nglich, die ein Passwort f\u00fcr den Zugriff auf die Daten erhalten haben. Wir f\u00fchren regelm\u00e4\u00dfig Audits unserer Sicherheitssysteme und -prozesse durch. Sensible Informationen wie Kreditkarten- oder Sozialversicherungsnummern werden durch Verschl\u00fcsselungsprotokolle gesch\u00fctzt, die zum Schutz von \u00fcber das Internet gesendeten Informationen eingerichtet wurden. Obwohl wir wirtschaftlich vertretbare Ma\u00dfnahmen ergreifen, um eine sichere Website aufrechtzuerhalten, unterliegen elektronische Kommunikation und Datenbanken Fehlern, Manipulationen und Einbr\u00fcchen, und wir k\u00f6nnen nicht garantieren oder gew\u00e4hrleisten, dass solche Ereignisse nicht eintreten, und wir haften gegen\u00fcber Besuchern oder autorisierten Kunden nicht f\u00fcr solche Vorf\u00e4lle.    <\/p>\n\n<p><strong>Wie k\u00f6nnen Besucher Ungenauigkeiten bei personenbezogenen Daten korrigieren?<\/strong><\/p>\n\n<p>Besucher und autorisierte Kunden k\u00f6nnen sich mit uns in Verbindung setzen, um ihre pers\u00f6nlichen Daten zu aktualisieren oder etwaige Ungenauigkeiten zu korrigieren, indem sie uns eine E-Mail an hola@myspainfood.com schicken.<\/p>\n\n<p><strong>Kann ein Besucher die von der Website erfassten pers\u00f6nlichen Daten l\u00f6schen oder deaktivieren?<\/strong><\/p>\n\n<p>Wir stellen Besuchern und autorisierten Kunden einen Mechanismus zur Verf\u00fcgung, um pers\u00f6nlich identifizierbare Informationen aus der Datenbank der Website zu entfernen\/zu deaktivieren, indem Sie sich an . Aufgrund von Sicherungskopien und Aufzeichnungen von L\u00f6schungen kann es jedoch unm\u00f6glich sein, den Eintrag eines Besuchers zu l\u00f6schen, ohne dass einige Restinformationen erhalten bleiben.  Wenn eine Person die Deaktivierung ihrer personenbezogenen Daten beantragt, werden diese funktionell gel\u00f6scht und wir werden die personenbezogenen Daten dieser Person in Zukunft in keiner Weise verkaufen, \u00fcbertragen oder verwenden.<\/p>\n\n<p><strong>Was passiert, wenn sich die Datenschutzbestimmungen \u00e4ndern?<\/strong><\/p>\n\n<p>Wir werden unsere Besucher und autorisierten Kunden \u00fcber \u00c4nderungen an unserer Datenschutzrichtlinie informieren, indem wir diese \u00c4nderungen auf der Website ver\u00f6ffentlichen. Wenn wir jedoch unsere Datenschutzrichtlinien in einer Weise \u00e4ndern, die zur Offenlegung von personenbezogenen Daten f\u00fchren kann, deren Nichtoffenlegung ein Besucher oder autorisierter Kunde zuvor beantragt hat, werden wir diesen Besucher oder autorisierten Kunden kontaktieren, um ihm die M\u00f6glichkeit zu geben, diese Offenlegung zu verhindern.<\/p>\n\n<p><strong>R\u00fcckgabebedingungen?<\/strong><\/p>\n\n<p>Die folgenden Bedingungen f\u00fcr die R\u00fcckgabe unserer Produkte gelten nicht im Falle der Aus\u00fcbung des Widerrufsrechts. R\u00fccksendungen oder Umtausch von Produkten werden nur im Falle von Herstellungsfehlern, Transportsch\u00e4den oder Lieferfehlern akzeptiert. In jedem Fall d\u00fcrfen seit dem Erhalt des Produkts nicht mehr als 14 Tage verstrichen sein und die Verpackung und das Zubeh\u00f6r m\u00fcssen enthalten sein. Es muss im Voraus \u00fcberpr\u00fcft werden, dass es sich um einen Herstellungs- oder Verpackungsfehler oder eine Anomalie handelt und nicht auf eine unsachgem\u00e4\u00dfe oder fahrl\u00e4ssige Verwendung, Handhabung oder Lagerung zur\u00fcckzuf\u00fchren ist. Sie m\u00fcssen immer mit dem entsprechenden Lieferschein oder der Rechnung versehen sein. Sowohl im Falle einer R\u00fcckgabe aufgrund eines Herstellungs- oder Verpackungsfehlers als auch im Falle eines Fehlers in der Bestellung wird dem KUNDEN, wenn m\u00f6glich, ein Ersatz durch eine andere Alternative angeboten, ohne zus\u00e4tzliche Kosten und ohne das Recht des KUNDEN auf irgendeine Art von Entsch\u00e4digung. MySpainFood ist f\u00fcr die Versandkosten der Bestellung verantwortlich. In jedem Fall muss MySpainFood den Zustand des zur\u00fcckgegebenen Produkts vorher pr\u00fcfen und sicherstellen, dass die Anforderungen dieser Verkaufsbedingungen erf\u00fcllt sind. Sobald wir die R\u00fcckerstattung erhalten haben, erstatten wir Ihnen den Betrag innerhalb von maximal 30 Tagen und zu denselben Bedingungen, zu denen die Zahlung erfolgt ist. MySpainFood beh\u00e4lt sich das Recht vor, R\u00fccksendungen abzulehnen, die nach Ablauf der Frist mitgeteilt oder gesendet wurden, oder Produkte, die sich nicht in demselben Zustand befinden, in dem sie empfangen wurden. R\u00fccksendungen werden durch eine E-Mail an info@latiendadesami.com mit einer Beschreibung der Gr\u00fcnde f\u00fcr die R\u00fccksendung abgewickelt. Sie m\u00fcssen auch den Vor- und Nachnamen sowie die Referenznummer der Bestellung angeben. Sobald wir Ihre Anfrage erhalten haben, werden wir sie z\u00fcgig bearbeiten.<\/p>\n\n<p><strong>Links:<\/strong><\/p>\n\n<p>https:\/\/myspainfood.com enth\u00e4lt Links zu anderen Websites. Bitte beachten Sie, dass ein Klick auf einen dieser Links Sie zu einer anderen Website f\u00fchrt. Wir empfehlen Ihnen, die Datenschutzerkl\u00e4rungen dieser verlinkten Websites zu lesen, da sich deren Datenschutzrichtlinien von unseren unterscheiden k\u00f6nnen.<\/p>\n","protected":false},"excerpt":{"rendered":"<p>Willkommen bei https:\/\/myspainfood.com (die &#8222;Website&#8220;). Wir sind uns bewusst, dass der Online-Datenschutz f\u00fcr die Nutzer unserer Website wichtig ist, insbesondere bei der Abwicklung von Gesch\u00e4ften. Diese Erkl\u00e4rung regelt unsere Datenschutzrichtlinien in Bezug auf die Benutzer der Website (&#8222;Besucher&#8220;), die die Website besuchen, ohne Gesch\u00e4fte abzuschlie\u00dfen, und die Besucher, die sich registrieren, um Gesch\u00e4fte auf der [&hellip;]<\/p>\n","protected":false},"author":1,"featured_media":0,"parent":0,"menu_order":0,"comment_status":"closed","ping_status":"closed","template":"","meta":{"_et_pb_use_builder":"","_et_pb_old_content":"","_et_gb_content_width":"","footnotes":""},"class_list":["post-16193","page","type-page","status-publish","hentry"],"_links":{"self":[{"href":"https:\/\/myspainfood.com\/de\/wp-json\/wp\/v2\/pages\/16193","targetHints":{"allow":["GET"]}}],"collection":[{"href":"https:\/\/myspainfood.com\/de\/wp-json\/wp\/v2\/pages"}],"about":[{"href":"https:\/\/myspainfood.com\/de\/wp-json\/wp\/v2\/types\/page"}],"author":[{"embeddable":true,"href":"https:\/\/myspainfood.com\/de\/wp-json\/wp\/v2\/users\/1"}],"replies":[{"embeddable":true,"href":"https:\/\/myspainfood.com\/de\/wp-json\/wp\/v2\/comments?post=16193"}],"version-history":[{"count":1,"href":"https:\/\/myspainfood.com\/de\/wp-json\/wp\/v2\/pages\/16193\/revisions"}],"predecessor-version":[{"id":16194,"href":"https:\/\/myspainfood.com\/de\/wp-json\/wp\/v2\/pages\/16193\/revisions\/16194"}],"wp:attachment":[{"href":"https:\/\/myspainfood.com\/de\/wp-json\/wp\/v2\/media?parent=16193"}],"curies":[{"name":"wp","href":"https:\/\/api.w.org\/{rel}","templated":true}]}}