{"id":16288,"date":"2025-04-10T15:12:12","date_gmt":"2025-04-10T13:12:12","guid":{"rendered":"https:\/\/myspainfood.com\/einkauf-rueckgabe-und-versand\/"},"modified":"2025-05-05T11:17:20","modified_gmt":"2025-05-05T09:17:20","slug":"einkauf-rueckgabe-und-versand","status":"publish","type":"page","link":"https:\/\/myspainfood.com\/de\/einkauf-rueckgabe-und-versand\/","title":{"rendered":"Einkauf, R\u00fcckgabe und Versand"},"content":{"rendered":"\n<p>Diese Vereinbarung regelt die allgemeinen Bedingungen f\u00fcr den Kauf der verschiedenen Produkte und Dienstleistungen, die auf dieser Website von SAMI SUMINISTROS HOSTELEROS, S. L. (im Folgenden MY SPAIN FOOD) mit der NIF B84614064 und der Adresse c\/ Luis i 60, sotano, nave 27. 28031 Madrid, Spanien, angeboten werden. Madrid, Spanien.<br\/>Wenn der KUNDE den Registrierungsprozess abschlie\u00dft und eines unserer Produkte kauft, akzeptiert er ausdr\u00fccklich die unten aufgef\u00fchrten Klauseln sowie die Bedingungen f\u00fcr den Zugang und die Nutzung unserer Website und die Datenschutzrichtlinie, die \u00fcber den Link Datenschutzrichtlinie zug\u00e4nglich ist.<br\/>Der KUNDE erkennt an, dass er ausreichend rechtsf\u00e4hig ist, um eine vertragliche Verpflichtung einzugehen.<br\/>Dieser Vertrag ist in den rechtlichen Hinweisen auf unserer Website dauerhaft zug\u00e4nglich.  <\/p>\n\n<p>PREISE UND STEUERN<br\/>Als Gegenleistung f\u00fcr das gekaufte Produkt erkl\u00e4rt sich der KUNDE ausdr\u00fccklich damit einverstanden, MY SPAIN FOOD die Betr\u00e4ge zu zahlen, die zum Zeitpunkt des Kaufs in der Preisliste auf der Website https:\/\/www.myspainfood.es f\u00fcr die gew\u00e4hlten Produkte angegeben sind.<br\/>Die auf dieser Website angebotenen Produkte unterliegen der nationalen Verbrauchssteuer, die in den f\u00fcr jedes Produkt angegebenen Preisen INKLUSIVE ist.<br\/>Die Transportkosten sind NICHT im Preis der Produkte enthalten.<br\/>Sobald die Auswahl der Produkte abgeschlossen ist und bevor Sie die Bestellung best\u00e4tigen und zur Zahlung \u00fcbergehen, wird der endg\u00fcltige Preis des Kaufs auf dem Bildschirm angezeigt, der gegebenenfalls Steuern, Bearbeitungs-, Verpackungs- und Versandkosten enth\u00e4lt, die zum Zeitpunkt des Kaufs auf dem Bestellformular und auf der Rechnung ausgewiesen werden.<br\/>Alles, was in der Beschreibung nicht als enthalten angegeben ist, ist nicht enthalten.<\/p>\n\n<p>2. KAUFVERFAHREN<br\/>Nur Personen \u00fcber 14 Jahre (ohne Alkohol) und \u00fcber 18 Jahre (mit Alkohol) sowie Unternehmen k\u00f6nnen \u00fcber diese Website Bestellungen aufgeben.<br\/>Alle unsere Produkte sind auf der Website einzeln aufgef\u00fchrt. Das Verfahren, um Ihren Einkauf zu t\u00e4tigen und zu verwalten, ist auf der Website angegeben und sollte in folgenden Schritten erfolgen:<br\/>a. W\u00e4hlen Sie das Produkt, das Sie kaufen m\u00f6chten.<br\/>b. Wenn Sie ein Produkt ausgew\u00e4hlt haben, k\u00f6nnen Sie es in den Einkaufskorb legen und w\u00e4hlen, ob Sie den Einkauf fortsetzen oder die Bestellung bearbeiten m\u00f6chten.<br\/>c. Um die Bestellung zu bearbeiten, m\u00fcssen Sie ein Formular mit Ihren pers\u00f6nlichen Daten ausf\u00fcllen, um den Kaufvorgang zu formalisieren.<br\/>d. Anschlie\u00dfend wird die Bestellung \u00fcberpr\u00fcft, wobei die ausgew\u00e4hlten Artikel einzeln aufgef\u00fchrt werden und der Gesamtpreis berechnet wird.<br\/>e. Sie m\u00fcssen auch die Rechnungs- und Lieferadresse f\u00fcr den Kauf angeben. Sie k\u00f6nnen eine einzige Adresse f\u00fcr Rechnung und Lieferung angeben.<br\/>f. Sobald der Vorgang abgeschlossen ist, m\u00fcssen Sie ein K\u00e4stchen ankreuzen, um zu best\u00e4tigen, dass Sie die Verkaufsbedingungen gelesen und akzeptiert haben.<br\/>g. Die Website stellt Ihnen die Zahlungsmechanismen je nach dem jeweils gew\u00e4hlten System zur Verf\u00fcgung.<br\/>h. Sobald Sie die Zahlungsdaten eingegeben haben, m\u00fcssen Sie die Bestellung durch Klicken auf die Schaltfl\u00e4che &#8222;Kaufen&#8220; best\u00e4tigen.<br\/>i. Sobald Sie auf die Schaltfl\u00e4che &#8222;Kaufen&#8220; geklickt haben, ist die Zahlung erfolgt und die Produkte stehen Ihnen zur Verf\u00fcgung.<br\/>Der KUNDE wird darauf hingewiesen, dass die Fotos und Beschreibungen der Produkte auf der Website ein ungef\u00e4hres Abbild der angebotenen Produkte und Dienstleistungen sind und daher vom Original abweichen k\u00f6nnen. Die Beschreibungen und Abbildungen der auf dieser Website angebotenen Produkte haben lediglich informativen Charakter.          <\/p>\n\n<p>3. VERF\u00dcGBARKEIT UND LIEFERUNG<br\/>Die von MY SPAIN FOOD angebotenen Produkte sind nur f\u00fcr den Vertrieb auf dem spanischen Festland verf\u00fcgbar.<br\/>Die Bestellungen werden nach ordnungsgem\u00e4\u00dfem Zahlungseingang bearbeitet. Die von MY SPAIN FOOD angebotenen Produkte unterliegen immer der Verf\u00fcgbarkeit, die auf unserer Website f\u00fcr jedes Produkt ausdr\u00fccklich angegeben wird, so dass der Kunde im Falle der Nichtverf\u00fcgbarkeit eines Artikels ordnungsgem\u00e4\u00df \u00fcber die fehlende Verf\u00fcgbarkeit informiert wird. Unter normalen Bedingungen sind alle Produkte, die auf unserer Website erscheinen, innerhalb der angegebenen Zeiten lieferbar. Sollte das vom KUNDEN bestellte Produkt nach der Bestellung nicht mehr vorr\u00e4tig sein, wird der KUNDE ordnungsgem\u00e4\u00df dar\u00fcber informiert und es wird ihm ein alternatives Produkt mit \u00e4hnlichen Eigenschaften zum gleichen Preis und in gleicher Qualit\u00e4t angeboten. Sollte der KUNDE dennoch nicht daran interessiert sein, das vorgeschlagene Alternativprodukt zu akzeptieren, wird MY SPAIN FOOD den bereits gezahlten Betrag zur\u00fcckerstatten und den KUNDEN \u00fcber die Modalit\u00e4ten und Fristen f\u00fcr die R\u00fcckerstattung informieren. In der Regel betr\u00e4gt die maximale Lieferzeit f\u00fcr die Lieferung nach Hause 5 bis 10 Tage ab dem Zeitpunkt des Kaufs und der Best\u00e4tigung Ihrer Zahlung, wobei Bestellungen, die vor 14:00 Uhr eingehen, noch am selben Tag und immer an Werktagen in der Stadt Madrid (SPANIEN) bearbeitet werden. Diese Lieferzeiten sind ungef\u00e4hre Angaben und in keinem Fall verbindlich f\u00fcr MY SPAIN FOOD. Die Lieferungen erfolgen an Werktagen (Montag bis Freitag). Die Lieferung des zu Hause gekauften Produkts erfolgt durch den Spediteur zusammen mit einem Lieferschein an die auf dem Bestellformular angegebene Adresse, den der Kunde als Empfangsbest\u00e4tigung unterschreiben muss. Ebenso wird der KUNDE im Falle eines Zwischenfalls oder einer Verz\u00f6gerung der Lieferung aus irgendeinem Grund ordnungsgem\u00e4\u00df informiert. Wenn die Lieferung an die angegebene Adresse aufgrund der Abwesenheit des Empf\u00e4ngers nicht m\u00f6glich ist, setzt sich der Spediteur direkt mit dem KUNDEN in Verbindung, um entweder einen Liefertermin oder die Abholung des Pakets in der entsprechenden Filiale zu vereinbaren oder um ihm in jedem Fall die Schritte mitzuteilen, die er unternehmen muss, um die Produkte zu erhalten.<br\/>Wenn die Bestellung nach Ablauf der Frist nicht abgeholt wurde, wird sie an unsere Lager zur\u00fcckgeschickt, und es wird eine E-Mail verschickt, in der angegeben wird, wie die Lieferung letztendlich durchgef\u00fchrt wird. In diesem Fall gehen die Versandkosten zu Lasten des KUNDEN. Es besteht auch die M\u00f6glichkeit, die Bestellung im Gesch\u00e4ft abzuholen; wenn der KUNDE diese Option w\u00e4hlt, wird die Bestellung nach erfolgter Zahlung vorbereitet. Sobald die Bestellung vorbereitet wurde, erh\u00e4lt der KUNDE innerhalb von 24 bis 48 Stunden nach der Best\u00e4tigung der Bestellung eine E-Mail, in der er dar\u00fcber informiert wird, dass die Bestellung zur Abholung bereitsteht, sowie die \u00fcbrigen relevanten Informationen. Wenn der KUNDE diese Versandart w\u00e4hlt, fallen f\u00fcr ihn keine Versand- oder Transportkosten an. Wenn der KUNDE, der sich f\u00fcr die Abholung der Bestellung im Gesch\u00e4ft entschieden hat, nach dem Versand der E-Mail, in der er dar\u00fcber informiert wird, dass die Bestellung zur Abholung bereitsteht, nicht innerhalb von 48-72 Stunden kommt, je nach Art der Bestellung (verderbliche physische Produkte), verliert der KUNDE alle Rechte an dem get\u00e4tigten Kauf. Handelt es sich nicht um solche Produkte, betr\u00e4gt die Frist f\u00fcr die Abholung im Gesch\u00e4ft 7 Tage. Bei Nichtabholung setzen wir uns mit dem KUNDEN in Verbindung, um die Lieferung der Bestellung endg\u00fcltig zu veranlassen.                 Um jederzeit \u00fcber die Verwaltung Ihres Einkaufs informiert zu sein, erhalten Sie eine E-Mail-Benachrichtigung \u00fcber die Best\u00e4tigung Ihrer Bestellung und Zahlung. Der KUNDE kann auch den Status seiner Bestellung \u00fcberpr\u00fcfen, indem er eine E-Mail an hola@myspainfood.com schickt. <\/p>\n\n<p>4. ZAHLUNG UND ZAHLUNGSBEDINGUNGEN<br\/>Die folgenden Zahlungsarten werden akzeptiert:<br\/>- Kredit- und Debitkarte. Die Transaktion wird \u00fcber eine direkte Verbindung zu Stripe abgewickelt. <br\/>- GOOGLE PAY. Die Transaktion wird \u00fcber eine direkte Verbindung zu Stripe durchgef\u00fchrt. <br\/>- APPLE PAY. Die Transaktion wird \u00fcber eine direkte Verbindung zu Stripe durchgef\u00fchrt. <br\/>- Paypal. Direkte Verbindung mit Paypal. <br\/>- Bank\u00fcberweisung. Durch \u00dcberweisung des Gesamtbetrags des Einkaufs auf das angegebene Girokonto. Sobald die Zahlung erfolgt ist, erhalten Sie eine Best\u00e4tigungs-E-Mail.<br\/>MY SPAIN FOOD hat keinen Zugriff auf Ihre Kreditkartendaten. Alle unsere Zahlungssysteme sind absolut sicher. Die Zahlungen erfolgen vor der Lieferung des Produkts oder der Erbringung der Dienstleistung, so dass MY SPAIN FOOD das angeforderte Produkt erst nach Zahlungseingang liefern kann. MY SPAIN FOOD beh\u00e4lt sich das Recht vor, die erbrachten Dienstleistungen vor\u00fcbergehend oder endg\u00fcltig zu stornieren, wenn es zu einem Zahlungsausfall kommt. Der KUNDE wird dar\u00fcber informiert, dass bei Kartenzahlungen der Inhaber der verwendeten Kredit- oder Debitkarte der Verantwortliche f\u00fcr die Vorg\u00e4nge ist.      <\/p>\n\n<p>5. RECHNUNGEN<br\/>Sie erhalten zum Zeitpunkt des Kaufs eine Kaufquittung per E-Mail. Wenn Sie eine Rechnung erhalten m\u00f6chten, m\u00fcssen Sie sich an den Kundendienst (hola@myspainfood.com) wenden, um uns die erforderlichen steuerlichen Daten mitzuteilen. Der KUNDE ist daf\u00fcr verantwortlich, den Erhalt der Mitteilungen zu best\u00e4tigen und uns jede \u00c4nderung seiner Daten mitzuteilen, wobei LA MY SPAIN FOOD von jeglicher Haftung befreit ist, die sich aus diesem Umstand ergibt.  <\/p>\n\n<p>6. GARANTIE<br\/>Bei MY SPAIN FOOD sind wir bestrebt, Dienstleistungen von h\u00f6chster Qualit\u00e4t anzubieten. In Anbetracht der Natur dieser Produkte (verderbliche Produkte) bieten wir eine Zufriedenheitsgarantie f\u00fcr die meisten unserer Produkte. Sollten Sie das Produkt oder die Dienstleistung aus irgendeinem Grund nicht korrekt erhalten, sollten Sie uns so schnell wie m\u00f6glich unter Angabe des Vorfalls informieren und wir werden versuchen, den Fehler so schnell wie m\u00f6glich zu beheben.<br\/>Alle unsere nicht verderblichen Produkte unterliegen Qualit\u00e4tskontrollen und sind f\u00fcr einen Zeitraum von 2 Jahren ab dem Kaufdatum oder andernfalls ab dem Verfallsdatum gegen Herstellungsfehler garantiert. Die Garantie deckt alle Fabrikations-, Konstruktions- oder Materialfehler ab, wobei die Nichtkonformit\u00e4t innerhalb von 14 Tagen nach Bekanntwerden gemeldet werden muss. Die Garantie deckt nur fehlerhafte Produkte ab. Sie deckt keine St\u00f6\u00dfe, unsachgem\u00e4\u00dfen Gebrauch oder andere Dinge ab, die nicht auf einen Fehler des Lieferanten oder einen Defekt des Produkts zur\u00fcckzuf\u00fchren sind. W\u00e4hrend der Garantiezeit kann der KUNDE das Produkt zur\u00fcckgeben und wir werden es reparieren oder ersetzen. Die Transportkosten, die durch R\u00fccksendungen im Rahmen der Garantie entstehen, gehen NICHT zu Lasten des KUNDEN. Das Garantiedokument ist die Kaufrechnung.       <\/p>\n\n<p>7. R\u00dcCKGABE<br\/>Die folgenden Bedingungen f\u00fcr die R\u00fcckgabe unserer Produkte gelten nicht im Falle der Aus\u00fcbung des Widerrufsrechts. R\u00fccksendungen oder Umtausch von Produkten werden nur im Falle von Herstellungsfehlern, Transportsch\u00e4den oder Lieferfehlern akzeptiert. In jedem Fall d\u00fcrfen seit dem Erhalt des Produkts nicht mehr als 14 Tage verstrichen sein und die Verpackung und das Zubeh\u00f6r m\u00fcssen enthalten sein. Es ist vorher zu pr\u00fcfen, ob es sich um einen Fabrikations- oder Verpackungsfehler oder eine Anomalie handelt und nicht auf eine unsachgem\u00e4\u00dfe oder nachl\u00e4ssige Verwendung, Handhabung oder Lagerung zur\u00fcckzuf\u00fchren ist. Ihnen muss immer der entsprechende Lieferschein oder die Rechnung beigef\u00fcgt werden. Sowohl im Falle einer R\u00fccksendung aufgrund eines Fabrikations- oder Verpackungsfehlers als auch im Falle eines Fehlers in der Bestellung wird dem KUNDEN, wenn m\u00f6glich, der Ersatz durch eine andere Alternative angeboten, ohne zus\u00e4tzliche Kosten und ohne das Recht des KUNDEN auf irgendeine Art von Entsch\u00e4digung. Die durch den Versand der Bestellung entstehenden Kosten gehen zu Lasten von MY SPAIN FOOD. In jedem Fall unterliegt die R\u00fccksendung immer einer vorherigen Pr\u00fcfung des Zustands des zur\u00fcckgesandten Produkts durch MY SPAIN FOOD und der \u00dcberpr\u00fcfung der \u00dcbereinstimmung mit den Anforderungen dieser Verkaufsbedingungen. Nach Erhalt der R\u00fccksendung werden wir Ihnen den Betrag innerhalb einer Frist von maximal 30 Tagen und innerhalb der gleichen Fristen, die f\u00fcr die Zahlung verwendet wurden, zur\u00fcckerstatten. MY SPAIN FOOD beh\u00e4lt sich das Recht vor, R\u00fccksendungen abzulehnen, die nach Ablauf der Frist mitgeteilt oder gesendet wurden, oder Produkte, die sich nicht in demselben Zustand befinden, in dem sie empfangen wurden. R\u00fccksendungen werden durch eine E-Mail an hola@myspainfood.es mit einer Beschreibung der Gr\u00fcnde und der Begr\u00fcndung f\u00fcr die R\u00fccksendung bearbeitet. Au\u00dferdem m\u00fcssen Sie Ihren Vor- und Nachnamen und die Referenznummer der Bestellung angeben. Sobald die Anfrage eingegangen ist, werden wir sie z\u00fcgig bearbeiten.            <\/p>\n\n<p>8. R\u00dcCKTRITTSRECHT<br\/>In Anbetracht der Beschaffenheit des Produkts (verderbliches Produkt) und seiner Aufbewahrungsbedingungen und gem\u00e4\u00df Artikel 103 Punkte d und e des K\u00f6niglichen Gesetzesdekrets 1\/2007 vom 16. November zum Schutz der Verbraucher und Nutzer ist das Widerrufsrecht auf diesen Vertrag nicht anwendbar. F\u00fcr jedes Produkt, das nicht als verderblich gilt (Art. 103.d) und sofern es nicht entsiegelt wurde (Art. 103.e), haben Sie das Recht, innerhalb von 14 Kalendertagen von diesem Vertrag zur\u00fcckzutreten, ohne dass es einer Begr\u00fcndung bedarf. Die Widerrufsfrist l\u00e4uft 14 Kalendertage nach dem Tag des Vertragsabschlusses ab. Um Ihr Widerrufsrecht auszu\u00fcben, m\u00fcssen Sie uns, MY SPAIN FOOD c\/ Luis I 60, s\u00f3tano, nave 27 , 28031, Madrid, Spanien E-Mail: hola@myspainfood.com, mittels einer eindeutigen Erkl\u00e4rung (z. B. ein mit der Post versandter Brief, Telefax oder E-Mail) \u00fcber Ihren Entschluss, diesen Vertrag zu widerrufen, informieren. Sie k\u00f6nnen daf\u00fcr das nachstehende Muster-Widerrufsformular verwenden, das jedoch nicht vorgeschrieben ist. Muster-Widerrufsformular Zu H\u00e4nden von MY SPAIN FOOD c\/ Luis I 60, s\u00f3tano, nave 27 MADRID (28031) Spanien hola@myspainfood.com Hiermit teile ich Ihnen mit, dass ich den Vertrag \u00fcber den Kauf der folgenden Waren widerrufe: Erhalten\/bestellt am: Name des Verbrauchers: Unterschrift des Verbrauchers Datum Zur Wahrung der Widerrufsfrist reicht es aus, dass Sie die Mitteilung \u00fcber die Aus\u00fcbung des Widerrufsrechts vor Ablauf der Widerrufsfrist absenden.     <br\/>Folgen des Widerrufs:<br\/>Im Falle eines Widerrufs Ihrerseits haben wir Ihnen alle Zahlungen, die wir von Ihnen erhalten haben, unverz\u00fcglich und in jedem Fall sp\u00e4testens binnen 14 Kalendertagen ab dem Tag zur\u00fcckzuzahlen, an dem Sie uns \u00fcber Ihren Entschluss, diesen Vertrag zu widerrufen, informieren. Der KUNDE tr\u00e4gt die unmittelbaren Kosten der R\u00fccksendung der Waren, wobei die Kosten der Abholung von der Erstattung abgezogen werden, es sei denn, es liegt ein Qualit\u00e4tsmangel oder ein Versandfehler unsererseits vor. F\u00fcr diese R\u00fcckzahlung verwenden wir dasselbe Zahlungsmittel, das Sie bei der urspr\u00fcnglichen Transaktion eingesetzt haben, es sei denn, mit Ihnen wurde ausdr\u00fccklich etwas anderes vereinbart; in keinem Fall werden Ihnen wegen dieser R\u00fcckzahlung Entgelte berechnet. Sie haben die Waren unverz\u00fcglich und in jedem Fall sp\u00e4testens binnen 14 Kalendertagen ab dem Tag, an dem Sie uns \u00fcber den Widerruf dieses Vertrags unterrichten, an uns zur\u00fcckzusenden oder zu \u00fcbergeben. Die Frist ist gewahrt, wenn Sie die Waren vor Ablauf der Frist zur\u00fccksenden. Die zur\u00fcckzusendenden Waren m\u00fcssen sich in einwandfreiem Zustand befinden, d\u00fcrfen nicht besch\u00e4digt oder verformt sein und keine Anzeichen von Verschlei\u00df, Kratzern oder Flecken aufweisen. Sie m\u00fcssen f\u00fcr einen etwaigen Wertverlust der Waren aufkommen, der auf einen zur Pr\u00fcfung der Beschaffenheit, Eigenschaften und Funktionsweise der Waren nicht notwendigen Umgang mit ihnen zur\u00fcckzuf\u00fchren ist.      <\/p>\n\n<p>9. ERF\u00dcLLUNG DES VERTRAGS UND \u00c4NDERUNGEN DER DIENSTLEISTUNGEN<br\/>Der vorliegende Vertrag kommt mit der Bezahlung des Produkts und der Zusendung einer Best\u00e4tigungs-E-Mail mit einer Beschreibung des get\u00e4tigten Kaufs an den KUNDEN zustande.<br\/>MY SPAIN FOOD beh\u00e4lt sich das Recht vor, die Merkmale und Bedingungen seiner Dienstleistungen in irgendeiner Weise zu \u00e4ndern, immer mit dem Ziel, sie zu verbessern und zum Vorteil des KUNDEN.<\/p>\n\n<p>10. VERPFLICHTUNGEN DER PARTEIEN<br\/>MY SPAIN FOOD verpflichtet sich, dem KUNDEN die vertraglich vereinbarten Produkte und Dienstleistungen mit gr\u00f6\u00dftm\u00f6glicher Sorgfalt zur Verf\u00fcgung zu stellen, f\u00fcr die Wartung der f\u00fcr den Betrieb des Netzes erforderlichen Anlagen zu sorgen und zu diesem Zweck \u00fcber die entsprechende technische und EDV-Ausr\u00fcstung zu verf\u00fcgen sowie die logistischen Abl\u00e4ufe, den Versand und die Lieferung der gekauften Waren durch den Spediteur zu verwalten.<br\/>Der KUNDE verpflichtet sich, die zur Verf\u00fcgung gestellten Dienste nach Treu und Glauben zu nutzen, ohne in irgendeiner Weise gegen das Gesetz zu versto\u00dfen oder die Rechte Dritter zu verletzen, sowie das ausgew\u00e4hlte Produkt zu dem in diesen Verkaufsbedingungen festgelegten Zeitpunkt und auf die festgelegte Weise zu bezahlen und es an dem f\u00fcr die Lieferung angegebenen Ort in Empfang zu nehmen. MY SPAIN FOOD garantiert nicht, dass die Verf\u00fcgbarkeit des vertragsgegenst\u00e4ndlichen Dienstes aufgrund von Umst\u00e4nden, die durch Probleme im Internetnetzwerk, Ausf\u00e4lle von Computerger\u00e4ten und andere unvorhersehbare Umst\u00e4nde verursacht werden, kontinuierlich und ununterbrochen gegeben ist. Der KUNDE verpflichtet sich daher, diese Umst\u00e4nde im Rahmen des Zumutbaren zu ertragen, und verzichtet daher ausdr\u00fccklich auf jegliche vertragliche oder au\u00dfervertragliche Haftung gegen\u00fcber LA MY SPAIN FOOD f\u00fcr m\u00f6gliche Ausf\u00e4lle, Fehler und die Nutzung des vertraglichen Dienstes.  <\/p>\n\n<p>11. KOMMUNIKATION<br\/>Alle Benachrichtigungen zwischen den Parteien erfolgen vorzugsweise per E-Mail. Der KUNDE ist daf\u00fcr verantwortlich, den Erhalt der Mitteilungen zu best\u00e4tigen und MY SPAIN FOOD \u00fcber jede \u00c4nderung seiner Daten zu informieren, wobei er von jeglicher Haftung, die sich aus diesem Umstand ergibt, entbunden ist. Im Falle einer \u00c4nderung muss der KUNDE MY SPAIN FOOD per E-Mail oder \u00fcber die auf unserer Website angegebenen Telefonnummern benachrichtigen. Gem\u00e4\u00df Artikel 21 des Gesetzes 34\/2002 \u00fcber Dienstleistungen der Informationsgesellschaft und des elektronischen Handels informieren wir Sie dar\u00fcber, dass unsere Werbesendungen und Informationen \u00fcber unsere Website und die dort angebotenen Produkte per E-Mail an die von Ihnen angegebene, jederzeit widerrufbare E-Mail-Adresse gesendet werden. Sie haben in jedem Fall die M\u00f6glichkeit, unsere kommerziellen Mitteilungen abzulehnen, indem Sie eine E-Mail an die Adresse hola@myspainfood.com senden und in der Betreffzeile das Wort UNSUBSCRIBE angeben.    <\/p>\n\n<p>12. VERPFLICHTUNG, AKZEPTANZ UND G\u00dcLTIGKEIT DES VERTRAGES<br\/>Der KUNDE best\u00e4tigt, die rechtlichen Nutzungsbedingungen und die Datenschutzbestimmungen der Website gelesen und akzeptiert zu haben. Der KUNDE best\u00e4tigt, dass er alle Informationen zu den auf unserer Website angebotenen Produkten und Dienstleistungen, gegebenenfalls einschlie\u00dflich der Lieferung, sowie alle in diesem elektronischen Vertrag enthaltenen Bedingungen und Bestimmungen verstanden hat, und erkl\u00e4rt daher, dass sie f\u00fcr den Ausschluss von Irrt\u00fcmern bei der Zustimmung zu diesem Vertrag ausreichen, und akzeptiert sie daher vollst\u00e4ndig und ausdr\u00fccklich. Der KUNDE ist sich dar\u00fcber im Klaren, dass die Annahme und Ausf\u00fchrung dieses Vertrags durch die Angabe seiner Daten und das Anklicken der auf unserer Website angegebenen Schaltfl\u00e4che &#8222;Kaufen&#8220; erfolgt und mit der Bezahlung der Dienstleistung abgeschlossen wird.  <\/p>\n\n<p>13. MINDERJ\u00c4HRIGE UNTER 18<br\/>MY SPAIN FOOD verpflichtet sich, keine Transaktionen zuzulassen, die illegal sind oder die nach Ansicht der Kreditkartenmarken oder der erwerbenden Bank den guten Ruf der Marken sch\u00e4digen oder sie negativ beeinflussen k\u00f6nnen. Die Programme der Kartenmarken verbieten folgende Aktivit\u00e4ten: den Verkauf oder das Angebot eines Produkts oder einer Dienstleistung, die nicht vollst\u00e4ndig mit allen Gesetzen \u00fcbereinstimmen, die f\u00fcr den Acquirer, die ausgebende Bank, den H\u00e4ndler, den Karteninhaber oder die Karten gelten. Dar\u00fcber hinaus sind auch die folgenden Aktivit\u00e4ten ausdr\u00fccklich verboten: &#8222;Verkauf von alkoholischen Getr\u00e4nken an Personen unter 18 Jahren&#8220;.  <\/p>\n\n<p>14. ANWENDBARES RECHT<br\/>Dieser Vertrag ist kommerzieller Natur und unterliegt spanischem Recht und wird nach diesem ausgelegt. Im Falle von Unstimmigkeiten oder Meinungsverschiedenheiten zwischen den Parteien in Bezug auf die Auslegung, den Inhalt oder die Ausf\u00fchrung des Vertrags, die nicht einvernehmlich gel\u00f6st werden, unterwerfen sich die Parteien den jeweils zust\u00e4ndigen Gerichten und in den F\u00e4llen, in denen vorgesehen ist, dass sich die Parteien einer Gerichtsbarkeit unterwerfen k\u00f6nnen, den Gerichten und Tribunalen von Madrid, wobei sie ausdr\u00fccklich auf jede andere Gerichtsbarkeit, die ihnen entsprechen k\u00f6nnte, verzichten. Wir stellen unseren Kunden au\u00dferdem den folgenden Link zur Verf\u00fcgung, um auf die offizielle Online-Plattform der Europ\u00e4ischen Kommission f\u00fcr die Beilegung von Streitigkeiten zuzugreifen: https:\/\/ec.europa.eu\/consumers\/odr\/main\/index.cfm?event=main.home2.show&amp;lng=ES  <\/p>\n\n<p>15. PERS\u00d6NLICHE DATEN<br\/>Siehe Datenschutzrichtlinie. Achtung! Diese Allgemeinen Gesch\u00e4ftsbedingungen sind am 29\/7\/2021 aktualisiert worden. Wir k\u00f6nnen sie jederzeit \u00e4ndern, ebenso wie die Liste der Preise und der angebotenen Produkte. Bitte \u00fcberpr\u00fcfen Sie bei jedem Zugriff auf unsere Website das Ausgabedatum, um sicherzustellen, dass keine \u00c4nderungen vorgenommen wurden, die Sie betreffen k\u00f6nnten.   <\/p>\n","protected":false},"excerpt":{"rendered":"<p>Diese Vereinbarung regelt die allgemeinen Bedingungen f\u00fcr den Kauf der verschiedenen Produkte und Dienstleistungen, die auf dieser Website von SAMI SUMINISTROS HOSTELEROS, S. L. (im Folgenden MY SPAIN FOOD) mit der NIF B84614064 und der Adresse c\/ Luis i 60, sotano, nave 27. 28031 Madrid, Spanien, angeboten werden. Madrid, Spanien.Wenn der KUNDE den Registrierungsprozess abschlie\u00dft [&hellip;]<\/p>\n","protected":false},"author":1,"featured_media":0,"parent":0,"menu_order":0,"comment_status":"closed","ping_status":"closed","template":"","meta":{"_et_pb_use_builder":"","_et_pb_old_content":"","_et_gb_content_width":"","footnotes":""},"class_list":["post-16288","page","type-page","status-publish","hentry"],"_links":{"self":[{"href":"https:\/\/myspainfood.com\/de\/wp-json\/wp\/v2\/pages\/16288","targetHints":{"allow":["GET"]}}],"collection":[{"href":"https:\/\/myspainfood.com\/de\/wp-json\/wp\/v2\/pages"}],"about":[{"href":"https:\/\/myspainfood.com\/de\/wp-json\/wp\/v2\/types\/page"}],"author":[{"embeddable":true,"href":"https:\/\/myspainfood.com\/de\/wp-json\/wp\/v2\/users\/1"}],"replies":[{"embeddable":true,"href":"https:\/\/myspainfood.com\/de\/wp-json\/wp\/v2\/comments?post=16288"}],"version-history":[{"count":1,"href":"https:\/\/myspainfood.com\/de\/wp-json\/wp\/v2\/pages\/16288\/revisions"}],"predecessor-version":[{"id":16289,"href":"https:\/\/myspainfood.com\/de\/wp-json\/wp\/v2\/pages\/16288\/revisions\/16289"}],"wp:attachment":[{"href":"https:\/\/myspainfood.com\/de\/wp-json\/wp\/v2\/media?parent=16288"}],"curies":[{"name":"wp","href":"https:\/\/api.w.org\/{rel}","templated":true}]}}