{"id":17074,"date":"2025-04-10T12:05:09","date_gmt":"2025-04-10T10:05:09","guid":{"rendered":"https:\/\/myspainfood.com\/producto\/kimbos-gordal-gordal-oliven-und-gurken-900-gr-chicon\/"},"modified":"2025-05-08T13:29:42","modified_gmt":"2025-05-08T11:29:42","slug":"kimbos-gordal-gordal-oliven-und-gurken-900-gr-chicon","status":"publish","type":"product","link":"https:\/\/myspainfood.com\/de\/producto\/kimbos-gordal-gordal-oliven-und-gurken-900-gr-chicon\/","title":{"rendered":"Kimbos Gordal - gordal Oliven und Gurken 900 gr Chic\u00f3n"},"content":{"rendered":"<h3>Warum sollten Sie Kimbos Gordal Oliven gef\u00fcllt mit Gurke verwenden?<\/h3>\n<p>Kimbos Gordal ist eine Variante einer der beliebtesten gef\u00fcllten Oliven sowohl in Spanien als auch im Ausland.<\/p>\n<p>Eine ihrer Besonderheiten ist ihre Gr\u00f6\u00dfe, denn sie ist meist gr\u00f6\u00dfer als andere Sorten.<\/p>\n<p>Das macht sie zu einer idealen Olive, um sie bei Tisch gef\u00fcllt mit verschiedenen Lebensmitteln zu servieren, z.B. mit Sardellen, Gurken oder Paprika.<\/p>\n<p>Der Name &#8222;Aceituna Gordal&#8220; kommt von seiner Gr\u00f6\u00dfe.<\/p>\n<p>Man k\u00f6nnte sagen, dass es ziemlich attraktiv und auff\u00e4llig ist.<\/p>\n<p>Obwohl sie urspr\u00fcnglich aus <a href=\"https:\/\/aceitunaschiconlebron.com\/catalogo\/aceituna-gordal-rellena-de-pepinillo\/\" target=\"_blank\" rel=\"noopener noreferrer nofollow\">Andalusien<\/a> stammt, hat sich der Verzehr der Gordal-Olive mit Gurkenf\u00fcllung bis in die Vereinigten Staaten verbreitet, wo sie au\u00dferhalb Spaniens am weitesten verbreitet ist.<\/p>\n<p>Wenn Sie Oliven oder eine andere Art von <a href=\"https:\/\/latiendadesami.com\/categoria-producto\/encurtidos\/\" rel=\"noopener noreferrer nofollow\" target=\"_blank\">eingelegten Lebensmitteln<\/a> kaufen m\u00f6chten, z\u00f6gern Sie nicht, einen Blick in unseren Online-Katalog zu werfen, um die gro\u00dfe Auswahl an <a href=\"https:\/\/latiendadesami.com\/categoria-producto\/encurtidos\/aceitunas\/\" target=\"_blank\" rel=\"noopener noreferrer nofollow\">Oliven<\/a> zu sehen, die wir anbieten.<\/p>\n","protected":false},"excerpt":{"rendered":"<p>Warum sollten Sie Kimbos Gordal Oliven gef\u00fcllt mit Gurke verwenden? Kimbos Gordal ist eine Variante einer der beliebtesten gef\u00fcllten Oliven sowohl in Spanien als auch im Ausland. Eine ihrer Besonderheiten ist ihre Gr\u00f6\u00dfe, denn sie ist meist gr\u00f6\u00dfer als andere Sorten. Das macht sie zu einer idealen Olive, um sie bei Tisch gef\u00fcllt mit verschiedenen [&hellip;]<\/p>\n","protected":false},"featured_media":7101,"template":"","meta":{"_et_pb_use_builder":"","_et_pb_old_content":"","_et_gb_content_width":""},"product_brand":[1036],"product_cat":[1597,1633],"product_tag":[1634,1635],"class_list":{"0":"post-17074","1":"product","2":"type-product","3":"status-publish","4":"has-post-thumbnail","6":"product_brand-chicon","7":"product_cat-essiggurken","8":"product_cat-oliven-de","9":"product_tag-gordal-de","10":"product_tag-kimbo-de","12":"first","13":"instock","14":"taxable","15":"shipping-taxable","16":"purchasable","17":"product-type-variable"},"_links":{"self":[{"href":"https:\/\/myspainfood.com\/de\/wp-json\/wp\/v2\/product\/17074","targetHints":{"allow":["GET"]}}],"collection":[{"href":"https:\/\/myspainfood.com\/de\/wp-json\/wp\/v2\/product"}],"about":[{"href":"https:\/\/myspainfood.com\/de\/wp-json\/wp\/v2\/types\/product"}],"wp:featuredmedia":[{"embeddable":true,"href":"https:\/\/myspainfood.com\/de\/wp-json\/wp\/v2\/media\/7101"}],"wp:attachment":[{"href":"https:\/\/myspainfood.com\/de\/wp-json\/wp\/v2\/media?parent=17074"}],"wp:term":[{"taxonomy":"product_brand","embeddable":true,"href":"https:\/\/myspainfood.com\/de\/wp-json\/wp\/v2\/product_brand?post=17074"},{"taxonomy":"product_cat","embeddable":true,"href":"https:\/\/myspainfood.com\/de\/wp-json\/wp\/v2\/product_cat?post=17074"},{"taxonomy":"product_tag","embeddable":true,"href":"https:\/\/myspainfood.com\/de\/wp-json\/wp\/v2\/product_tag?post=17074"}],"curies":[{"name":"wp","href":"https:\/\/api.w.org\/{rel}","templated":true}]}}