{"id":17512,"date":"2025-04-10T12:05:26","date_gmt":"2025-04-10T10:05:26","guid":{"rendered":"https:\/\/myspainfood.com\/producto\/partida-de-la-abuela-zinn-5kg\/"},"modified":"2026-01-29T11:28:11","modified_gmt":"2026-01-29T10:28:11","slug":"partida-de-la-abuela-zinn-5kg","status":"publish","type":"product","link":"https:\/\/myspainfood.com\/de\/producto\/partida-de-la-abuela-zinn-5kg\/","title":{"rendered":"Partida de la Abuela Zinn 5Kg"},"content":{"rendered":"<p>Vorteile von Partida de la Abuela Oliven Dose 5Kg<\/p>\n<p>Die Vorteile von Gro\u00dfmutters geknackten Oliven sind zahlreich, und abgesehen von ihrem hervorragenden Geschmack sind ihre Eigenschaften auch sehr vorteilhaft f\u00fcr die Gesundheit.<\/p>\n<p>Sie senken den Cholesterinspiegel. Dank der \u00d6ls\u00e4ure tragen Omas Spaltoliven dazu bei, den Cholesterinspiegel in Schach zu halten. <\/p>\n<p>Sie f\u00f6rdern die Verdauung. Dank ihres hohen Ballaststoffgehalts helfen diese Oliven, Giftstoffe auszuscheiden und die Verdauung insgesamt zu verbessern. <\/p>\n<p>Vorteile f\u00fcr die Haut. Die Vitamine A und E sind gut f\u00fcr die Haut und haben eine Anti-Aging-Wirkung. <\/p>\n<p>Sie liefern Energie. Sie enthalten viel Eisen, das bei der Synthese von Carnitin und der Energiegewinnung hilft. <\/p>\n<p>Kaufen Sie Ihre Oliven Partida de la Abuela Dose 5Kg<\/p>\n<p>Grandma&#8217;s Olives zeichnen sich durch ihren s\u00fc\u00dfen und doch intensiven Geschmack aus, sowie durch ihre charakteristische W\u00fcrze, die mit nat\u00fcrlichen Gew\u00fcrzen hergestellt wird.<\/p>\n<p>Nach 5 Jahren Lagerung werden die Fr\u00fcchte des Olivenbaums eingeweicht, bis sie die angenehme Textur unserer <a href=\"https:\/\/latiendadesami.com\/categoria-producto\/encurtidos\/\" target=\"_blank\" rel=\"noopener noreferrer nofollow\">&#8222;Encurtidos Aceitunas de la Abuela&#8220; (Gro\u00dfmutters eingelegte<\/a> Oliven) erreichen.<\/p>\n<p>Diese ganzen, festfleischigen Oliven, die nach Gro\u00dfmutters Rezept leicht zerdr\u00fcckt und <a href=\"https:\/\/es.wikipedia.org\/wiki\/Aceitunas_ali%C3%B1adas\" target=\"_blank\" rel=\"noopener noreferrer nofollow\">gew\u00fcrzt werden<\/a>, sind das Ergebnis einer langen Familientradition und stammen urspr\u00fcnglich aus Antequera in Malaga.<\/p>\n","protected":false},"excerpt":{"rendered":"<p>Vorteile von Partida de la Abuela Oliven Dose 5Kg Die Vorteile von Gro\u00dfmutters geknackten Oliven sind zahlreich, und abgesehen von ihrem hervorragenden Geschmack sind ihre Eigenschaften auch sehr vorteilhaft f\u00fcr die Gesundheit. Sie senken den Cholesterinspiegel. Dank der \u00d6ls\u00e4ure tragen Omas Spaltoliven dazu bei, den Cholesterinspiegel in Schach zu halten. Sie f\u00f6rdern die Verdauung. Dank [&hellip;]<\/p>\n","protected":false},"featured_media":7364,"template":"","meta":{"_et_pb_use_builder":"","_et_pb_old_content":"","_et_gb_content_width":""},"product_brand":[],"product_cat":[1597,1633],"product_tag":[1765,1764],"class_list":{"0":"post-17512","1":"product","2":"type-product","3":"status-publish","4":"has-post-thumbnail","6":"product_cat-essiggurken","7":"product_cat-oliven-de","8":"product_tag-artikel-de","9":"product_tag-grosmutter","11":"first","12":"instock","13":"featured","14":"taxable","15":"shipping-taxable","16":"purchasable","17":"product-type-simple"},"_links":{"self":[{"href":"https:\/\/myspainfood.com\/de\/wp-json\/wp\/v2\/product\/17512","targetHints":{"allow":["GET"]}}],"collection":[{"href":"https:\/\/myspainfood.com\/de\/wp-json\/wp\/v2\/product"}],"about":[{"href":"https:\/\/myspainfood.com\/de\/wp-json\/wp\/v2\/types\/product"}],"wp:featuredmedia":[{"embeddable":true,"href":"https:\/\/myspainfood.com\/de\/wp-json\/wp\/v2\/media\/7364"}],"wp:attachment":[{"href":"https:\/\/myspainfood.com\/de\/wp-json\/wp\/v2\/media?parent=17512"}],"wp:term":[{"taxonomy":"product_brand","embeddable":true,"href":"https:\/\/myspainfood.com\/de\/wp-json\/wp\/v2\/product_brand?post=17512"},{"taxonomy":"product_cat","embeddable":true,"href":"https:\/\/myspainfood.com\/de\/wp-json\/wp\/v2\/product_cat?post=17512"},{"taxonomy":"product_tag","embeddable":true,"href":"https:\/\/myspainfood.com\/de\/wp-json\/wp\/v2\/product_tag?post=17512"}],"curies":[{"name":"wp","href":"https:\/\/api.w.org\/{rel}","templated":true}]}}