{"id":17562,"date":"2025-04-10T12:08:06","date_gmt":"2025-04-10T10:08:06","guid":{"rendered":"https:\/\/myspainfood.com\/producto\/piparras-mit-sardellen-aus-dem-kantabrischen-meer-80-einheiten-von\/"},"modified":"2026-04-24T07:46:15","modified_gmt":"2026-04-24T05:46:15","slug":"piparras-mit-sardellen-aus-dem-kantabrischen-meer-80-einheiten-von","status":"publish","type":"product","link":"https:\/\/myspainfood.com\/de\/producto\/piparras-mit-sardellen-aus-dem-kantabrischen-meer-80-einheiten-von\/","title":{"rendered":"Piparras mit Sardellen aus dem Kantabrischen Meer 80 Einheiten von"},"content":{"rendered":"<p>\u00d6l (85% Sonnenblumen\u00f6l, 15% Oliven\u00f6l), gef\u00fcllte Oliven <strong>mit Sardellen<\/strong>, <strong>kantabrisches Sardellenfilet<\/strong> und Piparra.<\/p>\n","protected":false},"excerpt":{"rendered":"<p>\u00d6l (85% Sonnenblumen\u00f6l, 15% Oliven\u00f6l), gef\u00fcllte Oliven mit Sardellen, kantabrisches Sardellenfilet und Piparra.<\/p>\n","protected":false},"featured_media":10485,"template":"","meta":{"_et_pb_use_builder":"","_et_pb_old_content":"","_et_gb_content_width":""},"product_brand":[],"product_cat":[1597,1856,1633,1858,1857],"product_tag":[],"class_list":{"0":"post-17562","1":"product","2":"type-product","3":"status-publish","4":"has-post-thumbnail","6":"product_cat-essiggurken","7":"product_cat-kalt","8":"product_cat-oliven-de","9":"product_cat-pintxos-de","10":"product_cat-sardellen","11":"product_shipping_class-kalter-versand","13":"first","14":"instock","15":"taxable","16":"shipping-taxable","17":"purchasable","18":"product-type-simple"},"_links":{"self":[{"href":"https:\/\/myspainfood.com\/de\/wp-json\/wp\/v2\/product\/17562","targetHints":{"allow":["GET"]}}],"collection":[{"href":"https:\/\/myspainfood.com\/de\/wp-json\/wp\/v2\/product"}],"about":[{"href":"https:\/\/myspainfood.com\/de\/wp-json\/wp\/v2\/types\/product"}],"wp:featuredmedia":[{"embeddable":true,"href":"https:\/\/myspainfood.com\/de\/wp-json\/wp\/v2\/media\/10485"}],"wp:attachment":[{"href":"https:\/\/myspainfood.com\/de\/wp-json\/wp\/v2\/media?parent=17562"}],"wp:term":[{"taxonomy":"product_brand","embeddable":true,"href":"https:\/\/myspainfood.com\/de\/wp-json\/wp\/v2\/product_brand?post=17562"},{"taxonomy":"product_cat","embeddable":true,"href":"https:\/\/myspainfood.com\/de\/wp-json\/wp\/v2\/product_cat?post=17562"},{"taxonomy":"product_tag","embeddable":true,"href":"https:\/\/myspainfood.com\/de\/wp-json\/wp\/v2\/product_tag?post=17562"}],"curies":[{"name":"wp","href":"https:\/\/api.w.org\/{rel}","templated":true}]}}