{"id":17926,"date":"2025-04-10T12:14:40","date_gmt":"2025-04-10T10:14:40","guid":{"rendered":"https:\/\/myspainfood.com\/producto\/almejon-seemandelbaum-natuerlich-estela-do-mar-111-gr\/"},"modified":"2026-01-20T13:36:44","modified_gmt":"2026-01-20T12:36:44","slug":"almejon-seemandelbaum-natuerlich-estela-do-mar-111-gr","status":"publish","type":"product","link":"https:\/\/myspainfood.com\/de\/producto\/almejon-seemandelbaum-natuerlich-estela-do-mar-111-gr\/","title":{"rendered":"Almej\u00f3n (Seemandelbaum) nat\u00fcrlich Estela do Mar 111 gr"},"content":{"rendered":"<p>Entdecken Sie den authentischen Geschmack des Meeres mit <strong>Estela do Mar Natural Almej\u00f3n<\/strong>. Diese 111 Gramm schwere Meeresmuschel in Dosen f\u00e4ngt die ganze Frische und Reinheit der besten Venusmuscheln ein, ohne Zusatzstoffe oder Konservierungsmittel. Perfekt f\u00fcr alle, die nat\u00fcrliche und hochwertige Meeresfr\u00fcchte suchen. Diese Muschel ist ideal, um sie pur oder in Ihren Lieblingsrezepten zu genie\u00dfen und bietet eine zarte Textur und einen intensiven Geschmack.  <\/p>\n<p>Reich an Proteinen, Omega-3-Fetts\u00e4uren und essentiellen Mineralien, ist die <strong>nat\u00fcrliche Venusmuschel Estela do Mar<\/strong> eine nahrhafte Option f\u00fcr jede Di\u00e4t. Verleihen Sie Ihren Gerichten eine kulinarische und gesunde Note und entdecken Sie weitere Optionen in unserer <a target=\"_new\" rel=\"noopener\">Rubrik Meeresfr\u00fcchte<\/a> oder informieren Sie sich \u00fcber die Vorteile von frischen Meeresfr\u00fcchten auf Referenzseiten wie der <a href=\"https:\/\/www.fen.org.es\" target=\"_new\" rel=\"noopener noreferrer nofollow\" target=\"_blank\">Spanish Nutrition Foundation<\/a>. <\/p>\n<p>F\u00fcgen Sie Estela do Mar Muscheln zu Ihren Gerichten hinzu und genie\u00dfen Sie eine Gourmet-Note!<\/p>\n<p><span class=\"BxUVEf ILfuVd\" lang=\"es\"><span class=\"hgKElc\"> <\/span><\/span><\/p>\n","protected":false},"excerpt":{"rendered":"<p>Entdecken Sie den authentischen Geschmack des Meeres mit Estela do Mar Natural Almej\u00f3n. Diese 111 Gramm schwere Meeresmuschel in Dosen f\u00e4ngt die ganze Frische und Reinheit der besten Venusmuscheln ein, ohne Zusatzstoffe oder Konservierungsmittel. Perfekt f\u00fcr alle, die nat\u00fcrliche und hochwertige Meeresfr\u00fcchte suchen. Diese Muschel ist ideal, um sie pur oder in Ihren Lieblingsrezepten zu [&hellip;]<\/p>\n","protected":false},"featured_media":14949,"template":"","meta":{"_et_pb_use_builder":"","_et_pb_old_content":"","_et_gb_content_width":""},"product_brand":[1469],"product_cat":[1948,1949],"product_tag":[],"class_list":{"0":"post-17926","1":"product","2":"type-product","3":"status-publish","4":"has-post-thumbnail","6":"product_brand-estela-do-mar","7":"product_cat-konserven","8":"product_cat-venusmuscheln","10":"first","11":"outofstock","12":"taxable","13":"shipping-taxable","14":"product-type-variable"},"_links":{"self":[{"href":"https:\/\/myspainfood.com\/de\/wp-json\/wp\/v2\/product\/17926","targetHints":{"allow":["GET"]}}],"collection":[{"href":"https:\/\/myspainfood.com\/de\/wp-json\/wp\/v2\/product"}],"about":[{"href":"https:\/\/myspainfood.com\/de\/wp-json\/wp\/v2\/types\/product"}],"wp:featuredmedia":[{"embeddable":true,"href":"https:\/\/myspainfood.com\/de\/wp-json\/wp\/v2\/media\/14949"}],"wp:attachment":[{"href":"https:\/\/myspainfood.com\/de\/wp-json\/wp\/v2\/media?parent=17926"}],"wp:term":[{"taxonomy":"product_brand","embeddable":true,"href":"https:\/\/myspainfood.com\/de\/wp-json\/wp\/v2\/product_brand?post=17926"},{"taxonomy":"product_cat","embeddable":true,"href":"https:\/\/myspainfood.com\/de\/wp-json\/wp\/v2\/product_cat?post=17926"},{"taxonomy":"product_tag","embeddable":true,"href":"https:\/\/myspainfood.com\/de\/wp-json\/wp\/v2\/product_tag?post=17926"}],"curies":[{"name":"wp","href":"https:\/\/api.w.org\/{rel}","templated":true}]}}