{"id":18034,"date":"2025-04-10T12:05:44","date_gmt":"2025-04-10T10:05:44","guid":{"rendered":"https:\/\/myspainfood.com\/producto\/gefuellte-gurke-kamille-3-8kg-kimbitos\/"},"modified":"2025-04-10T12:05:44","modified_gmt":"2025-04-10T10:05:44","slug":"gefuellte-gurke-kamille-3-8kg-kimbitos","status":"publish","type":"product","link":"https:\/\/myspainfood.com\/de\/producto\/gefuellte-gurke-kamille-3-8kg-kimbitos\/","title":{"rendered":"Gef\u00fcllte Gurke Kamille 3.8kg Kimbitos"},"content":{"rendered":"<p>Manzanilla Gef\u00fcllte Gurke 3.8kg Kimbitos ist ein Snack, in dem wir die traditionellen <a href=\"https:\/\/www.laencajera.es\/encurtidos-de-almagro\" target=\"_blank\" rel=\"noopener noreferrer nofollow\">Manzanilla-Oliven<\/a> mit Gurke gef\u00fcllt finden.<\/p>\n<p>Ein idealer Begleiter zu traditionellen Gerichten.<\/p>\n<p>Kimbitos ist der Name, unter dem wir in bestimmten Teilen Spaniens die entsteinte Manzanilla-Olive mit einer Essiggurke kennen.<\/p>\n<p>Es ist handgefertigt, um diese Verbindung herzustellen.<\/p>\n<h3>Vorteile von Gurke Gef\u00fcllte Kamille 3.8kg Kimbitos<\/h3>\n<p>Wussten Sie schon, dass diese Oliven sehr wirksam bei der Vorbeugung von Herz- und Kreislauferkrankungen im Allgemeinen sind? <\/p>\n<p>Das liegt an seinem hohen Gehalt an unges\u00e4ttigten Fetten. Au\u00dferdem ist es ein Lebensmittel, das viel Eisen und Ballaststoffe enth\u00e4lt und sehr s\u00e4ttigend ist, was es zu einem perfekten Snack macht. <\/p>\n<p>Wenn Sie Oliven oder eine andere Art von <a href=\"https:\/\/latiendadesami.com\/categoria-producto\/encurtidos\/\" rel=\"noopener noreferrer nofollow\" target=\"_blank\">eingelegten Lebensmitteln<\/a> kaufen m\u00f6chten, z\u00f6gern Sie nicht, einen Blick in unseren Online-Katalog zu werfen, um die gro\u00dfe Auswahl an <a href=\"https:\/\/latiendadesami.com\/categoria-producto\/encurtidos\/aceitunas\/\" target=\"_blank\" rel=\"noopener noreferrer nofollow\">Oliven<\/a> zu sehen, die wir anbieten.<\/p>\n<p>Herkunft: Castilla la Mancha.<\/p>\n<p>Zutaten: Oliven, Gew\u00fcrzgurken, Wasser, Salz, S\u00e4uerungsmittel (E-330), Konservierungsstoffe (E211, E-202, E-260), Geschmacksverst\u00e4rker (E-621, E-631, E-627), Antioxidantien (E-300) und nat\u00fcrliche Aromen. Kann Spuren von Sulfiten enthalten. <\/p>\n<h3>N\u00e4hrwertbezogene Informationen<\/h3>\n<p>Energiewert 132 kcal\/ 553 kj Fett 13,4 g, davon ges\u00e4ttigt 1,7 g Kohlenhydrate 0,8 g, davon Zucker 0,09 g Ballaststoffe 0,5 g Eiwei\u00df 2,6 g Salz 2,0 g<\/p>\n","protected":false},"excerpt":{"rendered":"<p>Manzanilla Gef\u00fcllte Gurke 3.8kg Kimbitos ist ein Snack, in dem wir die traditionellen Manzanilla-Oliven mit Gurke gef\u00fcllt finden. Ein idealer Begleiter zu traditionellen Gerichten. Kimbitos ist der Name, unter dem wir in bestimmten Teilen Spaniens die entsteinte Manzanilla-Olive mit einer Essiggurke kennen. Es ist handgefertigt, um diese Verbindung herzustellen. Vorteile von Gurke Gef\u00fcllte Kamille 3.8kg [&hellip;]<\/p>\n","protected":false},"featured_media":7740,"template":"","meta":{"_et_pb_use_builder":"","_et_pb_old_content":"","_et_gb_content_width":""},"product_brand":[],"product_cat":[1597,1638,1633],"product_tag":[1635],"class_list":{"0":"post-18034","1":"product","2":"type-product","3":"status-publish","4":"has-post-thumbnail","6":"product_cat-essiggurken","7":"product_cat-gewurzgurken","8":"product_cat-oliven-de","9":"product_tag-kimbo-de","11":"first","12":"instock","13":"taxable","14":"shipping-taxable","15":"purchasable","16":"product-type-simple"},"_links":{"self":[{"href":"https:\/\/myspainfood.com\/de\/wp-json\/wp\/v2\/product\/18034","targetHints":{"allow":["GET"]}}],"collection":[{"href":"https:\/\/myspainfood.com\/de\/wp-json\/wp\/v2\/product"}],"about":[{"href":"https:\/\/myspainfood.com\/de\/wp-json\/wp\/v2\/types\/product"}],"wp:featuredmedia":[{"embeddable":true,"href":"https:\/\/myspainfood.com\/de\/wp-json\/wp\/v2\/media\/7740"}],"wp:attachment":[{"href":"https:\/\/myspainfood.com\/de\/wp-json\/wp\/v2\/media?parent=18034"}],"wp:term":[{"taxonomy":"product_brand","embeddable":true,"href":"https:\/\/myspainfood.com\/de\/wp-json\/wp\/v2\/product_brand?post=18034"},{"taxonomy":"product_cat","embeddable":true,"href":"https:\/\/myspainfood.com\/de\/wp-json\/wp\/v2\/product_cat?post=18034"},{"taxonomy":"product_tag","embeddable":true,"href":"https:\/\/myspainfood.com\/de\/wp-json\/wp\/v2\/product_tag?post=18034"}],"curies":[{"name":"wp","href":"https:\/\/api.w.org\/{rel}","templated":true}]}}