{"id":18117,"date":"2025-04-10T12:10:57","date_gmt":"2025-04-10T10:10:57","guid":{"rendered":"https:\/\/myspainfood.com\/producto\/olive-chupadedos-aguedo-2-kg-nettogewicht\/"},"modified":"2025-04-10T12:10:57","modified_gmt":"2025-04-10T10:10:57","slug":"olive-chupadedos-aguedo-2-kg-nettogewicht","status":"publish","type":"product","link":"https:\/\/myspainfood.com\/de\/producto\/olive-chupadedos-aguedo-2-kg-nettogewicht\/","title":{"rendered":"Olive Chupadedos Aguedo 2 kg Nettogewicht"},"content":{"rendered":"<div>\n<p>Bei ACEITUNAS AGUEDO garantieren wir die Exzellenz unserer Produkte, indem wir Tradition und neue Technologien verbinden. Wir bieten die Professionalit\u00e4t eines Familienunternehmens, das sich in st\u00e4ndigem Wachstum befindet und die Zufriedenheit unserer Kunden zu unserem einzigen Ziel macht. <\/p>\n<p>Wir \u00fcberwachen alle Produktionsprozesse von Anfang bis Ende. Nur so k\u00f6nnen wir MAXIMALE Produkte erzielen.<\/p>\n<\/div>\n<div class=\"leo_camara_desc\">Wir bieten unseren Kunden den ges\u00fcndesten und nat\u00fcrlichsten Snack, mit einem unverwechselbaren Geschmack und h\u00f6chster Qualit\u00e4t.<\/div>\n","protected":false},"excerpt":{"rendered":"<p>Bei ACEITUNAS AGUEDO garantieren wir die Exzellenz unserer Produkte, indem wir Tradition und neue Technologien verbinden. Wir bieten die Professionalit\u00e4t eines Familienunternehmens, das sich in st\u00e4ndigem Wachstum befindet und die Zufriedenheit unserer Kunden zu unserem einzigen Ziel macht. Wir \u00fcberwachen alle Produktionsprozesse von Anfang bis Ende. Nur so k\u00f6nnen wir MAXIMALE Produkte erzielen. Wir bieten [&hellip;]<\/p>\n","protected":false},"featured_media":13329,"template":"","meta":{"_et_pb_use_builder":"","_et_pb_old_content":"","_et_gb_content_width":""},"product_brand":[1397],"product_cat":[1597,1633],"product_tag":[2045],"class_list":{"0":"post-18117","1":"product","2":"type-product","3":"status-publish","4":"has-post-thumbnail","6":"product_brand-aguedo","7":"product_cat-essiggurken","8":"product_cat-oliven-de","9":"product_tag-kamille-de","11":"first","12":"outofstock","13":"taxable","14":"shipping-taxable","15":"purchasable","16":"product-type-simple"},"_links":{"self":[{"href":"https:\/\/myspainfood.com\/de\/wp-json\/wp\/v2\/product\/18117","targetHints":{"allow":["GET"]}}],"collection":[{"href":"https:\/\/myspainfood.com\/de\/wp-json\/wp\/v2\/product"}],"about":[{"href":"https:\/\/myspainfood.com\/de\/wp-json\/wp\/v2\/types\/product"}],"wp:featuredmedia":[{"embeddable":true,"href":"https:\/\/myspainfood.com\/de\/wp-json\/wp\/v2\/media\/13329"}],"wp:attachment":[{"href":"https:\/\/myspainfood.com\/de\/wp-json\/wp\/v2\/media?parent=18117"}],"wp:term":[{"taxonomy":"product_brand","embeddable":true,"href":"https:\/\/myspainfood.com\/de\/wp-json\/wp\/v2\/product_brand?post=18117"},{"taxonomy":"product_cat","embeddable":true,"href":"https:\/\/myspainfood.com\/de\/wp-json\/wp\/v2\/product_cat?post=18117"},{"taxonomy":"product_tag","embeddable":true,"href":"https:\/\/myspainfood.com\/de\/wp-json\/wp\/v2\/product_tag?post=18117"}],"curies":[{"name":"wp","href":"https:\/\/api.w.org\/{rel}","templated":true}]}}