{"id":18162,"date":"2025-04-10T12:05:43","date_gmt":"2025-04-10T10:05:43","guid":{"rendered":"https:\/\/myspainfood.com\/producto\/gurke-wuerzige-banderillas-3-8-kg\/"},"modified":"2025-11-03T08:42:50","modified_gmt":"2025-11-03T07:42:50","slug":"gurke-wuerzige-banderillas-3-8-kg","status":"publish","type":"product","link":"https:\/\/myspainfood.com\/de\/producto\/gurke-wuerzige-banderillas-3-8-kg\/","title":{"rendered":"Gurke W\u00fcrzige Banderillas 3.8 kg"},"content":{"rendered":"<p>Mit den Banderillas Picantes Pepino Entero 3.8kg von Almagro k\u00f6nnen Sie gleich mehrere <a href=\"https:\/\/www.laencajera.es\/encurtidos-de-almagro\" target=\"_blank\" rel=\"noopener noreferrer nofollow\">Gurken<\/a> auf einmal genie\u00dfen.<\/p>\n<p>Mit ihrem erfrischenden und leichten Geschmack k\u00f6nnen Sie unsere Banderillas zwischen den Mahlzeiten oder mit Freunden genie\u00dfen.<\/p>\n<p>Genie\u00dfen Sie die Gew\u00fcrze in einem Bissen mit diesen Banderillas Picantes Ganze Gurke 3,8kg. Die Herkunft ist Castilla la Mancha. <\/p>\n<p>Zutaten: Zwiebel 21-23, rote Paprika, Oliven (Gr\u00f6\u00dfe von 200-320), ganze Gurken 60-80, Chilischoten, Wasser, Salz und Plastiksprotten, Geschmacksverst\u00e4rker (E-621, E-627), S\u00e4uerungsmittel E-330, Antioxidationsmittel E-300, Konservierungsmittel (E-211, E-202, E-270, E-260) Enth\u00e4lt Sulfite.<\/p>\n<p>Erhaltungsbedingungen:<\/p>\n<p>An einem k\u00fchlen und trockenen Ort zwischen 3\u00baC und 10\u00baC aufbewahren. Halten Sie es von Sonnenlicht und starken Ger\u00fcchen fern. <\/p>\n<p>Nach dem \u00d6ffnen im K\u00fchlschrank aufbewahren und innerhalb von 30 Tagen verbrauchen.<\/p>\n<p>Wenn Sie Oliven oder eine andere Art von <a href=\"https:\/\/latiendadesami.com\/categoria-producto\/encurtidos\/\" rel=\"noopener noreferrer nofollow\" target=\"_blank\">Essiggurken<\/a> kaufen m\u00f6chten, z\u00f6gern Sie nicht, einen Blick in unseren Online-Katalog zu werfen, um die gro\u00dfe Auswahl an <a href=\"https:\/\/latiendadesami.com\/categoria-producto\/encurtidos\/berenjenas\/\" target=\"_blank\" rel=\"noopener noreferrer nofollow\">Auberginen<\/a> zu sehen, die wir anbieten.<\/p>\n<p>Bei der Marke handelt es sich um La Encajonera, ein 1990 gegr\u00fcndetes Familienunternehmen mit Sitz im Herzen von La Mancha, in der Stadt ALMAGRO in der Provinz Ciudad Real.<\/p>\n<p>Der Herstellungsprozess seiner Produkte beginnt im gleichen Anbaugebiet, wo das beste Qualit\u00e4tsprodukt ausgew\u00e4hlt wird.<\/p>\n<p>Die Fabrik ist mit der modernsten Technologie ausgestattet und bewahrt gleichzeitig die Tradition und das Know-how ihrer Handwerker.<\/p>\n","protected":false},"excerpt":{"rendered":"<p>Mit den Banderillas Picantes Pepino Entero 3.8kg von Almagro k\u00f6nnen Sie gleich mehrere Gurken auf einmal genie\u00dfen. Mit ihrem erfrischenden und leichten Geschmack k\u00f6nnen Sie unsere Banderillas zwischen den Mahlzeiten oder mit Freunden genie\u00dfen. Genie\u00dfen Sie die Gew\u00fcrze in einem Bissen mit diesen Banderillas Picantes Ganze Gurke 3,8kg. Die Herkunft ist Castilla la Mancha. Zutaten: [&hellip;]<\/p>\n","protected":false},"featured_media":7722,"template":"","meta":{"_et_pb_use_builder":"","_et_pb_old_content":"","_et_gb_content_width":""},"product_brand":[],"product_cat":[2075,1597,1638],"product_tag":[2024,2076],"class_list":{"0":"post-18162","1":"product","2":"type-product","3":"status-publish","4":"has-post-thumbnail","6":"product_cat-banderillas-de","7":"product_cat-essiggurken","8":"product_cat-gewurzgurken","9":"product_tag-gewurzgurke","10":"product_tag-pikant","12":"first","13":"instock","14":"taxable","15":"shipping-taxable","16":"purchasable","17":"product-type-simple"},"_links":{"self":[{"href":"https:\/\/myspainfood.com\/de\/wp-json\/wp\/v2\/product\/18162","targetHints":{"allow":["GET"]}}],"collection":[{"href":"https:\/\/myspainfood.com\/de\/wp-json\/wp\/v2\/product"}],"about":[{"href":"https:\/\/myspainfood.com\/de\/wp-json\/wp\/v2\/types\/product"}],"wp:featuredmedia":[{"embeddable":true,"href":"https:\/\/myspainfood.com\/de\/wp-json\/wp\/v2\/media\/7722"}],"wp:attachment":[{"href":"https:\/\/myspainfood.com\/de\/wp-json\/wp\/v2\/media?parent=18162"}],"wp:term":[{"taxonomy":"product_brand","embeddable":true,"href":"https:\/\/myspainfood.com\/de\/wp-json\/wp\/v2\/product_brand?post=18162"},{"taxonomy":"product_cat","embeddable":true,"href":"https:\/\/myspainfood.com\/de\/wp-json\/wp\/v2\/product_cat?post=18162"},{"taxonomy":"product_tag","embeddable":true,"href":"https:\/\/myspainfood.com\/de\/wp-json\/wp\/v2\/product_tag?post=18162"}],"curies":[{"name":"wp","href":"https:\/\/api.w.org\/{rel}","templated":true}]}}