{"id":18256,"date":"2025-04-10T12:05:35","date_gmt":"2025-04-10T10:05:35","guid":{"rendered":"https:\/\/myspainfood.com\/producto\/gefuellte-gordal-oliven-mit-auberginen-45-kg\/"},"modified":"2025-05-07T11:08:48","modified_gmt":"2025-05-07T09:08:48","slug":"gefuellte-gordal-oliven-mit-auberginen-45-kg","status":"publish","type":"product","link":"https:\/\/myspainfood.com\/de\/producto\/gefuellte-gordal-oliven-mit-auberginen-45-kg\/","title":{"rendered":"Gef\u00fcllte Gordal-Oliven mit Auberginen 4,5 kg"},"content":{"rendered":"<p>Gordal-Oliven, gef\u00fcllt mit Auberginen der Sorte Gordal, gef\u00fcllt mit unseren traditionellen <a href=\"https:\/\/www.laencajera.es\/aceitunas\" target=\"_blank\" rel=\"noopener noreferrer nofollow\">Almagro-Auberginen<\/a>.<\/p>\n<p>Eine der beliebtesten Sorten. Sie sind ideal als Aperitif. <\/p>\n<p>Zutaten: NTES: Entsteinte Gordal-Oliven, Aubergine &#8222;De Almagro&#8220;, Wasser, Salz, Weinessig, gemahlener Kreuzk\u00fcmmel, Paprika de la Vera, Oregano, Geschmacksverst\u00e4rker (E-621, E-631, E-627), S\u00e4uerungsmittel (E-330), Konservierungsmittel (E-260, E-211, E-202), Antioxidationsmittel (E-300) und nat\u00fcrliche Essenzen (Pfefferessenz, Knoblauchessenz, Kreuzk\u00fcmmelessenz). Kann Sulfite enthalten. <\/p>\n<p>An einem k\u00fchlen, trockenen Ort zwischen 3\u00baC und 10\u00baC aufbewahren.<\/p>\n<p>Sch\u00fctzen Sie es vor Sonnenlicht und starken Ger\u00fcchen.<\/p>\n<p>Gef\u00fcllte Gordal-Oliven mit Auberginen. Nach dem \u00d6ffnen im K\u00fchlschrank aufbewahren und innerhalb von 30 Tagen verbrauchen.<\/p>\n<p>Wenn Sie Oliven oder eine andere Art von <a href=\"https:\/\/latiendadesami.com\/categoria-producto\/encurtidos\/\" rel=\"noopener noreferrer nofollow\" target=\"_blank\">Essiggurken<\/a> kaufen m\u00f6chten, z\u00f6gern Sie nicht, einen Blick in unseren Online-Katalog zu werfen, um die gro\u00dfe Auswahl an <a href=\"https:\/\/latiendadesami.com\/categoria-producto\/encurtidos\/berenjenas\/\" target=\"_blank\" rel=\"noopener noreferrer nofollow\">Auberginen<\/a> zu sehen, die wir anbieten.<\/p>\n<p>Bei der Marke handelt es sich um La Encajonera, ein 1990 gegr\u00fcndetes Familienunternehmen mit Sitz im Herzen von La Mancha, in der Stadt ALMAGRO in der Provinz Ciudad Real.<\/p>\n<p>Der Herstellungsprozess seiner Produkte beginnt im gleichen Anbaugebiet, wo das beste Qualit\u00e4tsprodukt ausgew\u00e4hlt wird.<\/p>\n<p>Die Fabrik ist mit der modernsten Technologie ausgestattet und bewahrt gleichzeitig die Tradition und das Know-how ihrer Handwerker.<\/p>\n","protected":false},"excerpt":{"rendered":"<p>Gordal-Oliven, gef\u00fcllt mit Auberginen der Sorte Gordal, gef\u00fcllt mit unseren traditionellen Almagro-Auberginen. Eine der beliebtesten Sorten. Sie sind ideal als Aperitif. Zutaten: NTES: Entsteinte Gordal-Oliven, Aubergine &#8222;De Almagro&#8220;, Wasser, Salz, Weinessig, gemahlener Kreuzk\u00fcmmel, Paprika de la Vera, Oregano, Geschmacksverst\u00e4rker (E-621, E-631, E-627), S\u00e4uerungsmittel (E-330), Konservierungsmittel (E-260, E-211, E-202), Antioxidationsmittel (E-300) und nat\u00fcrliche Essenzen (Pfefferessenz, Knoblauchessenz, [&hellip;]<\/p>\n","protected":false},"featured_media":7517,"template":"","meta":{"_et_pb_use_builder":"","_et_pb_old_content":"","_et_gb_content_width":""},"product_brand":[],"product_cat":[1597,1633],"product_tag":[2158,2159],"class_list":{"0":"post-18256","1":"product","2":"type-product","3":"status-publish","4":"has-post-thumbnail","6":"product_cat-essiggurken","7":"product_cat-oliven-de","8":"product_tag-aubergine-de","9":"product_tag-ausfullen","11":"first","12":"instock","13":"taxable","14":"shipping-taxable","15":"purchasable","16":"product-type-simple"},"_links":{"self":[{"href":"https:\/\/myspainfood.com\/de\/wp-json\/wp\/v2\/product\/18256","targetHints":{"allow":["GET"]}}],"collection":[{"href":"https:\/\/myspainfood.com\/de\/wp-json\/wp\/v2\/product"}],"about":[{"href":"https:\/\/myspainfood.com\/de\/wp-json\/wp\/v2\/types\/product"}],"wp:featuredmedia":[{"embeddable":true,"href":"https:\/\/myspainfood.com\/de\/wp-json\/wp\/v2\/media\/7517"}],"wp:attachment":[{"href":"https:\/\/myspainfood.com\/de\/wp-json\/wp\/v2\/media?parent=18256"}],"wp:term":[{"taxonomy":"product_brand","embeddable":true,"href":"https:\/\/myspainfood.com\/de\/wp-json\/wp\/v2\/product_brand?post=18256"},{"taxonomy":"product_cat","embeddable":true,"href":"https:\/\/myspainfood.com\/de\/wp-json\/wp\/v2\/product_cat?post=18256"},{"taxonomy":"product_tag","embeddable":true,"href":"https:\/\/myspainfood.com\/de\/wp-json\/wp\/v2\/product_tag?post=18256"}],"curies":[{"name":"wp","href":"https:\/\/api.w.org\/{rel}","templated":true}]}}