{"id":18307,"date":"2025-04-10T12:09:16","date_gmt":"2025-04-10T10:09:16","guid":{"rendered":"https:\/\/myspainfood.com\/producto\/manzanilla-olive-sardellengeschmack-140-160-5-kg-abgetropft\/"},"modified":"2025-04-10T12:09:16","modified_gmt":"2025-04-10T10:09:16","slug":"manzanilla-olive-sardellengeschmack-140-160-5-kg-abgetropft","status":"publish","type":"product","link":"https:\/\/myspainfood.com\/de\/producto\/manzanilla-olive-sardellengeschmack-140-160-5-kg-abgetropft\/","title":{"rendered":"Manzanilla-Olive Sardellengeschmack 140-160 5 kg abgetropft"},"content":{"rendered":"<p>Die Manzanilla-Olive mit Sardellengeschmack ist die beliebteste Olive auf dem Markt. Sie wird wegen ihres feinen Geschmacks sehr gesch\u00e4tzt. Sie wird haupts\u00e4chlich als Tafelolive verwendet. Sie hat eine gelblich-gr\u00fcne Farbe, ist entsteint und hat einen milden Geschmack. Sie wird h\u00e4ufig als Aperitif und als Vorspeise verwendet. Sie ist Bestandteil von Rezepten wie Pizzen, Salaten oder aufwendigeren Gerichten.     <\/p>\n<p>Zutaten: Oliven, Wasser, Salz, S\u00e4uerungsmittel (E-330), Konservierungsmittel<\/p>\n<p>(E-211, E-202, E-270) Antioxidationsmittel (E-300)<\/p>\n<p>Kann Sulfite enthalten.<\/p>\n<p>An einem k\u00fchlen, trockenen Ort zwischen 3\u00baC und 10\u00baC aufbewahren.<\/p>\n<p>Sch\u00fctzen Sie es vor Sonnenlicht und starken Ger\u00fcchen.<\/p>\n<p>Wenn Sie Oliven oder eine andere Art von <a href=\"https:\/\/latiendadesami.com\/categoria-producto\/encurtidos\/\" rel=\"noopener noreferrer nofollow\" target=\"_blank\">Essiggurken<\/a> kaufen m\u00f6chten, z\u00f6gern Sie nicht, einen Blick in unseren Online-Katalog zu werfen, um die gro\u00dfe Auswahl an <a href=\"https:\/\/latiendadesami.com\/categoria-producto\/encurtidos\/berenjenas\/\" target=\"_blank\" rel=\"noopener noreferrer nofollow\">Auberginen<\/a> zu sehen, die wir anbieten.<\/p>\n<p>Bei der Marke handelt es sich um La Encajera, ein 1990 gegr\u00fcndetes Familienunternehmen mit Sitz im Herzen von La Mancha, in der Stadt ALMAGRO in der Provinz Ciudad Real.<\/p>\n<p>Der Herstellungsprozess seiner Produkte beginnt im gleichen Anbaugebiet, wo das beste Qualit\u00e4tsprodukt ausgew\u00e4hlt wird.<\/p>\n<p>Die Fabrik ist mit der modernsten Technologie ausgestattet und bewahrt gleichzeitig die Tradition und das Know-how ihrer Handwerker.<\/p>\n","protected":false},"excerpt":{"rendered":"<p>Die Manzanilla-Olive mit Sardellengeschmack ist die beliebteste Olive auf dem Markt. Sie wird wegen ihres feinen Geschmacks sehr gesch\u00e4tzt. Sie wird haupts\u00e4chlich als Tafelolive verwendet. Sie hat eine gelblich-gr\u00fcne Farbe, ist entsteint und hat einen milden Geschmack. Sie wird h\u00e4ufig als Aperitif und als Vorspeise verwendet. Sie ist Bestandteil von Rezepten wie Pizzen, Salaten oder [&hellip;]<\/p>\n","protected":false},"featured_media":11844,"template":"","meta":{"_et_pb_use_builder":"","_et_pb_old_content":"","_et_gb_content_width":""},"product_brand":[],"product_cat":[1597,1633],"product_tag":[2158,2159],"class_list":{"0":"post-18307","1":"product","2":"type-product","3":"status-publish","4":"has-post-thumbnail","6":"product_cat-essiggurken","7":"product_cat-oliven-de","8":"product_tag-aubergine-de","9":"product_tag-ausfullen","11":"first","12":"instock","13":"taxable","14":"shipping-taxable","15":"purchasable","16":"product-type-simple"},"_links":{"self":[{"href":"https:\/\/myspainfood.com\/de\/wp-json\/wp\/v2\/product\/18307","targetHints":{"allow":["GET"]}}],"collection":[{"href":"https:\/\/myspainfood.com\/de\/wp-json\/wp\/v2\/product"}],"about":[{"href":"https:\/\/myspainfood.com\/de\/wp-json\/wp\/v2\/types\/product"}],"wp:featuredmedia":[{"embeddable":true,"href":"https:\/\/myspainfood.com\/de\/wp-json\/wp\/v2\/media\/11844"}],"wp:attachment":[{"href":"https:\/\/myspainfood.com\/de\/wp-json\/wp\/v2\/media?parent=18307"}],"wp:term":[{"taxonomy":"product_brand","embeddable":true,"href":"https:\/\/myspainfood.com\/de\/wp-json\/wp\/v2\/product_brand?post=18307"},{"taxonomy":"product_cat","embeddable":true,"href":"https:\/\/myspainfood.com\/de\/wp-json\/wp\/v2\/product_cat?post=18307"},{"taxonomy":"product_tag","embeddable":true,"href":"https:\/\/myspainfood.com\/de\/wp-json\/wp\/v2\/product_tag?post=18307"}],"curies":[{"name":"wp","href":"https:\/\/api.w.org\/{rel}","templated":true}]}}