{"id":18687,"date":"2025-04-10T12:16:51","date_gmt":"2025-04-10T10:16:51","guid":{"rendered":"https:\/\/myspainfood.com\/producto\/posten-3c-kantabrisches-sardellenfilet-heringsfilets-heringsfilets-mit-oliven-picarpicar\/"},"modified":"2026-01-13T13:55:00","modified_gmt":"2026-01-13T12:55:00","slug":"posten-3c-kantabrisches-sardellenfilet-heringsfilets-heringsfilets-mit-oliven-picarpicar","status":"publish","type":"product","link":"https:\/\/myspainfood.com\/de\/producto\/posten-3c-kantabrisches-sardellenfilet-heringsfilets-heringsfilets-mit-oliven-picarpicar\/","title":{"rendered":"Posten 3C Kantabrisches Sardellenfilet - Heringsfilets - Heringsfilets mit Oliven Picar&amp;Picar"},"content":{"rendered":"<p>INHALT:<\/p>\n<ul>\n<li>Sardellenfilet aus dem Golf von Biskaya:<\/li>\n<\/ul>\n<p>300 g Becher: 1 St\u00fcck<\/p>\n<ul>\n<li>Heringsfilets:<\/li>\n<\/ul>\n<p>Tablett 220 gr: 1 St\u00fcck<\/p>\n<ul>\n<li>Heringsfilets mit Oliven:<\/li>\n<\/ul>\n<p>Tablett 220 gr: 1 St\u00fcck<\/p>\n","protected":false},"excerpt":{"rendered":"<p>INHALT: Sardellenfilet aus dem Golf von Biskaya: 300 g Becher: 1 St\u00fcck Heringsfilets: Tablett 220 gr: 1 St\u00fcck Heringsfilets mit Oliven: Tablett 220 gr: 1 St\u00fcck<\/p>\n","protected":false},"featured_media":15822,"template":"","meta":{"_et_pb_use_builder":"","_et_pb_old_content":"","_et_gb_content_width":""},"product_brand":[1127],"product_cat":[1856,1893],"product_tag":[],"class_list":{"0":"post-18687","1":"product","2":"type-product","3":"status-publish","4":"has-post-thumbnail","6":"product_brand-picarpicar","7":"product_cat-kalt","8":"product_cat-sardellen-de","9":"product_shipping_class-kalter-versand","11":"first","12":"outofstock","13":"taxable","14":"shipping-taxable","15":"purchasable","16":"product-type-simple"},"_links":{"self":[{"href":"https:\/\/myspainfood.com\/de\/wp-json\/wp\/v2\/product\/18687","targetHints":{"allow":["GET"]}}],"collection":[{"href":"https:\/\/myspainfood.com\/de\/wp-json\/wp\/v2\/product"}],"about":[{"href":"https:\/\/myspainfood.com\/de\/wp-json\/wp\/v2\/types\/product"}],"wp:featuredmedia":[{"embeddable":true,"href":"https:\/\/myspainfood.com\/de\/wp-json\/wp\/v2\/media\/15822"}],"wp:attachment":[{"href":"https:\/\/myspainfood.com\/de\/wp-json\/wp\/v2\/media?parent=18687"}],"wp:term":[{"taxonomy":"product_brand","embeddable":true,"href":"https:\/\/myspainfood.com\/de\/wp-json\/wp\/v2\/product_brand?post=18687"},{"taxonomy":"product_cat","embeddable":true,"href":"https:\/\/myspainfood.com\/de\/wp-json\/wp\/v2\/product_cat?post=18687"},{"taxonomy":"product_tag","embeddable":true,"href":"https:\/\/myspainfood.com\/de\/wp-json\/wp\/v2\/product_tag?post=18687"}],"curies":[{"name":"wp","href":"https:\/\/api.w.org\/{rel}","templated":true}]}}