{"id":18706,"date":"2025-04-10T12:16:51","date_gmt":"2025-04-10T10:16:51","guid":{"rendered":"https:\/\/myspainfood.com\/producto\/los-1f-sardellenfilet-in-oel-sardellenfilet-in-essig-sardellenfilet-in-knoblauch-petersilie-sauce-knoblauch-und-petersilie-hacken-hacken\/"},"modified":"2026-01-13T13:53:48","modified_gmt":"2026-01-13T12:53:48","slug":"los-1f-sardellenfilet-in-oel-sardellenfilet-in-essig-sardellenfilet-in-knoblauch-petersilie-sauce-knoblauch-und-petersilie-hacken-hacken","status":"publish","type":"product","link":"https:\/\/myspainfood.com\/de\/producto\/los-1f-sardellenfilet-in-oel-sardellenfilet-in-essig-sardellenfilet-in-knoblauch-petersilie-sauce-knoblauch-und-petersilie-hacken-hacken\/","title":{"rendered":"Los 1F Sardellenfilet in \u00d6l - Sardellenfilet in Essig - Sardellenfilet in Knoblauch-Petersilie-Sauce (Knoblauch und Petersilie) Hacken &amp; Hacken"},"content":{"rendered":"<p>INHALT:<\/p>\n<ul>\n<li>Sardellenfilet in \u00d6l:<\/li>\n<\/ul>\n<p>Tablett 200 gr: 3 St\u00fcck<\/p>\n<ul>\n<li>Sardellenfilet in Essig:<\/li>\n<\/ul>\n<p>Tablett 200 gr: 3 St\u00fcck<\/p>\n<ul>\n<li>Gew\u00fcrztes Anchovisfilet (Knoblauch und Petersilie):<\/li>\n<\/ul>\n<p>Tablett 200 gr: 3 St\u00fcck<\/p>\n","protected":false},"excerpt":{"rendered":"<p>INHALT: Sardellenfilet in \u00d6l: Tablett 200 gr: 3 St\u00fcck Sardellenfilet in Essig: Tablett 200 gr: 3 St\u00fcck Gew\u00fcrztes Anchovisfilet (Knoblauch und Petersilie): Tablett 200 gr: 3 St\u00fcck<\/p>\n","protected":false},"featured_media":15831,"template":"","meta":{"_et_pb_use_builder":"","_et_pb_old_content":"","_et_gb_content_width":""},"product_brand":[1127],"product_cat":[1856,1893],"product_tag":[],"class_list":{"0":"post-18706","1":"product","2":"type-product","3":"status-publish","4":"has-post-thumbnail","6":"product_brand-picarpicar","7":"product_cat-kalt","8":"product_cat-sardellen-de","9":"product_shipping_class-kalter-versand","11":"first","12":"outofstock","13":"taxable","14":"shipping-taxable","15":"purchasable","16":"product-type-simple"},"_links":{"self":[{"href":"https:\/\/myspainfood.com\/de\/wp-json\/wp\/v2\/product\/18706","targetHints":{"allow":["GET"]}}],"collection":[{"href":"https:\/\/myspainfood.com\/de\/wp-json\/wp\/v2\/product"}],"about":[{"href":"https:\/\/myspainfood.com\/de\/wp-json\/wp\/v2\/types\/product"}],"wp:featuredmedia":[{"embeddable":true,"href":"https:\/\/myspainfood.com\/de\/wp-json\/wp\/v2\/media\/15831"}],"wp:attachment":[{"href":"https:\/\/myspainfood.com\/de\/wp-json\/wp\/v2\/media?parent=18706"}],"wp:term":[{"taxonomy":"product_brand","embeddable":true,"href":"https:\/\/myspainfood.com\/de\/wp-json\/wp\/v2\/product_brand?post=18706"},{"taxonomy":"product_cat","embeddable":true,"href":"https:\/\/myspainfood.com\/de\/wp-json\/wp\/v2\/product_cat?post=18706"},{"taxonomy":"product_tag","embeddable":true,"href":"https:\/\/myspainfood.com\/de\/wp-json\/wp\/v2\/product_tag?post=18706"}],"curies":[{"name":"wp","href":"https:\/\/api.w.org\/{rel}","templated":true}]}}