{"id":18751,"date":"2025-04-10T12:16:50","date_gmt":"2025-04-10T10:16:50","guid":{"rendered":"https:\/\/myspainfood.com\/producto\/lot-3a-sardellenfilet-aus-dem-golf-von-biskaya-sardellenfilet-mit-knoblauch-und-petersiliensauce-picarpicar\/"},"modified":"2026-01-13T13:51:31","modified_gmt":"2026-01-13T12:51:31","slug":"lot-3a-sardellenfilet-aus-dem-golf-von-biskaya-sardellenfilet-mit-knoblauch-und-petersiliensauce-picarpicar","status":"publish","type":"product","link":"https:\/\/myspainfood.com\/de\/producto\/lot-3a-sardellenfilet-aus-dem-golf-von-biskaya-sardellenfilet-mit-knoblauch-und-petersiliensauce-picarpicar\/","title":{"rendered":"Lot 3A Sardellenfilet aus dem Golf von Biskaya - Sardellenfilet mit Knoblauch und Petersiliensauce - Picar&amp;Picar"},"content":{"rendered":"<p>INHALT:<\/p>\n<ul>\n<li>Sardellenfilet:<\/li>\n<\/ul>\n<p>Dreierpack: 3 St\u00fcck<\/p>\n<ul>\n<li>Sardellenfilet aus dem Golf von Biskaya:<\/li>\n<\/ul>\n<p>Tablett 120 gr: 2 St\u00fcck<\/p>\n<ul>\n<li>Gew\u00fcrztes Anchovisfilet (Knoblauch und Petersilie):<\/li>\n<\/ul>\n<p>700 g Becher: 1 St\u00fcck<\/p>\n<p>Gourmet-Produkt.<\/p>\n","protected":false},"excerpt":{"rendered":"<p>INHALT: Sardellenfilet: Dreierpack: 3 St\u00fcck Sardellenfilet aus dem Golf von Biskaya: Tablett 120 gr: 2 St\u00fcck Gew\u00fcrztes Anchovisfilet (Knoblauch und Petersilie): 700 g Becher: 1 St\u00fcck Gourmet-Produkt.<\/p>\n","protected":false},"featured_media":15795,"template":"","meta":{"_et_pb_use_builder":"","_et_pb_old_content":"","_et_gb_content_width":""},"product_brand":[1127],"product_cat":[1856,1893],"product_tag":[],"class_list":{"0":"post-18751","1":"product","2":"type-product","3":"status-publish","4":"has-post-thumbnail","6":"product_brand-picarpicar","7":"product_cat-kalt","8":"product_cat-sardellen-de","9":"product_shipping_class-kalter-versand","11":"first","12":"outofstock","13":"taxable","14":"shipping-taxable","15":"purchasable","16":"product-type-simple"},"_links":{"self":[{"href":"https:\/\/myspainfood.com\/de\/wp-json\/wp\/v2\/product\/18751","targetHints":{"allow":["GET"]}}],"collection":[{"href":"https:\/\/myspainfood.com\/de\/wp-json\/wp\/v2\/product"}],"about":[{"href":"https:\/\/myspainfood.com\/de\/wp-json\/wp\/v2\/types\/product"}],"wp:featuredmedia":[{"embeddable":true,"href":"https:\/\/myspainfood.com\/de\/wp-json\/wp\/v2\/media\/15795"}],"wp:attachment":[{"href":"https:\/\/myspainfood.com\/de\/wp-json\/wp\/v2\/media?parent=18751"}],"wp:term":[{"taxonomy":"product_brand","embeddable":true,"href":"https:\/\/myspainfood.com\/de\/wp-json\/wp\/v2\/product_brand?post=18751"},{"taxonomy":"product_cat","embeddable":true,"href":"https:\/\/myspainfood.com\/de\/wp-json\/wp\/v2\/product_cat?post=18751"},{"taxonomy":"product_tag","embeddable":true,"href":"https:\/\/myspainfood.com\/de\/wp-json\/wp\/v2\/product_tag?post=18751"}],"curies":[{"name":"wp","href":"https:\/\/api.w.org\/{rel}","templated":true}]}}