{"id":18981,"date":"2025-04-10T12:16:34","date_gmt":"2025-04-10T10:16:34","guid":{"rendered":"https:\/\/myspainfood.com\/producto\/lende-aus-eichelmast-50-iberisches-schweinefleisch-fili-500-gr\/"},"modified":"2026-01-30T08:25:00","modified_gmt":"2026-01-30T07:25:00","slug":"lende-aus-eichelmast-50-iberisches-schweinefleisch-fili-500-gr","status":"publish","type":"product","link":"https:\/\/myspainfood.com\/de\/producto\/lende-aus-eichelmast-50-iberisches-schweinefleisch-fili-500-gr\/","title":{"rendered":"Lende aus Eichelmast 50% iberisches Schweinefleisch - Fili - 500 gr"},"content":{"rendered":"<p>Die 800 Gramm <strong>Iberische Schweinelende mit 50% Eichelmast - FILI<\/strong> ist eine Gourmet-Delikatesse, die von reinrassigen iberischen Schweinen stammt, die in freier Wildbahn aufgezogen und mit Eicheln gef\u00fcttert wurden. Dieses handwerkliche Verfahren und die sorgf\u00e4ltige Reifung sorgen f\u00fcr einen unvergleichlichen Geschmack und eine saftige Textur. Perfekt f\u00fcr Liebhaber von iberischen Produkten und reich an gesunden Fetts\u00e4uren.  <\/p>\n<p>Um mehr \u00fcber die Vorteile des Verzehrs iberischer Produkte zu erfahren, besuchen Sie <a href=\"https:\/\/www.jamonlovers.es\" target=\"_new\" rel=\"noopener noreferrer nofollow\" target=\"_blank\">Jam\u00f3n Lovers<\/a>.<\/p>\n<p>Entdecken Sie weitere Optionen in unseren Kategorien von <a href=\"https:\/\/latiendadesami.com\/categoria-producto\/queso-embutido\/\" target=\"_blank\" rel=\"noopener noreferrer nofollow\"><span style=\"color: #2ea3f2;\">W\u00fcrstchen<\/span><\/a><\/p>\n","protected":false},"excerpt":{"rendered":"<p>Die 800 Gramm Iberische Schweinelende mit 50% Eichelmast - FILI ist eine Gourmet-Delikatesse, die von reinrassigen iberischen Schweinen stammt, die in freier Wildbahn aufgezogen und mit Eicheln gef\u00fcttert wurden. Dieses handwerkliche Verfahren und die sorgf\u00e4ltige Reifung sorgen f\u00fcr einen unvergleichlichen Geschmack und eine saftige Textur. Perfekt f\u00fcr Liebhaber von iberischen Produkten und reich an gesunden [&hellip;]<\/p>\n","protected":false},"featured_media":15462,"template":"","meta":{"_et_pb_use_builder":"","_et_pb_old_content":"","_et_gb_content_width":""},"product_brand":[],"product_cat":[2288,2289],"product_tag":[],"class_list":{"0":"post-18981","1":"product","2":"type-product","3":"status-publish","4":"has-post-thumbnail","6":"product_cat-kase-und-wurst","7":"product_cat-wurst","9":"first","10":"outofstock","11":"taxable","12":"shipping-taxable","13":"purchasable","14":"product-type-simple"},"_links":{"self":[{"href":"https:\/\/myspainfood.com\/de\/wp-json\/wp\/v2\/product\/18981","targetHints":{"allow":["GET"]}}],"collection":[{"href":"https:\/\/myspainfood.com\/de\/wp-json\/wp\/v2\/product"}],"about":[{"href":"https:\/\/myspainfood.com\/de\/wp-json\/wp\/v2\/types\/product"}],"wp:featuredmedia":[{"embeddable":true,"href":"https:\/\/myspainfood.com\/de\/wp-json\/wp\/v2\/media\/15462"}],"wp:attachment":[{"href":"https:\/\/myspainfood.com\/de\/wp-json\/wp\/v2\/media?parent=18981"}],"wp:term":[{"taxonomy":"product_brand","embeddable":true,"href":"https:\/\/myspainfood.com\/de\/wp-json\/wp\/v2\/product_brand?post=18981"},{"taxonomy":"product_cat","embeddable":true,"href":"https:\/\/myspainfood.com\/de\/wp-json\/wp\/v2\/product_cat?post=18981"},{"taxonomy":"product_tag","embeddable":true,"href":"https:\/\/myspainfood.com\/de\/wp-json\/wp\/v2\/product_tag?post=18981"}],"curies":[{"name":"wp","href":"https:\/\/api.w.org\/{rel}","templated":true}]}}