{"id":19057,"date":"2025-04-10T12:16:39","date_gmt":"2025-04-10T10:16:39","guid":{"rendered":"https:\/\/myspainfood.com\/producto\/ganze-extra-geroestete-piquillo-paprika-la-joya-del-valle-320gr\/"},"modified":"2026-01-30T14:22:15","modified_gmt":"2026-01-30T13:22:15","slug":"ganze-extra-geroestete-piquillo-paprika-la-joya-del-valle-320gr","status":"publish","type":"product","link":"https:\/\/myspainfood.com\/de\/producto\/ganze-extra-geroestete-piquillo-paprika-la-joya-del-valle-320gr\/","title":{"rendered":"Ganze extra ger\u00f6stete Piquillo-Paprika La joya del valle 320gr"},"content":{"rendered":"<p>Zutaten: Piquillo-Paprika, Knoblauch, Salz und S\u00e4uerungsmittel: Zitronens\u00e4ure, H\u00e4rter: Kalziumchlorid.<\/p>\n<p>Nach dem \u00d6ffnen im K\u00fchlschrank aufbewahren und vorzugsweise innerhalb von 5 Tagen verbrauchen<\/p>\n<p>Wir haben die h\u00f6chste Qualit\u00e4t zum besten Preis.<\/p>\n<p>Schreiben Sie uns f\u00fcr weitere Informationen oder wenn Sie Fragen zu diesem oder einem anderen Produkt in unserem Katalog haben.<\/p>\n","protected":false},"excerpt":{"rendered":"<p>Zutaten: Piquillo-Paprika, Knoblauch, Salz und S\u00e4uerungsmittel: Zitronens\u00e4ure, H\u00e4rter: Kalziumchlorid. Nach dem \u00d6ffnen im K\u00fchlschrank aufbewahren und vorzugsweise innerhalb von 5 Tagen verbrauchen Wir haben die h\u00f6chste Qualit\u00e4t zum besten Preis. Schreiben Sie uns f\u00fcr weitere Informationen oder wenn Sie Fragen zu diesem oder einem anderen Produkt in unserem Katalog haben.<\/p>\n","protected":false},"featured_media":15597,"template":"","meta":{"_et_pb_use_builder":"","_et_pb_old_content":"","_et_gb_content_width":""},"product_brand":[1129],"product_cat":[1948,2359],"product_tag":[2360,2361],"class_list":{"0":"post-19057","1":"product","2":"type-product","3":"status-publish","4":"has-post-thumbnail","6":"product_brand-mateo","7":"product_cat-konserven","8":"product_cat-paprika-de","9":"product_tag-braten","10":"product_tag-pfeffer","12":"first","13":"outofstock","14":"featured","15":"taxable","16":"shipping-taxable","17":"product-type-variable"},"_links":{"self":[{"href":"https:\/\/myspainfood.com\/de\/wp-json\/wp\/v2\/product\/19057","targetHints":{"allow":["GET"]}}],"collection":[{"href":"https:\/\/myspainfood.com\/de\/wp-json\/wp\/v2\/product"}],"about":[{"href":"https:\/\/myspainfood.com\/de\/wp-json\/wp\/v2\/types\/product"}],"wp:featuredmedia":[{"embeddable":true,"href":"https:\/\/myspainfood.com\/de\/wp-json\/wp\/v2\/media\/15597"}],"wp:attachment":[{"href":"https:\/\/myspainfood.com\/de\/wp-json\/wp\/v2\/media?parent=19057"}],"wp:term":[{"taxonomy":"product_brand","embeddable":true,"href":"https:\/\/myspainfood.com\/de\/wp-json\/wp\/v2\/product_brand?post=19057"},{"taxonomy":"product_cat","embeddable":true,"href":"https:\/\/myspainfood.com\/de\/wp-json\/wp\/v2\/product_cat?post=19057"},{"taxonomy":"product_tag","embeddable":true,"href":"https:\/\/myspainfood.com\/de\/wp-json\/wp\/v2\/product_tag?post=19057"}],"curies":[{"name":"wp","href":"https:\/\/api.w.org\/{rel}","templated":true}]}}