{"id":19164,"date":"2025-04-10T12:16:39","date_gmt":"2025-04-10T10:16:39","guid":{"rendered":"https:\/\/myspainfood.com\/producto\/natives-olivenoel-extra-viejo-olivar-5-liter-cazorla-jaen\/"},"modified":"2026-01-29T12:36:30","modified_gmt":"2026-01-29T11:36:30","slug":"natives-olivenoel-extra-viejo-olivar-5-liter-cazorla-jaen","status":"publish","type":"product","link":"https:\/\/myspainfood.com\/de\/producto\/natives-olivenoel-extra-viejo-olivar-5-liter-cazorla-jaen\/","title":{"rendered":"Natives Oliven\u00f6l extra Viejo Olivar 5 Liter Cazorla Ja\u00e9n"},"content":{"rendered":"<p><strong>Natives Oliven\u00f6l extra<\/strong> aus Ja\u00e9n ist eines der Starprodukte der spanischen Gastronomie und auch unser Aush\u00e4ngeschild in der ganzen Welt. Wer Oliven\u00f6l kauft, erwirbt ein au\u00dfergew\u00f6hnliches Produkt mit unglaublichen gesundheitlichen Vorteilen. Au\u00dferdem ist es die Grundzutat der mediterranen Ern\u00e4hrung, eine Zutat, die in keiner K\u00fcche fehlen sollte, die etwas auf sich h\u00e4lt.  <\/p>\n<p>Unter den Oliven\u00f6len ist das native Oliven\u00f6l extra wegen seines Geschmacks, seines Aromas und seiner Vorteile f\u00fcr den Organismus das au\u00dfergew\u00f6hnlichste. Es ist reich an den Vitaminen A, D, E und K, beugt dem Risiko der Anh\u00e4ufung von Cholesterin vor, verbessert den Blutdruck und beg\u00fcnstigt die Darmpassage. Aus all diesen Gr\u00fcnden wird der Kauf von nativem Oliven\u00f6l extra immer die beste Option f\u00fcr Ihre Gesundheit und Ihren Gaumen sein.  <\/p>\n<p>In Ja\u00e9n sind wir stolz darauf, die gr\u00f6\u00dften Oliven\u00f6lproduzenten der Welt zu sein, und die extra nativen Oliven\u00f6le aus unserem Land sind zweifellos die ber\u00fchmtesten im In- und Ausland und die hochwertigsten, die man kaufen kann.<\/p>\n","protected":false},"excerpt":{"rendered":"<p>Natives Oliven\u00f6l extra aus Ja\u00e9n ist eines der Starprodukte der spanischen Gastronomie und auch unser Aush\u00e4ngeschild in der ganzen Welt. Wer Oliven\u00f6l kauft, erwirbt ein au\u00dfergew\u00f6hnliches Produkt mit unglaublichen gesundheitlichen Vorteilen. Au\u00dferdem ist es die Grundzutat der mediterranen Ern\u00e4hrung, eine Zutat, die in keiner K\u00fcche fehlen sollte, die etwas auf sich h\u00e4lt. Unter den Oliven\u00f6len [&hellip;]<\/p>\n","protected":false},"featured_media":15174,"template":"","meta":{"_et_pb_use_builder":"","_et_pb_old_content":"","_et_gb_content_width":""},"product_brand":[1221],"product_cat":[2566,2563],"product_tag":[2569],"class_list":{"0":"post-19164","1":"product","2":"type-product","3":"status-publish","4":"has-post-thumbnail","6":"product_brand-valdezarza","7":"product_cat-natives-olivenol-extra","8":"product_cat-ol","9":"product_tag-ol","11":"first","12":"outofstock","13":"featured","14":"taxable","15":"shipping-taxable","16":"product-type-variable"},"_links":{"self":[{"href":"https:\/\/myspainfood.com\/de\/wp-json\/wp\/v2\/product\/19164","targetHints":{"allow":["GET"]}}],"collection":[{"href":"https:\/\/myspainfood.com\/de\/wp-json\/wp\/v2\/product"}],"about":[{"href":"https:\/\/myspainfood.com\/de\/wp-json\/wp\/v2\/types\/product"}],"wp:featuredmedia":[{"embeddable":true,"href":"https:\/\/myspainfood.com\/de\/wp-json\/wp\/v2\/media\/15174"}],"wp:attachment":[{"href":"https:\/\/myspainfood.com\/de\/wp-json\/wp\/v2\/media?parent=19164"}],"wp:term":[{"taxonomy":"product_brand","embeddable":true,"href":"https:\/\/myspainfood.com\/de\/wp-json\/wp\/v2\/product_brand?post=19164"},{"taxonomy":"product_cat","embeddable":true,"href":"https:\/\/myspainfood.com\/de\/wp-json\/wp\/v2\/product_cat?post=19164"},{"taxonomy":"product_tag","embeddable":true,"href":"https:\/\/myspainfood.com\/de\/wp-json\/wp\/v2\/product_tag?post=19164"}],"curies":[{"name":"wp","href":"https:\/\/api.w.org\/{rel}","templated":true}]}}