{"id":19231,"date":"2025-04-10T12:16:41","date_gmt":"2025-04-10T10:16:41","guid":{"rendered":"https:\/\/myspainfood.com\/producto\/iberischer-cebo-huelva-schinken-sn-finca-6-kg-ca\/"},"modified":"2026-01-30T14:27:22","modified_gmt":"2026-01-30T13:27:22","slug":"iberischer-cebo-huelva-schinken-sn-finca-6-kg-ca","status":"publish","type":"product","link":"https:\/\/myspainfood.com\/de\/producto\/iberischer-cebo-huelva-schinken-sn-finca-6-kg-ca\/","title":{"rendered":"Iberischer Cebo Huelva Schinken - SN Finca - 6 kg (ca.)"},"content":{"rendered":"<p>Iberischer Cebo Huelva Schinken - SN Finca - 6 kg ist ein St\u00fcck von hervorragender Qualit\u00e4t, das in Naturtrocknern in Huelva nach einem traditionellen Trocknungsverfahren gep\u00f6kelt wurde, das ihm sein charakteristisches Aroma und seinen bekannten Geschmack verleiht. Diese Sorgfalt macht das St\u00fcck zu einem Genuss f\u00fcr Liebhaber des iberischen Schinkens.<\/p>\n<h3><strong>Merkmale des iberischen Cebo Huelva Schinkens<\/strong><\/h3>\n<ol>\n<li><strong>Garantierte Provenienz<\/strong>\n<p>Dieser Schinken wird in Huelva hergestellt, einer Region, die weltweit f\u00fcr ihr ideales Klima zur Reifung von Schinken bekannt ist. Die Sierra de Huelva bietet ein perfektes Gleichgewicht von Luftfeuchtigkeit und Temperatur, was zu einem Schinken mit optimaler Reifung f\u00fchrt. <\/li>\n<li><strong>Zertifizierte Qualit\u00e4t<\/strong>\n<p>Jedes St\u00fcck unterliegt strengen Qualit\u00e4tskontrollen. SN Finca garantiert ein Produkt mit r\u00fcckverfolgbarer Herkunft und stellt sicher, dass der Verbraucher das Beste der iberischen Tradition erh\u00e4lt. <\/li>\n<li><strong>Prolonged Curing<\/strong>\n<p>Durch die Reifung von ca. 24 Monaten entwickelt dieser Schinken einen komplexen Geschmack und ein einzigartiges Aroma, das die Sinne schon beim ersten Anschnitt fesselt.<\/li>\n<li><strong>Idealgewicht<\/strong>\n<p>Mit <strong>6 kg (ca.)<\/strong> ist dieser Schinken perfekt f\u00fcr Familien und besondere Anl\u00e4sse geeignet und bietet ein hervorragendes Verh\u00e4ltnis zwischen Menge und Qualit\u00e4t.<\/li>\n<li><strong>Au\u00dfergew\u00f6hnliche Pr\u00e4sentation<\/strong>\n<p>Sein Schnitt zeigt eine charakteristische Marmorierung, ein unverwechselbares Zeichen f\u00fcr seine Qualit\u00e4t. Die Ausgewogenheit zwischen eingedrungenem Fett und Fleisch sorgt f\u00fcr ein einzigartiges Geschmackserlebnis bei jedem St\u00fcckchen. <\/li>\n<\/ol>\n<p>Werfen Sie einen Blick auf unser Wurstsortiment. <a href=\"https:\/\/latiendadesami.com\/categoria-producto\/queso-embutido\/\" target=\"_blank\" rel=\"noopener noreferrer nofollow\">Hier<\/a> finden Sie Gourmetprodukte, die Sie mit Ihrer Familie und Freunden genie\u00dfen k\u00f6nnen.<\/p>\n","protected":false},"excerpt":{"rendered":"<p>Iberischer Cebo Huelva Schinken - SN Finca - 6 kg ist ein St\u00fcck von hervorragender Qualit\u00e4t, das in Naturtrocknern in Huelva nach einem traditionellen Trocknungsverfahren gep\u00f6kelt wurde, das ihm sein charakteristisches Aroma und seinen bekannten Geschmack verleiht. Diese Sorgfalt macht das St\u00fcck zu einem Genuss f\u00fcr Liebhaber des iberischen Schinkens. Merkmale des iberischen Cebo Huelva [&hellip;]<\/p>\n","protected":false},"featured_media":15579,"template":"","meta":{"_et_pb_use_builder":"","_et_pb_old_content":"","_et_gb_content_width":""},"product_brand":[],"product_cat":[2191],"product_tag":[],"class_list":{"0":"post-19231","1":"product","2":"type-product","3":"status-publish","4":"has-post-thumbnail","6":"product_cat-kategorie-testen","8":"first","9":"outofstock","10":"taxable","11":"shipping-taxable","12":"purchasable","13":"product-type-simple"},"_links":{"self":[{"href":"https:\/\/myspainfood.com\/de\/wp-json\/wp\/v2\/product\/19231","targetHints":{"allow":["GET"]}}],"collection":[{"href":"https:\/\/myspainfood.com\/de\/wp-json\/wp\/v2\/product"}],"about":[{"href":"https:\/\/myspainfood.com\/de\/wp-json\/wp\/v2\/types\/product"}],"wp:featuredmedia":[{"embeddable":true,"href":"https:\/\/myspainfood.com\/de\/wp-json\/wp\/v2\/media\/15579"}],"wp:attachment":[{"href":"https:\/\/myspainfood.com\/de\/wp-json\/wp\/v2\/media?parent=19231"}],"wp:term":[{"taxonomy":"product_brand","embeddable":true,"href":"https:\/\/myspainfood.com\/de\/wp-json\/wp\/v2\/product_brand?post=19231"},{"taxonomy":"product_cat","embeddable":true,"href":"https:\/\/myspainfood.com\/de\/wp-json\/wp\/v2\/product_cat?post=19231"},{"taxonomy":"product_tag","embeddable":true,"href":"https:\/\/myspainfood.com\/de\/wp-json\/wp\/v2\/product_tag?post=19231"}],"curies":[{"name":"wp","href":"https:\/\/api.w.org\/{rel}","templated":true}]}}