{"id":19282,"date":"2025-04-10T12:16:47","date_gmt":"2025-04-10T10:16:47","guid":{"rendered":"https:\/\/myspainfood.com\/producto\/los-1c-sardellen-sardellen-und-hering-picarpicar\/"},"modified":"2026-01-13T13:55:56","modified_gmt":"2026-01-13T12:55:56","slug":"los-1c-sardellen-sardellen-und-hering-picarpicar","status":"publish","type":"product","link":"https:\/\/myspainfood.com\/de\/producto\/los-1c-sardellen-sardellen-und-hering-picarpicar\/","title":{"rendered":"Los 1c - Sardellen, Sardellen und Hering Picar&amp;Picar"},"content":{"rendered":"<p>LOS 1C: Fischkonserven bester Qualit\u00e4t, bestehend aus: Sardellenfilet 45g (3 St\u00fcck), Kantabrisches Sardellenfilet 120g (1 St\u00fcck), Sardellenfilet in \u00d6l 200g (1 St\u00fcck), Heringsfilet 220g (1 St\u00fcck) und Heringsfilet mit Oliven 220g (1 St\u00fcck).<\/p>\n<p>INHALT:<\/p>\n<ul>\n<li>Sardellenfilet:<\/li>\n<\/ul>\n<p>Tripack 120 gr: 3 St\u00fcck<\/p>\n<ul>\n<li>Sardellenfilet aus dem Golf von Biskaya:<\/li>\n<\/ul>\n<p>Tablett 120 gr: 1 St\u00fcck<\/p>\n<ul>\n<li>Sardellenfilet in \u00d6l:<\/li>\n<\/ul>\n<p>Tablett 200 gr: 1 St\u00fcck<\/p>\n<ul>\n<li>Sardellenfilet in Essig:<\/li>\n<\/ul>\n<p>Tablett 200 gr: 2 St\u00fcck<\/p>\n<ul>\n<li>Heringsfilets:<\/li>\n<\/ul>\n<p>Tablett 220 gr: 1 St\u00fcck<\/p>\n<ul>\n<li>Heringsfilets mit Oliven:<\/li>\n<\/ul>\n<p>Tablett 220 gr: 1 St\u00fcck<\/p>\n","protected":false},"excerpt":{"rendered":"<p>LOS 1C: Fischkonserven bester Qualit\u00e4t, bestehend aus: Sardellenfilet 45g (3 St\u00fcck), Kantabrisches Sardellenfilet 120g (1 St\u00fcck), Sardellenfilet in \u00d6l 200g (1 St\u00fcck), Heringsfilet 220g (1 St\u00fcck) und Heringsfilet mit Oliven 220g (1 St\u00fcck). INHALT: Sardellenfilet: Tripack 120 gr: 3 St\u00fcck Sardellenfilet aus dem Golf von Biskaya: Tablett 120 gr: 1 St\u00fcck Sardellenfilet in \u00d6l: Tablett [&hellip;]<\/p>\n","protected":false},"featured_media":15732,"template":"","meta":{"_et_pb_use_builder":"","_et_pb_old_content":"","_et_gb_content_width":""},"product_brand":[1127],"product_cat":[1856,1893],"product_tag":[],"class_list":{"0":"post-19282","1":"product","2":"type-product","3":"status-publish","4":"has-post-thumbnail","6":"product_brand-picarpicar","7":"product_cat-kalt","8":"product_cat-sardellen-de","9":"product_shipping_class-kalter-versand","11":"first","12":"outofstock","13":"taxable","14":"shipping-taxable","15":"purchasable","16":"product-type-simple"},"_links":{"self":[{"href":"https:\/\/myspainfood.com\/de\/wp-json\/wp\/v2\/product\/19282","targetHints":{"allow":["GET"]}}],"collection":[{"href":"https:\/\/myspainfood.com\/de\/wp-json\/wp\/v2\/product"}],"about":[{"href":"https:\/\/myspainfood.com\/de\/wp-json\/wp\/v2\/types\/product"}],"wp:featuredmedia":[{"embeddable":true,"href":"https:\/\/myspainfood.com\/de\/wp-json\/wp\/v2\/media\/15732"}],"wp:attachment":[{"href":"https:\/\/myspainfood.com\/de\/wp-json\/wp\/v2\/media?parent=19282"}],"wp:term":[{"taxonomy":"product_brand","embeddable":true,"href":"https:\/\/myspainfood.com\/de\/wp-json\/wp\/v2\/product_brand?post=19282"},{"taxonomy":"product_cat","embeddable":true,"href":"https:\/\/myspainfood.com\/de\/wp-json\/wp\/v2\/product_cat?post=19282"},{"taxonomy":"product_tag","embeddable":true,"href":"https:\/\/myspainfood.com\/de\/wp-json\/wp\/v2\/product_tag?post=19282"}],"curies":[{"name":"wp","href":"https:\/\/api.w.org\/{rel}","templated":true}]}}