{"id":19319,"date":"2025-04-10T12:16:48","date_gmt":"2025-04-10T10:16:48","guid":{"rendered":"https:\/\/myspainfood.com\/producto\/los-1d-chop-chop\/"},"modified":"2026-01-13T13:56:24","modified_gmt":"2026-01-13T12:56:24","slug":"los-1d-chop-chop","status":"publish","type":"product","link":"https:\/\/myspainfood.com\/de\/producto\/los-1d-chop-chop\/","title":{"rendered":"Los 1d Chop &amp; Chop"},"content":{"rendered":"<p>LOS 1D: Fischkonserven bester Qualit\u00e4t, bestehend aus: Sardellenfilet in \u00d6l 200 gr (1 St\u00fcck), Sardellenfilet in Essig 200 gr (1 St\u00fcck), Sardellenfilet in Knoblauch und Petersilie 200 gr (1 St\u00fcck), Sardellenfahne 220 gr (3 St\u00fcck), Heringsfilet 220 gr (1 St\u00fcck) und Heringsfilet mit Oliven 220 gr (1 St\u00fcck).<\/p>\n<p>INHALT:<\/p>\n<ul>\n<li>Sardellenfilet in \u00d6l:<\/li>\n<\/ul>\n<p>Tablett 200 gr: 1 St\u00fcck<\/p>\n<ul>\n<li>Sardellenfilet in Essig:<\/li>\n<\/ul>\n<p>Tablett 200 gr: 1 St\u00fcck<\/p>\n<ul>\n<li>Gew\u00fcrztes Anchovisfilet (Knoblauch und Petersilie):<\/li>\n<\/ul>\n<p>Tablett 200 gr: 1 St\u00fcck<\/p>\n<ul>\n<li>Banderilla de boquer\u00f3n:<\/li>\n<\/ul>\n<p>Tablett 220 gr: 3 St\u00fcck<\/p>\n<ul>\n<li>Heringsfilets:<\/li>\n<\/ul>\n<p>Tablett 220 gr: 1 St\u00fcck<\/p>\n<ul>\n<li>Heringsfilets mit Oliven:<\/li>\n<\/ul>\n<p>Tablett 220 gr: 1 St\u00fcck<\/p>\n","protected":false},"excerpt":{"rendered":"<p>LOS 1D: Fischkonserven bester Qualit\u00e4t, bestehend aus: Sardellenfilet in \u00d6l 200 gr (1 St\u00fcck), Sardellenfilet in Essig 200 gr (1 St\u00fcck), Sardellenfilet in Knoblauch und Petersilie 200 gr (1 St\u00fcck), Sardellenfahne 220 gr (3 St\u00fcck), Heringsfilet 220 gr (1 St\u00fcck) und Heringsfilet mit Oliven 220 gr (1 St\u00fcck). INHALT: Sardellenfilet in \u00d6l: Tablett 200 gr: [&hellip;]<\/p>\n","protected":false},"featured_media":15759,"template":"","meta":{"_et_pb_use_builder":"","_et_pb_old_content":"","_et_gb_content_width":""},"product_brand":[1127],"product_cat":[1856,1893],"product_tag":[],"class_list":{"0":"post-19319","1":"product","2":"type-product","3":"status-publish","4":"has-post-thumbnail","6":"product_brand-picarpicar","7":"product_cat-kalt","8":"product_cat-sardellen-de","9":"product_shipping_class-kalter-versand","11":"first","12":"outofstock","13":"taxable","14":"shipping-taxable","15":"purchasable","16":"product-type-simple"},"_links":{"self":[{"href":"https:\/\/myspainfood.com\/de\/wp-json\/wp\/v2\/product\/19319","targetHints":{"allow":["GET"]}}],"collection":[{"href":"https:\/\/myspainfood.com\/de\/wp-json\/wp\/v2\/product"}],"about":[{"href":"https:\/\/myspainfood.com\/de\/wp-json\/wp\/v2\/types\/product"}],"wp:featuredmedia":[{"embeddable":true,"href":"https:\/\/myspainfood.com\/de\/wp-json\/wp\/v2\/media\/15759"}],"wp:attachment":[{"href":"https:\/\/myspainfood.com\/de\/wp-json\/wp\/v2\/media?parent=19319"}],"wp:term":[{"taxonomy":"product_brand","embeddable":true,"href":"https:\/\/myspainfood.com\/de\/wp-json\/wp\/v2\/product_brand?post=19319"},{"taxonomy":"product_cat","embeddable":true,"href":"https:\/\/myspainfood.com\/de\/wp-json\/wp\/v2\/product_cat?post=19319"},{"taxonomy":"product_tag","embeddable":true,"href":"https:\/\/myspainfood.com\/de\/wp-json\/wp\/v2\/product_tag?post=19319"}],"curies":[{"name":"wp","href":"https:\/\/api.w.org\/{rel}","templated":true}]}}