{"id":19386,"date":"2025-04-10T12:16:20","date_gmt":"2025-04-10T10:16:20","guid":{"rendered":"https:\/\/myspainfood.com\/producto\/natives-olivenoel-extra-packung-mit-3-karaffen-viejo-olivas-15-l\/"},"modified":"2026-01-29T12:35:20","modified_gmt":"2026-01-29T11:35:20","slug":"natives-olivenoel-extra-packung-mit-3-karaffen-viejo-olivas-15-l","status":"publish","type":"product","link":"https:\/\/myspainfood.com\/de\/producto\/natives-olivenoel-extra-packung-mit-3-karaffen-viejo-olivas-15-l\/","title":{"rendered":"Natives Oliven\u00f6l Extra - Packung mit 3 Karaffen - Viejo Olivas - 15 L"},"content":{"rendered":"<h3><strong>Natives Oliven\u00f6l Extra - Packung mit 3 Karaffen - Viejo Olivas - 15 L<\/strong><\/h3>\n<p>Entdecken Sie den Reichtum des mediterranen Geschmacks mit dem <strong>Viejo Olivas Natives Oliven\u00f6l Extra Pack<\/strong>, das drei 5-Liter-Flaschen enth\u00e4lt. Dieses \u00d6l ist das Ergebnis einer sorgf\u00e4ltigen Auswahl von Oliven der h\u00f6chsten Qualit\u00e4t, die in traditionellen Olivenhainen angebaut werden. Die <strong>Kaltpressung<\/strong> garantiert, dass jeder Tropfen alle N\u00e4hrstoffe und den au\u00dfergew\u00f6hnlichen Geschmack beh\u00e4lt, der ein echtes natives Oliven\u00f6l extra auszeichnet.  <\/p>\n<p>Jede 5L-Karaffe ist auf die Bed\u00fcrfnisse von K\u00f6chen und Feinschmeckern abgestimmt. Mit seinem fruchtigen Aroma und seinem ausgewogenen Geschmack ist dieses \u00d6l perfekt, um den Geschmack Ihrer Salate, Marinaden und Eint\u00f6pfe zu verbessern. Das 15-Liter-Format ist ideal f\u00fcr den t\u00e4glichen Gebrauch und erm\u00f6glicht erhebliche Einsparungen, ohne Kompromisse bei der Qualit\u00e4t einzugehen, so dass Sie diese wichtige Zutat der mediterranen K\u00fcche immer zur Hand haben.  <\/p>\n<p><strong>Warum sollten Sie Viejo Olivas Natives Oliven\u00f6l Extra w\u00e4hlen?<\/strong><\/p>\n<ul>\n<li><strong>Erstklassige Qualit\u00e4t<\/strong>: Jede Karaffe wird aus ausgew\u00e4hlten Oliven hergestellt. Das Ergebnis ist ein \u00d6l mit intensivem Geschmack und gesunden Eigenschaften.<\/li>\n<li><strong>Vielseitig einsetzbar<\/strong>: Perfekt zum Kochen, W\u00fcrzen und Verfeinern Ihrer Gerichte.<\/li>\n<li><strong>Wirtschaftliche Effizienz<\/strong>: Durch den Kauf im Paket erhalten Sie ein hervorragendes Preis-Leistungs-Verh\u00e4ltnis, ideal f\u00fcr Familien oder Gastgewerbebetriebe.<\/li>\n<\/ul>\n<p>Wenn Sie mehr \u00fcber die Vorteile von Oliven\u00f6l erfahren m\u00f6chten, besuchen Sie unseren Abschnitt \u00fcber <a target=\"_new\" rel=\"noopener\">die Vorteile von Oliven\u00f6l<\/a> und erfahren Sie, wie es Ihre Gesundheit und Ihre Rezepte verbessern kann. Eine gr\u00f6\u00dfere Auswahl finden Sie in unserer Kategorie <a target=\"_new\" rel=\"noopener\">\u00d6le und Essige<\/a>, in der Sie weitere hochwertige Produkte finden, die Ihre K\u00fcche perfekt erg\u00e4nzen werden.<\/p>\n<p>Wenn Sie sich f\u00fcr das <strong>Viejo Olivas Natives Oliven\u00f6l Extra Paket<\/strong> entscheiden, entscheiden Sie sich nicht nur f\u00fcr Qualit\u00e4t und Geschmack, sondern unterst\u00fctzen auch nachhaltige und verantwortungsvolle landwirtschaftliche Praktiken. Nutzen Sie die Gelegenheit, das Beste aus der mediterranen Tradition auf Ihren Tisch zu bringen. Bestellen Sie noch heute und verwandeln Sie jede Mahlzeit in ein Gourmet-Erlebnis!  <\/p>\n","protected":false},"excerpt":{"rendered":"<p>Natives Oliven\u00f6l Extra - Packung mit 3 Karaffen - Viejo Olivas - 15 L Entdecken Sie den Reichtum des mediterranen Geschmacks mit dem Viejo Olivas Natives Oliven\u00f6l Extra Pack, das drei 5-Liter-Flaschen enth\u00e4lt. Dieses \u00d6l ist das Ergebnis einer sorgf\u00e4ltigen Auswahl von Oliven der h\u00f6chsten Qualit\u00e4t, die in traditionellen Olivenhainen angebaut werden. Die Kaltpressung garantiert, [&hellip;]<\/p>\n","protected":false},"featured_media":15174,"template":"","meta":{"_et_pb_use_builder":"","_et_pb_old_content":"","_et_gb_content_width":""},"product_brand":[1221],"product_cat":[2566,2563],"product_tag":[2569],"class_list":{"0":"post-19386","1":"product","2":"type-product","3":"status-publish","4":"has-post-thumbnail","6":"product_brand-valdezarza","7":"product_cat-natives-olivenol-extra","8":"product_cat-ol","9":"product_tag-ol","11":"first","12":"outofstock","13":"featured","14":"taxable","15":"shipping-taxable","16":"purchasable","17":"product-type-simple"},"_links":{"self":[{"href":"https:\/\/myspainfood.com\/de\/wp-json\/wp\/v2\/product\/19386","targetHints":{"allow":["GET"]}}],"collection":[{"href":"https:\/\/myspainfood.com\/de\/wp-json\/wp\/v2\/product"}],"about":[{"href":"https:\/\/myspainfood.com\/de\/wp-json\/wp\/v2\/types\/product"}],"wp:featuredmedia":[{"embeddable":true,"href":"https:\/\/myspainfood.com\/de\/wp-json\/wp\/v2\/media\/15174"}],"wp:attachment":[{"href":"https:\/\/myspainfood.com\/de\/wp-json\/wp\/v2\/media?parent=19386"}],"wp:term":[{"taxonomy":"product_brand","embeddable":true,"href":"https:\/\/myspainfood.com\/de\/wp-json\/wp\/v2\/product_brand?post=19386"},{"taxonomy":"product_cat","embeddable":true,"href":"https:\/\/myspainfood.com\/de\/wp-json\/wp\/v2\/product_cat?post=19386"},{"taxonomy":"product_tag","embeddable":true,"href":"https:\/\/myspainfood.com\/de\/wp-json\/wp\/v2\/product_tag?post=19386"}],"curies":[{"name":"wp","href":"https:\/\/api.w.org\/{rel}","templated":true}]}}