{"id":19449,"date":"2025-04-10T12:16:30","date_gmt":"2025-04-10T10:16:30","guid":{"rendered":"https:\/\/myspainfood.com\/producto\/lende-aus-100-iberischem-eichelmastschwein-fili-500-gr\/"},"modified":"2026-01-29T13:12:20","modified_gmt":"2026-01-29T12:12:20","slug":"lende-aus-100-iberischem-eichelmastschwein-fili-500-gr","status":"publish","type":"product","link":"https:\/\/myspainfood.com\/de\/producto\/lende-aus-100-iberischem-eichelmastschwein-fili-500-gr\/","title":{"rendered":"Lende aus 100% iberischem Eichelmastschwein - FILI - 500 gr"},"content":{"rendered":"<h3>Schweinelende aus 100% iberischer Eichelmast - FILI - 800 gr<\/h3>\n<p>Das <strong>100% iberische Eichelschwein - FILI<\/strong> von 800 Gramm ist eine Gourmet-Delikatesse, hergestellt aus reinrassigen iberischen Schweinen, die in freier Wildbahn aufgezogen und mit Eicheln gef\u00fcttert wurden. Dieses handwerkliche Verfahren und die sorgf\u00e4ltige Reifung sorgen f\u00fcr einen unvergleichlichen Geschmack und eine saftige Textur. Perfekt f\u00fcr Liebhaber iberischer Produkte und reich an gesunden Fetts\u00e4uren.  <\/p>\n<p>Um mehr \u00fcber die Vorteile des Verzehrs iberischer Produkte zu erfahren, besuchen Sie <a href=\"https:\/\/www.jamonlovers.es\" target=\"_new\" rel=\"noopener noreferrer nofollow\" target=\"_blank\">Jam\u00f3n Lovers<\/a>.<\/p>\n<p>Entdecken Sie weitere Optionen in unseren Kategorien von <a href=\"https:\/\/latiendadesami.com\/categoria-producto\/queso-embutido\/\" target=\"_blank\" rel=\"noopener noreferrer nofollow\"><span style=\"color: #2ea3f2;\">W\u00fcrstchen<\/span><\/a><\/p>\n","protected":false},"excerpt":{"rendered":"<p>Schweinelende aus 100% iberischer Eichelmast - FILI - 800 gr Das 100% iberische Eichelschwein - FILI von 800 Gramm ist eine Gourmet-Delikatesse, hergestellt aus reinrassigen iberischen Schweinen, die in freier Wildbahn aufgezogen und mit Eicheln gef\u00fcttert wurden. Dieses handwerkliche Verfahren und die sorgf\u00e4ltige Reifung sorgen f\u00fcr einen unvergleichlichen Geschmack und eine saftige Textur. Perfekt f\u00fcr [&hellip;]<\/p>\n","protected":false},"featured_media":15390,"template":"","meta":{"_et_pb_use_builder":"","_et_pb_old_content":"","_et_gb_content_width":""},"product_brand":[1388],"product_cat":[2288,2289],"product_tag":[],"class_list":{"0":"post-19449","1":"product","2":"type-product","3":"status-publish","4":"has-post-thumbnail","6":"product_brand-fili","7":"product_cat-kase-und-wurst","8":"product_cat-wurst","10":"first","11":"outofstock","12":"taxable","13":"shipping-taxable","14":"purchasable","15":"product-type-simple"},"_links":{"self":[{"href":"https:\/\/myspainfood.com\/de\/wp-json\/wp\/v2\/product\/19449","targetHints":{"allow":["GET"]}}],"collection":[{"href":"https:\/\/myspainfood.com\/de\/wp-json\/wp\/v2\/product"}],"about":[{"href":"https:\/\/myspainfood.com\/de\/wp-json\/wp\/v2\/types\/product"}],"wp:featuredmedia":[{"embeddable":true,"href":"https:\/\/myspainfood.com\/de\/wp-json\/wp\/v2\/media\/15390"}],"wp:attachment":[{"href":"https:\/\/myspainfood.com\/de\/wp-json\/wp\/v2\/media?parent=19449"}],"wp:term":[{"taxonomy":"product_brand","embeddable":true,"href":"https:\/\/myspainfood.com\/de\/wp-json\/wp\/v2\/product_brand?post=19449"},{"taxonomy":"product_cat","embeddable":true,"href":"https:\/\/myspainfood.com\/de\/wp-json\/wp\/v2\/product_cat?post=19449"},{"taxonomy":"product_tag","embeddable":true,"href":"https:\/\/myspainfood.com\/de\/wp-json\/wp\/v2\/product_tag?post=19449"}],"curies":[{"name":"wp","href":"https:\/\/api.w.org\/{rel}","templated":true}]}}