{"id":19719,"date":"2025-04-10T12:14:40","date_gmt":"2025-04-10T10:14:40","guid":{"rendered":"https:\/\/myspainfood.com\/producto\/suedliche-makrelenfilets-ubago-mit-olivenoel-105-gr\/"},"modified":"2025-04-10T12:14:40","modified_gmt":"2025-04-10T10:14:40","slug":"suedliche-makrelenfilets-ubago-mit-olivenoel-105-gr","status":"publish","type":"product","link":"https:\/\/myspainfood.com\/de\/producto\/suedliche-makrelenfilets-ubago-mit-olivenoel-105-gr\/","title":{"rendered":"S\u00fcdliche Makrelenfilets - Ubago - Mit Oliven\u00f6l- 105 gr"},"content":{"rendered":"<h3><strong>Ubago S\u00fcdliche Makrelenfilets mit Oliven\u00f6l - Traditionelle Qualit\u00e4t und Geschmack<\/strong><\/h3>\n<p>Entdecken Sie die <strong>s\u00fcdlichen Makrelenfilets in Oliven\u00f6l aus <a href=\"https:\/\/ubagogroup.com\/\" target=\"_blank\" rel=\"noopener noreferrer nofollow\">Ubago<\/a><\/strong>, eine Delikatesse reich an <a href=\"https:\/\/nutribiotica.es\/digestivo-y-nutricion\/omega-3-para-que-sirve\/\" target=\"_blank\" rel=\"noopener noreferrer nofollow\"><strong>Omega-3<\/strong><\/a> und Eiwei\u00df. Diese Gourmet-Konserve bietet Makrelen, die vor der Atlantikk\u00fcste gefangen und in <strong>nativem Oliven\u00f6l extra<\/strong> verpackt wurden, was ihren Geschmack und ihre Frische unterstreicht. <\/p>\n<p>Ideal f\u00fcr die Zubereitung gesunder Rezepte oder zum Genie\u00dfen in Salaten und Snacks. Erfahren Sie mehr \u00fcber die Vorteile von <strong>nativem Oliven\u00f6l extra<\/strong> in <a href=\"https:\/\/latiendadesami.com\/category\/recetas\/\" rel=\"noopener noreferrer nofollow\" target=\"_blank\">unserem Blog f\u00fcr Gourmetprodukte<\/a>. <\/p>\n<p><strong>Bestellen Sie noch heute und genie\u00dfen Sie den authentischen Geschmack der S\u00fcdk\u00fcste.<\/strong> Wenn Sie dieses Produkt lieben, verpassen Sie nicht unsere Auswahl an <strong><a href=\"https:\/\/latiendadesami.com\/categoria-producto\/conservas\/\" rel=\"noopener noreferrer nofollow\" target=\"_blank\">Gourmet-Konfit\u00fcren<\/a><\/strong> oder entdecken Sie andere k\u00f6stliche <strong><a href=\"https:\/\/latiendadesami.com\/categoria-producto\/queso-embutido\/\" rel=\"noopener noreferrer nofollow\" target=\"_blank\">typisch spanischen Produkte<\/a><\/strong> wie \u00d6le, Weine, Wurstwaren und vieles mehr.<\/p>\n<p>Entdecken Sie unseren Shop und bringen Sie das Beste der spanischen Gastronomie auf Ihren Tisch!<\/p>\n","protected":false},"excerpt":{"rendered":"<p>Ubago S\u00fcdliche Makrelenfilets mit Oliven\u00f6l - Traditionelle Qualit\u00e4t und Geschmack<\/p>\n","protected":false},"featured_media":15138,"template":"","meta":{"_et_pb_use_builder":"","_et_pb_old_content":"","_et_gb_content_width":""},"product_brand":[],"product_cat":[2191,1948],"product_tag":[],"class_list":{"0":"post-19719","1":"product","2":"type-product","3":"status-publish","4":"has-post-thumbnail","6":"product_cat-kategorie-testen","7":"product_cat-konserven","9":"first","10":"instock","11":"taxable","12":"shipping-taxable","13":"purchasable","14":"product-type-variable"},"_links":{"self":[{"href":"https:\/\/myspainfood.com\/de\/wp-json\/wp\/v2\/product\/19719","targetHints":{"allow":["GET"]}}],"collection":[{"href":"https:\/\/myspainfood.com\/de\/wp-json\/wp\/v2\/product"}],"about":[{"href":"https:\/\/myspainfood.com\/de\/wp-json\/wp\/v2\/types\/product"}],"wp:featuredmedia":[{"embeddable":true,"href":"https:\/\/myspainfood.com\/de\/wp-json\/wp\/v2\/media\/15138"}],"wp:attachment":[{"href":"https:\/\/myspainfood.com\/de\/wp-json\/wp\/v2\/media?parent=19719"}],"wp:term":[{"taxonomy":"product_brand","embeddable":true,"href":"https:\/\/myspainfood.com\/de\/wp-json\/wp\/v2\/product_brand?post=19719"},{"taxonomy":"product_cat","embeddable":true,"href":"https:\/\/myspainfood.com\/de\/wp-json\/wp\/v2\/product_cat?post=19719"},{"taxonomy":"product_tag","embeddable":true,"href":"https:\/\/myspainfood.com\/de\/wp-json\/wp\/v2\/product_tag?post=19719"}],"curies":[{"name":"wp","href":"https:\/\/api.w.org\/{rel}","templated":true}]}}