{"id":19933,"date":"2025-04-10T12:16:17","date_gmt":"2025-04-10T10:16:17","guid":{"rendered":"https:\/\/myspainfood.com\/producto\/san-isidro-halbgereifter-kaese-3-kg-ca\/"},"modified":"2026-01-30T14:34:59","modified_gmt":"2026-01-30T13:34:59","slug":"san-isidro-halbgereifter-kaese-3-kg-ca","status":"publish","type":"product","link":"https:\/\/myspainfood.com\/de\/producto\/san-isidro-halbgereifter-kaese-3-kg-ca\/","title":{"rendered":"Halbgereifter K\u00e4se San Isidro - 3 Kg (ca.)"},"content":{"rendered":"<h3><strong>San Isidro Halbgereifter K\u00e4se - 3 Kg<\/strong><\/h3>\n<p><strong>San Isidro Halbgereifter K\u00e4se<\/strong> 3,4 kg ist die ideale Wahl f\u00fcr Liebhaber von traditionellem K\u00e4se. Mit seiner ausgewogenen Reifung, seiner cremigen Textur und seinem milden Geschmack mit intensiven Noten ist er perfekt f\u00fcr jede Gelegenheit. <\/p>\n<h4><strong>Hauptmerkmale:<\/strong><\/h4>\n<ul>\n<li><strong>Ideales Gewicht<\/strong>: 3,4 kg, zum Teilen oder Genie\u00dfen bei gro\u00dfen Veranstaltungen.<\/li>\n<li><strong>Handwerkliche Herstellung<\/strong>: Respektieren Sie die lokalen Traditionen der K\u00e4seherstellung.<\/li>\n<li><strong>Einzigartiger Geschmack<\/strong>: milde milchige Noten mit einem Reifegrad, der ihn auszeichnet.<\/li>\n<\/ul>\n<p>Servieren Sie ihn mit <a href=\"https:\/\/latiendadesami.com\/categoria-producto\/queso-embutido\/\" rel=\"noopener noreferrer nofollow\" target=\"_blank\">unseren iberischen Wurstwaren<\/a> f\u00fcr eine perfekte K\u00e4seplatte.<\/p>\n","protected":false},"excerpt":{"rendered":"<p>San Isidro Halbgereifter K\u00e4se - 3 Kg San Isidro Halbgereifter K\u00e4se 3,4 kg ist die ideale Wahl f\u00fcr Liebhaber von traditionellem K\u00e4se. Mit seiner ausgewogenen Reifung, seiner cremigen Textur und seinem milden Geschmack mit intensiven Noten ist er perfekt f\u00fcr jede Gelegenheit. Hauptmerkmale: Ideales Gewicht: 3,4 kg, zum Teilen oder Genie\u00dfen bei gro\u00dfen Veranstaltungen. Handwerkliche [&hellip;]<\/p>\n","protected":false},"featured_media":15516,"template":"","meta":{"_et_pb_use_builder":"","_et_pb_old_content":"","_et_gb_content_width":""},"product_brand":[],"product_cat":[5731,2288],"product_tag":[],"class_list":{"0":"post-19933","1":"product","2":"type-product","3":"status-publish","4":"has-post-thumbnail","6":"product_cat-ausharten-de","7":"product_cat-kase-und-wurst","9":"first","10":"instock","11":"taxable","12":"shipping-taxable","13":"purchasable","14":"product-type-variable"},"_links":{"self":[{"href":"https:\/\/myspainfood.com\/de\/wp-json\/wp\/v2\/product\/19933","targetHints":{"allow":["GET"]}}],"collection":[{"href":"https:\/\/myspainfood.com\/de\/wp-json\/wp\/v2\/product"}],"about":[{"href":"https:\/\/myspainfood.com\/de\/wp-json\/wp\/v2\/types\/product"}],"wp:featuredmedia":[{"embeddable":true,"href":"https:\/\/myspainfood.com\/de\/wp-json\/wp\/v2\/media\/15516"}],"wp:attachment":[{"href":"https:\/\/myspainfood.com\/de\/wp-json\/wp\/v2\/media?parent=19933"}],"wp:term":[{"taxonomy":"product_brand","embeddable":true,"href":"https:\/\/myspainfood.com\/de\/wp-json\/wp\/v2\/product_brand?post=19933"},{"taxonomy":"product_cat","embeddable":true,"href":"https:\/\/myspainfood.com\/de\/wp-json\/wp\/v2\/product_cat?post=19933"},{"taxonomy":"product_tag","embeddable":true,"href":"https:\/\/myspainfood.com\/de\/wp-json\/wp\/v2\/product_tag?post=19933"}],"curies":[{"name":"wp","href":"https:\/\/api.w.org\/{rel}","templated":true}]}}