{"id":20028,"date":"2025-04-10T12:16:17","date_gmt":"2025-04-10T10:16:17","guid":{"rendered":"https:\/\/myspainfood.com\/producto\/schafsrohmilchkaese-flor-esgueva-1-kg\/"},"modified":"2026-01-30T14:35:54","modified_gmt":"2026-01-30T13:35:54","slug":"schafsrohmilchkaese-flor-esgueva-1-kg","status":"publish","type":"product","link":"https:\/\/myspainfood.com\/de\/producto\/schafsrohmilchkaese-flor-esgueva-1-kg\/","title":{"rendered":"Schafsrohmilchk\u00e4se - Flor Esgueva - 1 kg"},"content":{"rendered":"<h3><strong>Schafsrohmilchk\u00e4se - Flor Esgueva - 1 kg<\/strong><\/h3>\n<p>Der <strong>Schafsrohmilchk\u00e4se - Flor Esgueva<\/strong>- ist ein Ma\u00dfstab f\u00fcr spanische Handwerksk\u00e4se. Er wird aus Rohmilch ausgew\u00e4hlter Schafe hergestellt und zeichnet sich durch seine feste Textur, sein intensives Aroma und einen Geschmack aus, der milchige Noten mit einer perfekten Note von Reife verbindet. <\/p>\n<h4><strong>Warum Flor Esgueva w\u00e4hlen<\/strong><\/h4>\n<ul>\n<li><strong>Rohe Schafsmilch<\/strong>: Authentischer Geschmack und nat\u00fcrliche Eigenschaften intakt.<\/li>\n<li><strong>Traditionelle Reifung<\/strong>: In Kellern gereift f\u00fcr ein einzigartiges Geschmacksprofil.<\/li>\n<li><strong>Ideale Gr\u00f6\u00dfe<\/strong>: Perfekt zum Teilen oder Genie\u00dfen in verschiedenen Rezepten.<\/li>\n<\/ul>\n","protected":false},"excerpt":{"rendered":"<p>Schafsrohmilchk\u00e4se - Flor Esgueva - 1 kg Der Schafsrohmilchk\u00e4se - Flor Esgueva- ist ein Ma\u00dfstab f\u00fcr spanische Handwerksk\u00e4se. Er wird aus Rohmilch ausgew\u00e4hlter Schafe hergestellt und zeichnet sich durch seine feste Textur, sein intensives Aroma und einen Geschmack aus, der milchige Noten mit einer perfekten Note von Reife verbindet. Warum Flor Esgueva w\u00e4hlen Rohe Schafsmilch: [&hellip;]<\/p>\n","protected":false},"featured_media":15561,"template":"","meta":{"_et_pb_use_builder":"","_et_pb_old_content":"","_et_gb_content_width":""},"product_brand":[],"product_cat":[2288],"product_tag":[],"class_list":{"0":"post-20028","1":"product","2":"type-product","3":"status-publish","4":"has-post-thumbnail","6":"product_cat-kase-und-wurst","8":"first","9":"outofstock","10":"taxable","11":"shipping-taxable","12":"product-type-variable"},"_links":{"self":[{"href":"https:\/\/myspainfood.com\/de\/wp-json\/wp\/v2\/product\/20028","targetHints":{"allow":["GET"]}}],"collection":[{"href":"https:\/\/myspainfood.com\/de\/wp-json\/wp\/v2\/product"}],"about":[{"href":"https:\/\/myspainfood.com\/de\/wp-json\/wp\/v2\/types\/product"}],"wp:featuredmedia":[{"embeddable":true,"href":"https:\/\/myspainfood.com\/de\/wp-json\/wp\/v2\/media\/15561"}],"wp:attachment":[{"href":"https:\/\/myspainfood.com\/de\/wp-json\/wp\/v2\/media?parent=20028"}],"wp:term":[{"taxonomy":"product_brand","embeddable":true,"href":"https:\/\/myspainfood.com\/de\/wp-json\/wp\/v2\/product_brand?post=20028"},{"taxonomy":"product_cat","embeddable":true,"href":"https:\/\/myspainfood.com\/de\/wp-json\/wp\/v2\/product_cat?post=20028"},{"taxonomy":"product_tag","embeddable":true,"href":"https:\/\/myspainfood.com\/de\/wp-json\/wp\/v2\/product_tag?post=20028"}],"curies":[{"name":"wp","href":"https:\/\/api.w.org\/{rel}","templated":true}]}}