{"id":20288,"date":"2025-04-10T12:10:56","date_gmt":"2025-04-10T10:10:56","guid":{"rendered":"https:\/\/myspainfood.com\/producto\/olive-sabrosita-aguedo-2-kg-nettogewicht\/"},"modified":"2025-04-10T12:10:56","modified_gmt":"2025-04-10T10:10:56","slug":"olive-sabrosita-aguedo-2-kg-nettogewicht","status":"publish","type":"product","link":"https:\/\/myspainfood.com\/de\/producto\/olive-sabrosita-aguedo-2-kg-nettogewicht\/","title":{"rendered":"Olive Sabrosita Aguedo 2 kg Nettogewicht"},"content":{"rendered":"<p>Bei ACEITUNAS AGUEDO garantieren wir die Exzellenz unserer Produkte, indem wir Tradition und neue Technologien verbinden. Wir bieten die Professionalit\u00e4t eines Familienunternehmens, das sich in st\u00e4ndigem Wachstum befindet und die Zufriedenheit unserer Kunden zu unserem einzigen Ziel macht. <\/p>\n<p>Wir \u00fcberwachen alle Produktionsprozesse von Anfang bis Ende. Nur so k\u00f6nnen wir MAXIMALE Produkte erzielen.<\/p>\n","protected":false},"excerpt":{"rendered":"<p>Bei ACEITUNAS AGUEDO garantieren wir die Exzellenz unserer Produkte, indem wir Tradition und neue Technologien verbinden. Wir bieten die Professionalit\u00e4t eines Familienunternehmens, das sich in st\u00e4ndigem Wachstum befindet und die Zufriedenheit unserer Kunden zu unserem einzigen Ziel macht. Wir \u00fcberwachen alle Produktionsprozesse von Anfang bis Ende. Nur so k\u00f6nnen wir MAXIMALE Produkte erzielen.<\/p>\n","protected":false},"featured_media":13302,"template":"","meta":{"_et_pb_use_builder":"","_et_pb_old_content":"","_et_gb_content_width":""},"product_brand":[1397],"product_cat":[1597,1633],"product_tag":[2045],"class_list":{"0":"post-20288","1":"product","2":"type-product","3":"status-publish","4":"has-post-thumbnail","6":"product_brand-aguedo","7":"product_cat-essiggurken","8":"product_cat-oliven-de","9":"product_tag-kamille-de","11":"first","12":"outofstock","13":"taxable","14":"shipping-taxable","15":"purchasable","16":"product-type-simple"},"_links":{"self":[{"href":"https:\/\/myspainfood.com\/de\/wp-json\/wp\/v2\/product\/20288","targetHints":{"allow":["GET"]}}],"collection":[{"href":"https:\/\/myspainfood.com\/de\/wp-json\/wp\/v2\/product"}],"about":[{"href":"https:\/\/myspainfood.com\/de\/wp-json\/wp\/v2\/types\/product"}],"wp:featuredmedia":[{"embeddable":true,"href":"https:\/\/myspainfood.com\/de\/wp-json\/wp\/v2\/media\/13302"}],"wp:attachment":[{"href":"https:\/\/myspainfood.com\/de\/wp-json\/wp\/v2\/media?parent=20288"}],"wp:term":[{"taxonomy":"product_brand","embeddable":true,"href":"https:\/\/myspainfood.com\/de\/wp-json\/wp\/v2\/product_brand?post=20288"},{"taxonomy":"product_cat","embeddable":true,"href":"https:\/\/myspainfood.com\/de\/wp-json\/wp\/v2\/product_cat?post=20288"},{"taxonomy":"product_tag","embeddable":true,"href":"https:\/\/myspainfood.com\/de\/wp-json\/wp\/v2\/product_tag?post=20288"}],"curies":[{"name":"wp","href":"https:\/\/api.w.org\/{rel}","templated":true}]}}