{"id":20427,"date":"2025-04-10T12:11:01","date_gmt":"2025-04-10T10:11:01","guid":{"rendered":"https:\/\/myspainfood.com\/producto\/campo-real-oliven-45-kg-10-wuerfel\/"},"modified":"2025-04-10T12:11:01","modified_gmt":"2025-04-10T10:11:01","slug":"campo-real-oliven-45-kg-10-wuerfel","status":"publish","type":"product","link":"https:\/\/myspainfood.com\/de\/producto\/campo-real-oliven-45-kg-10-wuerfel\/","title":{"rendered":"Campo Real Oliven 4,5 kg 10 W\u00fcrfel"},"content":{"rendered":"<p>Wenn die Gemeinde Campo Real f\u00fcr etwas bekannt ist, dann f\u00fcr ihre ber\u00fchmten Campo Real Oliven 4,5 kg.<\/p>\n<p>Das Geheimnis seiner Oliven, die zu den Sorten Manzanilla de Campo Real und Cacere\u00f1a geh\u00f6ren, liegt in den jahrhundertealten Olivenb\u00e4umen, von denen sie stammen, in der Erfahrung der Olivenbauern und in der W\u00fcrze der Oliven.<\/p>\n<p>Diese <a href=\"https:\/\/www.google.com\/search?q=revuelto+aceitunas+s%C3%A1ngar&amp;sxsrf=APq-WBt1wkTZta0IAEDoueZPBxEuaY8Dtw:1644308614563&amp;source=lnms&amp;tbm=isch&amp;sa=X&amp;ved=2ahUKEwjouvz21u_1AhVV_rsIHacjBd0Q_AUoAXoECAEQAw&amp;biw=1577&amp;bih=780&amp;dpr=1\" target=\"_blank\" rel=\"noopener noreferrer nofollow\">Kombination<\/a> aus Oliven und Essiggurken sorgt f\u00fcr einen unschlagbaren Geschmack in Ihren Tapas oder Vorspeisen.<\/p>\n<p>Er ist eine sehr gesunde Erg\u00e4nzung zu unserer traditionellen, nahrhaften mediterranen Ern\u00e4hrung.<\/p>\n<p>In Spanien finden wir Oliven, Gurken, Almagro-Auberginen, Karotten, Zwiebeln, ganz traditionell Kapern, Knoblauch oder sogar eine Mischung daraus.<\/p>\n<p>Sie werden oft als Tapas zu Bier serviert (nicht zu Wein, da sie Essig enthalten).<\/p>\n<p>Essiggurken haben sich von einer uralten Technik zur Konservierung von Lebensmitteln auf der ganzen Welt zu einer der beliebtesten Tapas oder Vorspeisen in der spanischen Gastronomie entwickelt.<\/p>\n<h3><strong>Vorteile der Campo Real Olive 4,5 kg<\/strong><\/h3>\n<p>Kennen Sie die Vorteile von Campo Real Olives 4,5 kg und von eingelegten Oliven im Allgemeinen? Hier ist eine Liste mit den wichtigsten davon: <\/p>\n<ul>\n<li>Reich an Probiotika.<\/li>\n<li>Sie f\u00f6rdern die Verdauung.<\/li>\n<li>Sie st\u00e4rken das Immunsystem.<\/li>\n<li>Sie reduzieren den Hei\u00dfhunger auf Zucker.<\/li>\n<li>G\u00fcnstig f\u00fcr die Gallenblase.<\/li>\n<\/ul>\n<p>&nbsp;<\/p>\n<p>Wenn Sie Oliven oder eine andere Art von <a href=\"https:\/\/latiendadesami.com\/categoria-producto\/encurtidos\/\" rel=\"noopener noreferrer nofollow\" target=\"_blank\">eingelegten Lebensmitteln<\/a> kaufen m\u00f6chten, z\u00f6gern Sie nicht, einen Blick in unseren Online-Katalog zu werfen, um die gro\u00dfe Auswahl an <a href=\"https:\/\/latiendadesami.com\/categoria-producto\/encurtidos\/aceitunas\/\" target=\"_blank\" rel=\"noopener noreferrer nofollow\">Oliven<\/a> zu sehen, die wir anbieten.<\/p>\n<p>Schreiben Sie uns f\u00fcr weitere Informationen.<\/p>\n","protected":false},"excerpt":{"rendered":"<p>Wenn die Gemeinde Campo Real f\u00fcr etwas bekannt ist, dann f\u00fcr ihre ber\u00fchmten Campo Real Oliven 4,5 kg. Das Geheimnis seiner Oliven, die zu den Sorten Manzanilla de Campo Real und Cacere\u00f1a geh\u00f6ren, liegt in den jahrhundertealten Olivenb\u00e4umen, von denen sie stammen, in der Erfahrung der Olivenbauern und in der W\u00fcrze der Oliven. Diese Kombination [&hellip;]<\/p>\n","protected":false},"featured_media":9783,"template":"","meta":{"_et_pb_use_builder":"","_et_pb_old_content":"","_et_gb_content_width":""},"product_brand":[1069],"product_cat":[3123,2968],"product_tag":[3125],"class_list":{"0":"post-20427","1":"product","2":"type-product","3":"status-publish","4":"has-post-thumbnail","6":"product_brand-sangar","7":"product_cat-essiggurken-de","8":"product_cat-groshandel","9":"product_tag-campo-real-de","10":"product_shipping_class-kalter-versand","12":"first","13":"instock","14":"taxable","15":"shipping-taxable","16":"product-type-variable"},"_links":{"self":[{"href":"https:\/\/myspainfood.com\/de\/wp-json\/wp\/v2\/product\/20427","targetHints":{"allow":["GET"]}}],"collection":[{"href":"https:\/\/myspainfood.com\/de\/wp-json\/wp\/v2\/product"}],"about":[{"href":"https:\/\/myspainfood.com\/de\/wp-json\/wp\/v2\/types\/product"}],"wp:featuredmedia":[{"embeddable":true,"href":"https:\/\/myspainfood.com\/de\/wp-json\/wp\/v2\/media\/9783"}],"wp:attachment":[{"href":"https:\/\/myspainfood.com\/de\/wp-json\/wp\/v2\/media?parent=20427"}],"wp:term":[{"taxonomy":"product_brand","embeddable":true,"href":"https:\/\/myspainfood.com\/de\/wp-json\/wp\/v2\/product_brand?post=20427"},{"taxonomy":"product_cat","embeddable":true,"href":"https:\/\/myspainfood.com\/de\/wp-json\/wp\/v2\/product_cat?post=20427"},{"taxonomy":"product_tag","embeddable":true,"href":"https:\/\/myspainfood.com\/de\/wp-json\/wp\/v2\/product_tag?post=20427"}],"curies":[{"name":"wp","href":"https:\/\/api.w.org\/{rel}","templated":true}]}}