{"id":20621,"date":"2025-04-10T12:11:04","date_gmt":"2025-04-10T10:11:04","guid":{"rendered":"https:\/\/myspainfood.com\/producto\/iberische-schweinelende-iberische-rasse-fili-500-gramm-ca\/"},"modified":"2025-06-24T13:18:39","modified_gmt":"2025-06-24T11:18:39","slug":"iberische-schweinelende-iberische-rasse-fili-500-gramm-ca","status":"publish","type":"product","link":"https:\/\/myspainfood.com\/de\/producto\/iberische-schweinelende-iberische-rasse-fili-500-gramm-ca\/","title":{"rendered":"Iberische Schweinelende Iberische Rasse FILI 500 Gramm ca."},"content":{"rendered":"<p>Traditionelles Produkt von h\u00f6chster Qualit\u00e4t aus einer Auswahl des besten iberischen Magerfleischs, zubereitet mit nat\u00fcrlichen Gew\u00fcrzen.<\/p>\n","protected":false},"excerpt":{"rendered":"<p>Traditionelles Produkt von h\u00f6chster Qualit\u00e4t aus einer Auswahl des besten iberischen Magerfleischs, zubereitet mit nat\u00fcrlichen Gew\u00fcrzen.<\/p>\n","protected":false},"featured_media":13428,"template":"","meta":{"_et_pb_use_builder":"","_et_pb_old_content":"","_et_gb_content_width":""},"product_brand":[],"product_cat":[1856,2288,2289],"product_tag":[],"class_list":{"0":"post-20621","1":"product","2":"type-product","3":"status-publish","4":"has-post-thumbnail","6":"product_cat-kalt","7":"product_cat-kase-und-wurst","8":"product_cat-wurst","9":"product_shipping_class-kalter-versand","11":"first","12":"outofstock","13":"taxable","14":"shipping-taxable","15":"purchasable","16":"product-type-simple"},"_links":{"self":[{"href":"https:\/\/myspainfood.com\/de\/wp-json\/wp\/v2\/product\/20621","targetHints":{"allow":["GET"]}}],"collection":[{"href":"https:\/\/myspainfood.com\/de\/wp-json\/wp\/v2\/product"}],"about":[{"href":"https:\/\/myspainfood.com\/de\/wp-json\/wp\/v2\/types\/product"}],"wp:featuredmedia":[{"embeddable":true,"href":"https:\/\/myspainfood.com\/de\/wp-json\/wp\/v2\/media\/13428"}],"wp:attachment":[{"href":"https:\/\/myspainfood.com\/de\/wp-json\/wp\/v2\/media?parent=20621"}],"wp:term":[{"taxonomy":"product_brand","embeddable":true,"href":"https:\/\/myspainfood.com\/de\/wp-json\/wp\/v2\/product_brand?post=20621"},{"taxonomy":"product_cat","embeddable":true,"href":"https:\/\/myspainfood.com\/de\/wp-json\/wp\/v2\/product_cat?post=20621"},{"taxonomy":"product_tag","embeddable":true,"href":"https:\/\/myspainfood.com\/de\/wp-json\/wp\/v2\/product_tag?post=20621"}],"curies":[{"name":"wp","href":"https:\/\/api.w.org\/{rel}","templated":true}]}}