{"id":21327,"date":"2025-04-10T12:10:23","date_gmt":"2025-04-10T10:10:23","guid":{"rendered":"https:\/\/myspainfood.com\/producto\/piquillo-paprika-salat-15-kg\/"},"modified":"2025-04-10T12:10:23","modified_gmt":"2025-04-10T10:10:23","slug":"piquillo-paprika-salat-15-kg","status":"publish","type":"product","link":"https:\/\/myspainfood.com\/de\/producto\/piquillo-paprika-salat-15-kg\/","title":{"rendered":"Piquillo Paprika Salat 1,5 kg"},"content":{"rendered":"<p>Der Piquillo-Paprika-Salat von <a href=\"https:\/\/www.alsurvegetales.com\/producto\/id\/35\/pimiento-del-piquillo\" target=\"_blank\" rel=\"noopener noreferrer nofollow\">Alsur<\/a> wird mit einer s\u00fc\u00dfen Paprika aus der Dose zubereitet.<\/p>\n<p>Der Pfeffer ist bekannt f\u00fcr seine hohe Qualit\u00e4t und seinen ganz besonderen Geschmack mit einem Hauch von Sch\u00e4rfe.<\/p>\n<p>Sie zeichnen sich auch durch ihre intensive rote Farbe, ihre einzigartige Textur, ihre Gr\u00f6\u00dfe und ihre besondere l\u00e4ngliche Dreiecksform aus.<\/p>\n<p>Zutaten: Piquillo-Paprika, Zwiebel, Wasser, Zucker, Salz, Essig und Zitronens\u00e4ure.<\/p>\n<p>Der Topf hat ein Nettogewicht von 410 Gramm.<\/p>\n<p>An einem k\u00fchlen, trockenen Ort aufbewahren. Nach dem \u00d6ffnen in einen nicht-metallischen Beh\u00e4lter umf\u00fcllen, im K\u00fchlschrank aufbewahren und innerhalb von 7 Tagen verbrauchen. <\/p>\n<p>Alsur ist ein Familienunternehmen, in dem die Essenz des Essens die Hauptrolle spielt.<\/p>\n<h4>Die wichtigsten Vorteile von Dosenfutter<\/h4>\n<ol>\n<li>Sie bewahren alle ern\u00e4hrungsphysiologischen Eigenschaften der Lebensmittel selbst. Die Lebensmittel bewahren ihre Frische. <\/li>\n<li>Die verwendeten Lebensmittel sind gesund und eignen sich aufgrund ihres hohen Vitamin- und Proteingehalts f\u00fcr eine optimale Ern\u00e4hrung.<\/li>\n<li>Diese Produkte haben eine l\u00e4ngere Lebensdauer (typisch sind 2-5 Jahre).<\/li>\n<li>Die Konserven sind sehr einfach zu lagern, da ihre Verpackung leicht zu handhaben ist.<\/li>\n<\/ol>\n<p>Wenn Sie Paprikasalat mit Thunfisch oder eine andere Art von <a href=\"https:\/\/latiendadesami.com\/categoria-producto\/conservas\/\" rel=\"noopener noreferrer nofollow\" target=\"_blank\">Konserven<\/a> kaufen m\u00f6chten, z\u00f6gern Sie nicht, einen Blick in unseren Online-Katalog zu werfen, um die gro\u00dfe Auswahl an <a href=\"https:\/\/latiendadesami.com\/categoria-producto\/conservas\/atun-y-bonito\/\" target=\"_blank\" rel=\"noopener noreferrer nofollow\">Thunfisch<\/a> zu sehen, die wir haben.<\/p>\n<p>Schreiben Sie uns f\u00fcr weitere Informationen.<\/p>\n","protected":false},"excerpt":{"rendered":"<p>Der Piquillo-Paprika-Salat von Alsur wird mit einer s\u00fc\u00dfen Paprika aus der Dose zubereitet. Der Pfeffer ist bekannt f\u00fcr seine hohe Qualit\u00e4t und seinen ganz besonderen Geschmack mit einem Hauch von Sch\u00e4rfe. Sie zeichnen sich auch durch ihre intensive rote Farbe, ihre einzigartige Textur, ihre Gr\u00f6\u00dfe und ihre besondere l\u00e4ngliche Dreiecksform aus. Zutaten: Piquillo-Paprika, Zwiebel, Wasser, [&hellip;]<\/p>\n","protected":false},"featured_media":12717,"template":"","meta":{"_et_pb_use_builder":"","_et_pb_old_content":"","_et_gb_content_width":""},"product_brand":[1196],"product_cat":[3726,1948,2359],"product_tag":[],"class_list":{"0":"post-21327","1":"product","2":"type-product","3":"status-publish","4":"has-post-thumbnail","6":"product_brand-alsur","7":"product_cat-gemuse","8":"product_cat-konserven","9":"product_cat-paprika-de","11":"first","12":"outofstock","13":"taxable","14":"shipping-taxable","15":"purchasable","16":"product-type-simple"},"_links":{"self":[{"href":"https:\/\/myspainfood.com\/de\/wp-json\/wp\/v2\/product\/21327","targetHints":{"allow":["GET"]}}],"collection":[{"href":"https:\/\/myspainfood.com\/de\/wp-json\/wp\/v2\/product"}],"about":[{"href":"https:\/\/myspainfood.com\/de\/wp-json\/wp\/v2\/types\/product"}],"wp:featuredmedia":[{"embeddable":true,"href":"https:\/\/myspainfood.com\/de\/wp-json\/wp\/v2\/media\/12717"}],"wp:attachment":[{"href":"https:\/\/myspainfood.com\/de\/wp-json\/wp\/v2\/media?parent=21327"}],"wp:term":[{"taxonomy":"product_brand","embeddable":true,"href":"https:\/\/myspainfood.com\/de\/wp-json\/wp\/v2\/product_brand?post=21327"},{"taxonomy":"product_cat","embeddable":true,"href":"https:\/\/myspainfood.com\/de\/wp-json\/wp\/v2\/product_cat?post=21327"},{"taxonomy":"product_tag","embeddable":true,"href":"https:\/\/myspainfood.com\/de\/wp-json\/wp\/v2\/product_tag?post=21327"}],"curies":[{"name":"wp","href":"https:\/\/api.w.org\/{rel}","templated":true}]}}