{"id":21506,"date":"2025-04-10T12:10:29","date_gmt":"2025-04-10T10:10:29","guid":{"rendered":"https:\/\/myspainfood.com\/producto\/stuecke-thunfischbauch-areoso-120gr-250-stueck\/"},"modified":"2025-04-10T12:10:29","modified_gmt":"2025-04-10T10:10:29","slug":"stuecke-thunfischbauch-areoso-120gr-250-stueck","status":"publish","type":"product","link":"https:\/\/myspainfood.com\/de\/producto\/stuecke-thunfischbauch-areoso-120gr-250-stueck\/","title":{"rendered":"St\u00fccke Thunfischbauch Areoso 120gr 250 St\u00fcck"},"content":{"rendered":"<p>Spezifikationen: Bauchfleisch vom Gelbflossenthun (Thunnus albacares) in Sonnenblumen\u00f6l.<\/p>\n<p>Zutaten: Gelbflossen-Thunfischbauch 65,2%, Sonnenblumen\u00f6l 34,8%, Salz, Salz.<\/p>\n<p>Herstellungsverfahren: Der Bauchbereich des Gelbflossenthunfischs ist einer der am meisten gesch\u00e4tzten Bereiche f\u00fcr seinen gro\u00dfartigen Geschmack und seine weiche Textur. Die Bauchst\u00fccke des Thunfischs kommen in der Fabrik an und werden auf ganz traditionelle Weise verarbeitet. Nach dem Kochen werden sie ges\u00e4ubert und manuell in d\u00fcnne, gleichm\u00e4\u00dfig gro\u00dfe Scheiben geschnitten. Sie werden in Dosen verpackt und mit Oliven\u00f6l bedeckt, das zweifellos den vollen Geschmack dieses hochgesch\u00e4tzten Produkts hervorhebt. Die Dosen werden dann versiegelt und sterilisiert, ein streng kontrollierter Prozess, der die Qualit\u00e4t und die Haltbarkeit des Produkts \u00fcber Jahre hinweg ohne den Zusatz von k\u00fcnstlichen Konservierungsstoffen garantiert.    <\/p>\n<p>Schreiben Sie uns f\u00fcr weitere Informationen.<\/p>\n","protected":false},"excerpt":{"rendered":"<p>Spezifikationen: Bauchfleisch vom Gelbflossenthun (Thunnus albacares) in Sonnenblumen\u00f6l. Zutaten: Gelbflossen-Thunfischbauch 65,2%, Sonnenblumen\u00f6l 34,8%, Salz, Salz. Herstellungsverfahren: Der Bauchbereich des Gelbflossenthunfischs ist einer der am meisten gesch\u00e4tzten Bereiche f\u00fcr seinen gro\u00dfartigen Geschmack und seine weiche Textur. Die Bauchst\u00fccke des Thunfischs kommen in der Fabrik an und werden auf ganz traditionelle Weise verarbeitet. Nach dem Kochen werden [&hellip;]<\/p>\n","protected":false},"featured_media":12843,"template":"","meta":{"_et_pb_use_builder":"","_et_pb_old_content":"","_et_gb_content_width":""},"product_brand":[1358],"product_cat":[2968,3281],"product_tag":[],"class_list":{"0":"post-21506","1":"product","2":"type-product","3":"status-publish","4":"has-post-thumbnail","6":"product_brand-areoso","7":"product_cat-groshandel","8":"product_cat-konserven-de-2","10":"first","11":"outofstock","12":"taxable","13":"shipping-taxable","14":"product-type-variable"},"_links":{"self":[{"href":"https:\/\/myspainfood.com\/de\/wp-json\/wp\/v2\/product\/21506","targetHints":{"allow":["GET"]}}],"collection":[{"href":"https:\/\/myspainfood.com\/de\/wp-json\/wp\/v2\/product"}],"about":[{"href":"https:\/\/myspainfood.com\/de\/wp-json\/wp\/v2\/types\/product"}],"wp:featuredmedia":[{"embeddable":true,"href":"https:\/\/myspainfood.com\/de\/wp-json\/wp\/v2\/media\/12843"}],"wp:attachment":[{"href":"https:\/\/myspainfood.com\/de\/wp-json\/wp\/v2\/media?parent=21506"}],"wp:term":[{"taxonomy":"product_brand","embeddable":true,"href":"https:\/\/myspainfood.com\/de\/wp-json\/wp\/v2\/product_brand?post=21506"},{"taxonomy":"product_cat","embeddable":true,"href":"https:\/\/myspainfood.com\/de\/wp-json\/wp\/v2\/product_cat?post=21506"},{"taxonomy":"product_tag","embeddable":true,"href":"https:\/\/myspainfood.com\/de\/wp-json\/wp\/v2\/product_tag?post=21506"}],"curies":[{"name":"wp","href":"https:\/\/api.w.org\/{rel}","templated":true}]}}