{"id":21650,"date":"2025-04-10T12:10:34","date_gmt":"2025-04-10T10:10:34","guid":{"rendered":"https:\/\/myspainfood.com\/producto\/iberischer-salchichon-extra-fili-500-gramm-salamanca\/"},"modified":"2026-01-29T11:12:42","modified_gmt":"2026-01-29T10:12:42","slug":"iberischer-salchichon-extra-fili-500-gramm-salamanca","status":"publish","type":"product","link":"https:\/\/myspainfood.com\/de\/producto\/iberischer-salchichon-extra-fili-500-gramm-salamanca\/","title":{"rendered":"Iberischer Salchich\u00f3n extra Fili 500 Gramm Salamanca"},"content":{"rendered":"<p>Traditionelles Produkt von h\u00f6chster Qualit\u00e4t aus einer Auswahl des besten iberischen Magerfleischs, zubereitet mit nat\u00fcrlichen Gew\u00fcrzen.<\/p>\n","protected":false},"excerpt":{"rendered":"<p>Traditionelles Produkt von h\u00f6chster Qualit\u00e4t aus einer Auswahl des besten iberischen Magerfleischs, zubereitet mit nat\u00fcrlichen Gew\u00fcrzen.<\/p>\n","protected":false},"featured_media":13068,"template":"","meta":{"_et_pb_use_builder":"","_et_pb_old_content":"","_et_gb_content_width":""},"product_brand":[1388],"product_cat":[1856,2288,2289],"product_tag":[],"class_list":{"0":"post-21650","1":"product","2":"type-product","3":"status-publish","4":"has-post-thumbnail","6":"product_brand-fili","7":"product_cat-kalt","8":"product_cat-kase-und-wurst","9":"product_cat-wurst","10":"product_shipping_class-kalter-versand","12":"first","13":"instock","14":"taxable","15":"shipping-taxable","16":"purchasable","17":"product-type-variable"},"_links":{"self":[{"href":"https:\/\/myspainfood.com\/de\/wp-json\/wp\/v2\/product\/21650","targetHints":{"allow":["GET"]}}],"collection":[{"href":"https:\/\/myspainfood.com\/de\/wp-json\/wp\/v2\/product"}],"about":[{"href":"https:\/\/myspainfood.com\/de\/wp-json\/wp\/v2\/types\/product"}],"wp:featuredmedia":[{"embeddable":true,"href":"https:\/\/myspainfood.com\/de\/wp-json\/wp\/v2\/media\/13068"}],"wp:attachment":[{"href":"https:\/\/myspainfood.com\/de\/wp-json\/wp\/v2\/media?parent=21650"}],"wp:term":[{"taxonomy":"product_brand","embeddable":true,"href":"https:\/\/myspainfood.com\/de\/wp-json\/wp\/v2\/product_brand?post=21650"},{"taxonomy":"product_cat","embeddable":true,"href":"https:\/\/myspainfood.com\/de\/wp-json\/wp\/v2\/product_cat?post=21650"},{"taxonomy":"product_tag","embeddable":true,"href":"https:\/\/myspainfood.com\/de\/wp-json\/wp\/v2\/product_tag?post=21650"}],"curies":[{"name":"wp","href":"https:\/\/api.w.org\/{rel}","templated":true}]}}