{"id":21766,"date":"2025-04-10T12:10:34","date_gmt":"2025-04-10T10:10:34","guid":{"rendered":"https:\/\/myspainfood.com\/producto\/sardinilla-25-35-areoso-in-olivenoel-120gr\/"},"modified":"2025-04-10T12:10:34","modified_gmt":"2025-04-10T10:10:34","slug":"sardinilla-25-35-areoso-in-olivenoel-120gr","status":"publish","type":"product","link":"https:\/\/myspainfood.com\/de\/producto\/sardinilla-25-35-areoso-in-olivenoel-120gr\/","title":{"rendered":"Sardinilla 25\/35 Areoso in Oliven\u00f6l 120gr"},"content":{"rendered":"<p>Produkt: Sardinen in Oliven\u00f6l 25\/35 St\u00fcck<\/p>\n<p>Spezifikationen: Kleine Sardine (Sardina pilchardus) aus den galicischen Rias, von gleichm\u00e4\u00dfiger Gr\u00f6\u00dfe in Oliven\u00f6l. Handverlesen in jeder Dose. <\/p>\n<p>Zutaten: Sardinen 73%, Oliven\u00f6l 27% und Salz.<\/p>\n<p>Produktionsprozess: Obwohl es sich bei der Sardine um einen Fisch handelt, ist sie ein anspruchsvolles Produkt mit einem recht arbeitsintensiven Produktionsprozess. Bei der Ankunft in der Fabrik werden die Sardinen sorgf\u00e4ltig von ihren K\u00f6pfen befreit und ausgenommen, damit sie nicht zerbrechen und ihr Aussehen nicht beeintr\u00e4chtigt wird. Die Sardinen werden dann auf Gitterroste gelegt, \u00fcberfahren und in Salzlake (Wasser und Salz) getaucht, um ihnen Geschmack und Festigkeit zu verleihen. Anschlie\u00dfend werden sie traditionell ger\u00f6stet und von Hand in jede Dose verpackt. Nach dem Auftragen der Oliven\u00f6lschicht werden die Dosen versiegelt und sterilisiert, ein streng kontrollierter Prozess, der die Konservierung und Qualit\u00e4t des Produkts \u00fcber Jahre hinweg garantiert, ohne dass Konservierungsmittel oder k\u00fcnstliche Zusatzstoffe hinzugef\u00fcgt werden m\u00fcssen. Danach sind die Dosen bereit f\u00fcr die Lagerung und Weiterverarbeitung.     <\/p>\n","protected":false},"excerpt":{"rendered":"<p>Produkt: Sardinen in Oliven\u00f6l 25\/35 St\u00fcck Spezifikationen: Kleine Sardine (Sardina pilchardus) aus den galicischen Rias, von gleichm\u00e4\u00dfiger Gr\u00f6\u00dfe in Oliven\u00f6l. Handverlesen in jeder Dose. Zutaten: Sardinen 73%, Oliven\u00f6l 27% und Salz. Produktionsprozess: Obwohl es sich bei der Sardine um einen Fisch handelt, ist sie ein anspruchsvolles Produkt mit einem recht arbeitsintensiven Produktionsprozess. Bei der Ankunft [&hellip;]<\/p>\n","protected":false},"featured_media":12933,"template":"","meta":{"_et_pb_use_builder":"","_et_pb_old_content":"","_et_gb_content_width":""},"product_brand":[1358],"product_cat":[1948,3772],"product_tag":[],"class_list":{"0":"post-21766","1":"product","2":"type-product","3":"status-publish","4":"has-post-thumbnail","6":"product_brand-areoso","7":"product_cat-konserven","8":"product_cat-sardinillas-de","10":"first","11":"outofstock","12":"taxable","13":"shipping-taxable","14":"product-type-variable"},"_links":{"self":[{"href":"https:\/\/myspainfood.com\/de\/wp-json\/wp\/v2\/product\/21766","targetHints":{"allow":["GET"]}}],"collection":[{"href":"https:\/\/myspainfood.com\/de\/wp-json\/wp\/v2\/product"}],"about":[{"href":"https:\/\/myspainfood.com\/de\/wp-json\/wp\/v2\/types\/product"}],"wp:featuredmedia":[{"embeddable":true,"href":"https:\/\/myspainfood.com\/de\/wp-json\/wp\/v2\/media\/12933"}],"wp:attachment":[{"href":"https:\/\/myspainfood.com\/de\/wp-json\/wp\/v2\/media?parent=21766"}],"wp:term":[{"taxonomy":"product_brand","embeddable":true,"href":"https:\/\/myspainfood.com\/de\/wp-json\/wp\/v2\/product_brand?post=21766"},{"taxonomy":"product_cat","embeddable":true,"href":"https:\/\/myspainfood.com\/de\/wp-json\/wp\/v2\/product_cat?post=21766"},{"taxonomy":"product_tag","embeddable":true,"href":"https:\/\/myspainfood.com\/de\/wp-json\/wp\/v2\/product_tag?post=21766"}],"curies":[{"name":"wp","href":"https:\/\/api.w.org\/{rel}","templated":true}]}}