{"id":22273,"date":"2025-04-10T12:05:32","date_gmt":"2025-04-10T10:05:32","guid":{"rendered":"https:\/\/myspainfood.com\/producto\/baskische-chilischote\/"},"modified":"2025-04-10T12:05:32","modified_gmt":"2025-04-10T10:05:32","slug":"baskische-chilischote","status":"publish","type":"product","link":"https:\/\/myspainfood.com\/de\/producto\/baskische-chilischote\/","title":{"rendered":"Baskische Chilischote"},"content":{"rendered":"<p>Baskische Guindilla-Paprikaschoten in Essig geben unseren <a href=\"https:\/\/es.wikipedia.org\/wiki\/Guindilla_de_Ibarra\" target=\"_blank\" rel=\"noopener noreferrer nofollow\">Gerichten<\/a> die w\u00fcrzige Note, die sie zu etwas Besonderem macht.<\/p>\n<p>Dieses Produkt bringt den Gaumen zum Vibrieren und wird neben Eint\u00f6pfen oder Saucen mit viel Geschmack sehr gesch\u00e4tzt.<\/p>\n<p>Zu den vielen traditionellen Zutaten der baskischen K\u00fcche geh\u00f6rt die Chilischote Piparra.<\/p>\n<p>Eine ganz besondere Chili, da sie kaum brennt.<\/p>\n<p>Er passt sehr gut in alle Arten von Men\u00fcs und kommt auch bei denjenigen sehr gut an, die diesen Geschmack nicht besonders m\u00f6gen.<\/p>\n<p>Die baskischen Chilischoten in diesem Glas haben eine durchschnittliche Gr\u00f6\u00dfe von 7 bis 12 cm und werden mit Essig zubereitet.<\/p>\n<p>Eine unverf\u00e4lschte Note, mit der Piparras normalerweise serviert werden und die Ihnen mit jedem Bissen einen Schauer intensiven Geschmacks durch den K\u00f6rper jagen wird.<\/p>\n<p>Einige Eigenschaften des Perlhuhns:<\/p>\n<ul>\n<li>Senkt den Cholesterinspiegel.<\/li>\n<li>Stimuliert den Blutkreislauf und die Atemwege.<\/li>\n<li>Es wird angenommen, dass es helfen kann, \u00dcbergewicht zu reduzieren, indem es den Stoffwechsel beschleunigt.<\/li>\n<li>Einigen Studien zufolge sch\u00fctzt es den Magen, indem es ihn dazu bringt, mehr Schleim zu produzieren.<\/li>\n<\/ul>\n<p>Wenn Sie Oliven oder eine andere Art von <a href=\"https:\/\/latiendadesami.com\/categoria-producto\/encurtidos\/\" rel=\"noopener noreferrer nofollow\" target=\"_blank\">Essiggurken<\/a> kaufen m\u00f6chten, z\u00f6gern Sie nicht, einen Blick in unseren Online-Katalog zu werfen, um die gro\u00dfe Auswahl an <a href=\"https:\/\/latiendadesami.com\/categoria-producto\/encurtidos\/pepinillos\/\" target=\"_blank\" rel=\"noopener noreferrer nofollow\">Essiggurken<\/a> zu sehen, die wir anbieten.<\/p>\n","protected":false},"excerpt":{"rendered":"<p>&nbsp;<\/p>\n<p>&nbsp;<\/p>\n","protected":false},"featured_media":7526,"template":"","meta":{"_et_pb_use_builder":"","_et_pb_old_content":"","_et_gb_content_width":""},"product_brand":[1057],"product_cat":[4009,1597],"product_tag":[4010],"class_list":{"0":"post-22273","1":"product","2":"type-product","3":"status-publish","4":"has-post-thumbnail","6":"product_brand-la-encajera","7":"product_cat-chilischoten","8":"product_cat-essiggurken","9":"product_tag-baskisch","11":"first","12":"outofstock","13":"taxable","14":"shipping-taxable","15":"product-type-variable"},"_links":{"self":[{"href":"https:\/\/myspainfood.com\/de\/wp-json\/wp\/v2\/product\/22273","targetHints":{"allow":["GET"]}}],"collection":[{"href":"https:\/\/myspainfood.com\/de\/wp-json\/wp\/v2\/product"}],"about":[{"href":"https:\/\/myspainfood.com\/de\/wp-json\/wp\/v2\/types\/product"}],"wp:featuredmedia":[{"embeddable":true,"href":"https:\/\/myspainfood.com\/de\/wp-json\/wp\/v2\/media\/7526"}],"wp:attachment":[{"href":"https:\/\/myspainfood.com\/de\/wp-json\/wp\/v2\/media?parent=22273"}],"wp:term":[{"taxonomy":"product_brand","embeddable":true,"href":"https:\/\/myspainfood.com\/de\/wp-json\/wp\/v2\/product_brand?post=22273"},{"taxonomy":"product_cat","embeddable":true,"href":"https:\/\/myspainfood.com\/de\/wp-json\/wp\/v2\/product_cat?post=22273"},{"taxonomy":"product_tag","embeddable":true,"href":"https:\/\/myspainfood.com\/de\/wp-json\/wp\/v2\/product_tag?post=22273"}],"curies":[{"name":"wp","href":"https:\/\/api.w.org\/{rel}","templated":true}]}}